{"id":2105,"date":"2018-09-21T08:45:30","date_gmt":"2018-09-21T07:45:30","guid":{"rendered":"http:\/\/wordpress.nisuba.com\/?post_type=product&#038;p=2105"},"modified":"2025-02-04T22:33:52","modified_gmt":"2025-02-04T21:33:52","slug":"salida-de-aire","status":"publish","type":"product","link":"https:\/\/nisuba.com\/en\/product\/salida-de-aire\/","title":{"rendered":"Air vents"},"content":{"rendered":"<p>[:en]Price for a pair.<\/p>\n<p>Vents fabricated in 3d printer in pa12 material.<\/p>\n<p>Measures 274mm x 100mm x 20mm.<\/p>\n<p>The normal uses fot these vents are in the hood to reduce the engine bay pressure reducing the engine bay temperature and in the front fenders reducing the tyres and brakes temperature.<\/p>\n<p>\u00a0<\/p>\n<p>The plastic printed products are made under order. It\u2019s possible you receive the product in 10 days if it is not in stock.<\/p>\n<p>\u00a0<\/p>\n<p>Look here our 3d printer technology.<\/p>\n<p><span class=\"embed-youtube\" style=\"text-align:center; display: block;\"><iframe class=\"youtube-player\" width=\"800\" height=\"450\" src=\"https:\/\/www.youtube.com\/embed\/v5lyK8ijLjg?version=3&#038;rel=1&#038;showsearch=0&#038;showinfo=1&#038;iv_load_policy=1&#038;fs=1&#038;hl=en-GB&#038;autohide=2&#038;start=157&#038;wmode=transparent\" allowfullscreen=\"true\" style=\"border:0;\" sandbox=\"allow-scripts allow-same-origin allow-popups allow-presentation allow-popups-to-escape-sandbox\"><\/iframe><\/span><\/p>\n<p>\u00a0[:es](Precio por pareja)<\/p>\n<p>Salida de aire fabricada en impresi\u00f3n 3D en material pa12.<\/p>\n<p>Medidas totales 274mm x 100mm x 20mm.<\/p>\n<p>Es aplicable a cualquier superficie plana donde quieras sacar calor.<\/p>\n<p>Los usos m\u00e1s habituales son en cap\u00f3, para sacar el calor del vano motor, y en aletas delanteras, para sacar la acumulaci\u00f3n de calor que crean los neum\u00e1ticos y frenos de tu coche dentro del paso de rueda.<\/p>\n<p>\u00bfQuieres otras medidas? \u00a1Cont\u00e1ctanos!<\/p>\n<p>\u00a0<\/p>\n<p><em>Los productos de pl\u00e1stico fabricados por impresi\u00f3n 3D se hacen bajo pedido, por lo tanto, pueden tardar unos 10 d\u00edas laborables en llegar despu\u00e9s de la realizaci\u00f3n del pago.<\/em><\/p>\n<p>\u00a0<\/p>\n<p>Echa un vistazo a la tecnolog\u00eda que utilizamos para crear nuestras piezas en impresi\u00f3n 3D.<\/p>\n<p><span class=\"embed-youtube\" style=\"text-align:center; display: block;\"><iframe class=\"youtube-player\" width=\"800\" height=\"450\" src=\"https:\/\/www.youtube.com\/embed\/v5lyK8ijLjg?version=3&#038;rel=1&#038;showsearch=0&#038;showinfo=1&#038;iv_load_policy=1&#038;fs=1&#038;hl=en-GB&#038;autohide=2&#038;start=157&#038;wmode=transparent\" allowfullscreen=\"true\" style=\"border:0;\" sandbox=\"allow-scripts allow-same-origin allow-popups allow-presentation allow-popups-to-escape-sandbox\"><\/iframe><\/span><\/p>\n<p>\u00a0[:]<\/p>\n","protected":false},"excerpt":{"rendered":"<p>(Price for two units)<\/p>","protected":false},"featured_media":2153,"comment_status":"open","ping_status":"closed","template":"","meta":{"_acf_changed":false,"jetpack_post_was_ever_published":false,"_joinchat":[]},"product_brand":[],"product_cat":[434,309,311,482,310,400,308,420,312,165,313,963],"product_tag":[118,117],"class_list":{"0":"post-2105","1":"product","2":"type-product","3":"status-publish","4":"has-post-thumbnail","6":"product_cat-alfa-romeo","7":"product_cat-bmw","8":"product_cat-honda","9":"product_cat-lexus","10":"product_cat-mazda","11":"product_cat-mitsubishi","12":"product_cat-nissan","13":"product_cat-salidas-de-aire","14":"product_cat-subaru","15":"product_cat-todo","16":"product_cat-toyota","17":"product_cat-volvo-2","18":"product_tag-hood-vent","19":"product_tag-salida-de-aire","21":"first","22":"instock","23":"purchasable","24":"product-type-simple"},"acf":[],"jetpack_sharing_enabled":true,"_links":{"self":[{"href":"https:\/\/nisuba.com\/en\/wp-json\/wp\/v2\/product\/2105","targetHints":{"allow":["GET"]}}],"collection":[{"href":"https:\/\/nisuba.com\/en\/wp-json\/wp\/v2\/product"}],"about":[{"href":"https:\/\/nisuba.com\/en\/wp-json\/wp\/v2\/types\/product"}],"replies":[{"embeddable":true,"href":"https:\/\/nisuba.com\/en\/wp-json\/wp\/v2\/comments?post=2105"}],"wp:featuredmedia":[{"embeddable":true,"href":"https:\/\/nisuba.com\/en\/wp-json\/wp\/v2\/media\/2153"}],"wp:attachment":[{"href":"https:\/\/nisuba.com\/en\/wp-json\/wp\/v2\/media?parent=2105"}],"wp:term":[{"taxonomy":"product_brand","embeddable":true,"href":"https:\/\/nisuba.com\/en\/wp-json\/wp\/v2\/product_brand?post=2105"},{"taxonomy":"product_cat","embeddable":true,"href":"https:\/\/nisuba.com\/en\/wp-json\/wp\/v2\/product_cat?post=2105"},{"taxonomy":"product_tag","embeddable":true,"href":"https:\/\/nisuba.com\/en\/wp-json\/wp\/v2\/product_tag?post=2105"}],"curies":[{"name":"wp","href":"https:\/\/api.w.org\/{rel}","templated":true}]}}