{"id":2141,"date":"2018-10-18T15:24:40","date_gmt":"2018-10-18T14:24:40","guid":{"rendered":"http:\/\/wordpress.nisuba.com\/?post_type=product&#038;p=2141"},"modified":"2026-01-16T10:17:24","modified_gmt":"2026-01-16T09:17:24","slug":"entrada-de-aire-70-mm","status":"publish","type":"product","link":"https:\/\/nisuba.com\/en\/product\/entrada-de-aire-70-mm\/","title":{"rendered":"Air inlet 70 mm"},"content":{"rendered":"<p>(Precio por unidad)<\/p>\n<p>Entrada de aire circular de 70mm de di\u00e1metro fabricada en impresi\u00f3n 3D en material pa12.<\/p>\n<p>Los sitios m\u00e1s habituales donde se usan estas entradas es en el parachoques delantero para darle un extra de aire al radiador, intercooler, radiador de aceite, radiador de direcci\u00f3n asistida, entre otros.<br \/>\nOtra utilidad que se le puede dar es colocarlas en los extremos del parachoques delantero y acoplar una tuber\u00eda para llevar aire a los frenos delanteros.<\/p>\n<p>\u00bfNecesitas otra medida? \u00a1Cont\u00e1ctanos!<\/p>\n<p><em>Los productos de pl\u00e1stico fabricados por impresi\u00f3n 3D se hacen bajo pedido, por lo tanto, pueden llegar tardar unos 10 d\u00edas laborables en llegar despu\u00e9s de la realizaci\u00f3n del pago.<\/em>[:es](Precio por unidad)<\/p>\n<p>Entrada de aire circular de 70mm de di\u00e1metro fabricada en impresi\u00f3n 3D en material pa12.<\/p>\n<p>Los sitios m\u00e1s habituales donde se usan estas entradas es en el parachoques delantero para darle un extra de aire al radiador, intercooler, radiador de aceite, radiador de direcci\u00f3n asistida, entre otros.<br \/>\nOtra utilidad que se le puede dar es colocarlas en los extremos del parachoques delantero y acoplar una tuber\u00eda para llevar aire a los frenos delanteros.<\/p>\n<p>\u00bfNecesitas otra medida? \u00a1Cont\u00e1ctanos!<\/p>\n<p><em>Los productos de pl\u00e1stico fabricados por impresi\u00f3n 3D se hacen bajo pedido, por lo tanto, pueden tardar unos 10 d\u00edas laborables en llegar despu\u00e9s de la realizaci\u00f3n del pago.<\/em><\/p>\n","protected":false},"excerpt":{"rendered":"<p>(Precio por unidad) Entrada de aire circular de 70mm de di\u00e1metro fabricada en impresi\u00f3n 3D en material pa12. Los sitios m\u00e1s habituales donde se usan estas entradas es en el parachoques delantero para darle un extra de aire al radiador, intercooler, radiador de aceite, radiador de direcci\u00f3n asistida, entre otros. Otra utilidad que se le [&hellip;]<\/p>\n","protected":false},"featured_media":36665,"comment_status":"open","ping_status":"closed","template":"","meta":{"_acf_changed":false,"jetpack_post_was_ever_published":false,"_joinchat":[]},"product_brand":[],"product_cat":[422,434,309,311,482,310,400,308,312,165,313,963],"product_tag":[126,125,127],"class_list":{"0":"post-2141","1":"product","2":"type-product","3":"status-publish","4":"has-post-thumbnail","6":"product_cat-accesorios","7":"product_cat-alfa-romeo","8":"product_cat-bmw","9":"product_cat-honda","10":"product_cat-lexus","11":"product_cat-mazda","12":"product_cat-mitsubishi","13":"product_cat-nissan","14":"product_cat-subaru","15":"product_cat-todo","16":"product_cat-toyota","17":"product_cat-volvo-2","18":"product_tag-air-vent","19":"product_tag-entrada-de-aire","20":"product_tag-impresion-3d","22":"first","23":"instock","24":"purchasable","25":"product-type-simple"},"acf":[],"jetpack_sharing_enabled":true,"_links":{"self":[{"href":"https:\/\/nisuba.com\/en\/wp-json\/wp\/v2\/product\/2141","targetHints":{"allow":["GET"]}}],"collection":[{"href":"https:\/\/nisuba.com\/en\/wp-json\/wp\/v2\/product"}],"about":[{"href":"https:\/\/nisuba.com\/en\/wp-json\/wp\/v2\/types\/product"}],"replies":[{"embeddable":true,"href":"https:\/\/nisuba.com\/en\/wp-json\/wp\/v2\/comments?post=2141"}],"wp:featuredmedia":[{"embeddable":true,"href":"https:\/\/nisuba.com\/en\/wp-json\/wp\/v2\/media\/36665"}],"wp:attachment":[{"href":"https:\/\/nisuba.com\/en\/wp-json\/wp\/v2\/media?parent=2141"}],"wp:term":[{"taxonomy":"product_brand","embeddable":true,"href":"https:\/\/nisuba.com\/en\/wp-json\/wp\/v2\/product_brand?post=2141"},{"taxonomy":"product_cat","embeddable":true,"href":"https:\/\/nisuba.com\/en\/wp-json\/wp\/v2\/product_cat?post=2141"},{"taxonomy":"product_tag","embeddable":true,"href":"https:\/\/nisuba.com\/en\/wp-json\/wp\/v2\/product_tag?post=2141"}],"curies":[{"name":"wp","href":"https:\/\/api.w.org\/{rel}","templated":true}]}}