{"id":2477,"date":"2018-12-05T15:28:45","date_gmt":"2018-12-05T14:28:45","guid":{"rendered":"http:\/\/wordpress.nisuba.com\/?post_type=product&#038;p=2477"},"modified":"2026-01-16T10:22:23","modified_gmt":"2026-01-16T09:22:23","slug":"soporte-relojes-nissan-s13","status":"publish","type":"product","link":"https:\/\/nisuba.com\/en\/product\/soporte-relojes-nissan-s13\/","title":{"rendered":"Nissan s13 gauge pod \u2013 2 gauge"},"content":{"rendered":"<p>[:en]Gauge support for 2 gauges for Nissan s13, 180x, 200sx and 240sx.<\/p>\n<p>It is placed replacing the central aerators, it has a little orientation to the driver.<\/p>\n<p>For 52mm and 60mm gauges, you can select in the product options.<\/p>\n<p>The plastic printed products are made under order. It&#8217;s possible you receive the product in 10 days if it is not in stock.<\/p>\n<p>&nbsp;<\/p>\n<p>Installation video on YouTube!<\/p>\n<p>&nbsp;<\/p>\n<p>https:\/\/www.youtube.com\/watch?v=ymp5eOiRmck&amp;t=19s[:es]Soporte para 2 relojes de 52mm de di\u00e1metro para nissan s13 fabricado en impresi\u00f3n 3D en material pa12.<\/p>\n<p>Este soporte va colocado sustituyendo a los aireadores centrales del nissan s13.<\/p>\n<p>Para relojes de 52mm y 60mm de di\u00e1metro, a seleccionar en las opciones del producto.<\/p>\n<p><em>Los productos de pl\u00e1stico fabricados por impresi\u00f3n 3D se hacen bajo pedido, por lo tanto, pueden llegar tardar unos 10 d\u00edas laborables en llegar despu\u00e9s de la realizaci\u00f3n del pago.<\/em><\/p>\n<p>&nbsp;<\/p>\n<p>\u00a1V\u00eddeo de instalaci\u00f3n en YouTube!<\/p>\n<p><span class=\"embed-youtube\" style=\"text-align:center; display: block;\"><iframe class=\"youtube-player\" width=\"800\" height=\"450\" src=\"https:\/\/www.youtube.com\/embed\/ymp5eOiRmck?version=3&#038;rel=1&#038;showsearch=0&#038;showinfo=1&#038;iv_load_policy=1&#038;fs=1&#038;hl=en-GB&#038;autohide=2&#038;wmode=transparent\" allowfullscreen=\"true\" style=\"border:0;\" sandbox=\"allow-scripts allow-same-origin allow-popups allow-presentation allow-popups-to-escape-sandbox\"><\/iframe><\/span><\/p>\n","protected":false},"excerpt":{"rendered":"<p>[:en]Gauge support for 2 gauges for Nissan s13, 180x, 200sx and 240sx. It is placed replacing the central aerators, it has a little orientation to the driver. For 52mm and 60mm gauges, you can select in the product options. The plastic printed products are made under order. It&#8217;s possible you receive the product in 10 [&hellip;]<\/p>\n","protected":false},"featured_media":2478,"comment_status":"open","ping_status":"closed","template":"","meta":{"_acf_changed":false,"jetpack_post_was_ever_published":false,"_joinchat":[]},"product_brand":[],"product_cat":[308,421,165],"product_tag":[146,145,142,144,148,143],"class_list":{"0":"post-2477","1":"product","2":"type-product","3":"status-publish","4":"has-post-thumbnail","6":"product_cat-nissan","7":"product_cat-soportes-de-relojes","8":"product_cat-todo","9":"product_tag-gauge","10":"product_tag-gauge-support","11":"product_tag-nissan","12":"product_tag-nissan-s13","13":"product_tag-s13","14":"product_tag-soporte-relojes","15":"pa_lhd-o-rhd-lhd-volante-a-la-izquierda","16":"pa_lhd-o-rhd-rhd-volante-a-la-derecha","17":"pa_tamano-agujeros-mm-52-52","18":"pa_tamano-agujeros-mm-52-60","19":"pa_tamano-agujeros-mm-60-52","20":"pa_tamano-agujeros-mm-60-60","22":"first","23":"instock","24":"taxable","25":"shipping-taxable","26":"purchasable","27":"product-type-variable","28":"rtwpvs-product"},"acf":[],"jetpack_sharing_enabled":true,"_links":{"self":[{"href":"https:\/\/nisuba.com\/en\/wp-json\/wp\/v2\/product\/2477","targetHints":{"allow":["GET"]}}],"collection":[{"href":"https:\/\/nisuba.com\/en\/wp-json\/wp\/v2\/product"}],"about":[{"href":"https:\/\/nisuba.com\/en\/wp-json\/wp\/v2\/types\/product"}],"replies":[{"embeddable":true,"href":"https:\/\/nisuba.com\/en\/wp-json\/wp\/v2\/comments?post=2477"}],"wp:featuredmedia":[{"embeddable":true,"href":"https:\/\/nisuba.com\/en\/wp-json\/wp\/v2\/media\/2478"}],"wp:attachment":[{"href":"https:\/\/nisuba.com\/en\/wp-json\/wp\/v2\/media?parent=2477"}],"wp:term":[{"taxonomy":"product_brand","embeddable":true,"href":"https:\/\/nisuba.com\/en\/wp-json\/wp\/v2\/product_brand?post=2477"},{"taxonomy":"product_cat","embeddable":true,"href":"https:\/\/nisuba.com\/en\/wp-json\/wp\/v2\/product_cat?post=2477"},{"taxonomy":"product_tag","embeddable":true,"href":"https:\/\/nisuba.com\/en\/wp-json\/wp\/v2\/product_tag?post=2477"}],"curies":[{"name":"wp","href":"https:\/\/api.w.org\/{rel}","templated":true}]}}