{"id":2492,"date":"2018-12-05T17:02:29","date_gmt":"2018-12-05T16:02:29","guid":{"rendered":"http:\/\/wordpress.nisuba.com\/?post_type=product&#038;p=2492"},"modified":"2026-01-16T10:22:23","modified_gmt":"2026-01-16T09:22:23","slug":"soporte-relojes-nissan-s13-1-reloj","status":"publish","type":"product","link":"https:\/\/nisuba.com\/en\/product\/soporte-relojes-nissan-s13-1-reloj\/","title":{"rendered":"Nissan s13 gauge pod \u2013 1 gauge"},"content":{"rendered":"<p>Support for 1 clock for Nissan S13 made of 3D printing in pa12 material.<\/p>\n<p>It is placed replacing the central vents of the Nissan S13.<\/p>\n<p>For watch sizes with a diameter of 52mm and 60mm, to be selected in the product options.<\/p>\n<p><em>Plastic products made by 3D printing are made to order, therefore it may take about 10 business days to arrive after payment is made.<\/em><\/p>\n<p>&nbsp;<\/p>\n<p>Installation video on YouTube!<\/p>\n<p><span class=\"embed-youtube\" style=\"text-align:center; display: block;\"><iframe class=\"youtube-player\" width=\"800\" height=\"450\" src=\"https:\/\/www.youtube.com\/embed\/ymp5eOiRmck?version=3&#038;rel=1&#038;showsearch=0&#038;showinfo=1&#038;iv_load_policy=1&#038;fs=1&#038;hl=en-GB&#038;autohide=2&#038;wmode=transparent\" allowfullscreen=\"true\" style=\"border:0;\" sandbox=\"allow-scripts allow-same-origin allow-popups allow-presentation allow-popups-to-escape-sandbox\"><\/iframe><\/span><\/p>","protected":false},"excerpt":{"rendered":"<p>Soporte para 1 reloj para nissan s13 fabricado en impresi\u00f3n 3D en material pa12. Va colocado sustituyendo a los aireadores centrales del nissan s13. Para medidas de relojes de di\u00e1metro 52mm y 60mm, a seleccionar en las opciones del producto. Los productos de pl\u00e1stico fabricados por impresi\u00f3n 3D se hacen bajo pedido, por lo tanto, [&hellip;]<\/p>\n","protected":false},"featured_media":2493,"comment_status":"open","ping_status":"closed","template":"","meta":{"_acf_changed":false,"jetpack_post_was_ever_published":false,"_joinchat":[]},"product_brand":[],"product_cat":[308,421,165],"product_tag":[146,145,142,144,143,147],"class_list":{"0":"post-2492","1":"product","2":"type-product","3":"status-publish","4":"has-post-thumbnail","6":"product_cat-nissan","7":"product_cat-soportes-de-relojes","8":"product_cat-todo","9":"product_tag-gauge","10":"product_tag-gauge-support","11":"product_tag-nissan","12":"product_tag-nissan-s13","13":"product_tag-soporte-relojes","14":"product_tag-support","15":"pa_lhd-o-rhd-lhd-volante-a-la-izquierda","16":"pa_lhd-o-rhd-rhd-volante-a-la-derecha","17":"pa_tamano-agujero-288","18":"pa_tamano-agujero-289","20":"first","21":"instock","22":"taxable","23":"shipping-taxable","24":"purchasable","25":"product-type-variable","26":"rtwpvs-product"},"acf":[],"jetpack_sharing_enabled":true,"_links":{"self":[{"href":"https:\/\/nisuba.com\/en\/wp-json\/wp\/v2\/product\/2492","targetHints":{"allow":["GET"]}}],"collection":[{"href":"https:\/\/nisuba.com\/en\/wp-json\/wp\/v2\/product"}],"about":[{"href":"https:\/\/nisuba.com\/en\/wp-json\/wp\/v2\/types\/product"}],"replies":[{"embeddable":true,"href":"https:\/\/nisuba.com\/en\/wp-json\/wp\/v2\/comments?post=2492"}],"wp:featuredmedia":[{"embeddable":true,"href":"https:\/\/nisuba.com\/en\/wp-json\/wp\/v2\/media\/2493"}],"wp:attachment":[{"href":"https:\/\/nisuba.com\/en\/wp-json\/wp\/v2\/media?parent=2492"}],"wp:term":[{"taxonomy":"product_brand","embeddable":true,"href":"https:\/\/nisuba.com\/en\/wp-json\/wp\/v2\/product_brand?post=2492"},{"taxonomy":"product_cat","embeddable":true,"href":"https:\/\/nisuba.com\/en\/wp-json\/wp\/v2\/product_cat?post=2492"},{"taxonomy":"product_tag","embeddable":true,"href":"https:\/\/nisuba.com\/en\/wp-json\/wp\/v2\/product_tag?post=2492"}],"curies":[{"name":"wp","href":"https:\/\/api.w.org\/{rel}","templated":true}]}}