{"id":2588,"date":"2018-12-21T15:05:21","date_gmt":"2018-12-21T14:05:21","guid":{"rendered":"https:\/\/nisuba.com\/?post_type=product&#038;p=2588"},"modified":"2026-01-16T10:11:24","modified_gmt":"2026-01-16T09:11:24","slug":"canards-subaru-impreza-gc8","status":"publish","type":"product","link":"https:\/\/nisuba.com\/en\/product\/canards-subaru-impreza-gc8\/","title":{"rendered":"Canards Subaru Impreza GC8"},"content":{"rendered":"<p>[:en]Canards para Subaru Impreza GC8, fabricado en aluminio y pintado en negro con un peso aproximado de 750 gramos por lado.<\/p>\n<p>El kit incluye la torniller\u00eda para la uni\u00f3n entre las piezas suministradas. No incluye torniller\u00eda para la uni\u00f3n de los canards al parachoques.<\/p>\n<p>Es aconsejable que este tipo de piezas se utilicen solo en coches de circuito.<\/p>\n<p>Dale ese plus de &#8216;Downforce&#8217; a la parte delantera de tu Subaru, \u00a1no te arrepentir\u00e1s!<\/p>\n<p>\u00a0<\/p>\n<p><strong>Informaci\u00f3n importante:<\/strong><\/p>\n<p><em>Para la perfecta instalaci\u00f3n de estos canards el impreza al que se le instala deber\u00eda tener instalado un lip similar al que se ve en las fotos.<\/em><\/p>\n<p><strong>Este producto se hace bajo pedido por lo que puede llegar a tardar entre 4 y 5 semanas naturales.<\/strong>[:es]Canards para Subaru Impreza GC8, fabricado en aluminio y pintado en negro con un peso aproximado de 750 gramos por lado.<\/p>\n<p>El kit incluye la torniller\u00eda para la uni\u00f3n entre las piezas suministradas. No incluye torniller\u00eda para la uni\u00f3n de los canards al parachoques.<\/p>\n<p>Es aconsejable que este tipo de piezas se utilicen solo en coches de circuito.<\/p>\n<p>Dale ese plus de &#8216;Downforce&#8217; a la parte delantera de tu Subaru, \u00a1no te arrepentir\u00e1s!<\/p>\n<p>\u00a0<\/p>\n<p><strong>Informaci\u00f3n importante:<\/strong><\/p>\n<p><em>Para la perfecta instalaci\u00f3n de estos canards el impreza al que se le instala deber\u00eda tener instalado un lip similar al que se ve en las fotos.<\/em><\/p>\n<p><strong>Este producto se hace bajo pedido por lo que puede llegar a tardar entre 4 y 5 semanas naturales.<\/strong><\/p>\n<p>\u00a0[:]<\/p>\n","protected":false},"excerpt":{"rendered":"<p>[:en]Canards para Subaru Impreza GC8, fabricado en aluminio y pintado en negro con un peso aproximado de 750 gramos por lado. El kit incluye la torniller\u00eda para la uni\u00f3n entre las piezas suministradas. No incluye torniller\u00eda para la uni\u00f3n de los canards al parachoques. Es aconsejable que este tipo de piezas se utilicen solo en [&hellip;]<\/p>\n","protected":false},"featured_media":2590,"comment_status":"open","ping_status":"closed","template":"","meta":{"_acf_changed":false,"jetpack_post_was_ever_published":false,"_joinchat":[]},"product_brand":[],"product_cat":[422,312,165],"product_tag":[167,168,136,181,169,171,170,185,172,166,184,182,183],"class_list":{"0":"post-2588","1":"product","2":"type-product","3":"status-publish","4":"has-post-thumbnail","6":"product_cat-accesorios","7":"product_cat-subaru","8":"product_cat-todo","9":"product_tag-canard","10":"product_tag-canards","11":"product_tag-competicion","12":"product_tag-downforce","13":"product_tag-gc8","14":"product_tag-impreza","15":"product_tag-impreza-gc8","16":"product_tag-race","17":"product_tag-race-car","18":"product_tag-subaru","19":"product_tag-subaru-gc8","20":"product_tag-subaru-impreza","21":"product_tag-subaru-impreza-gc8","23":"first","24":"instock","25":"taxable","26":"shipping-taxable","27":"purchasable","28":"product-type-simple"},"acf":[],"jetpack_sharing_enabled":true,"_links":{"self":[{"href":"https:\/\/nisuba.com\/en\/wp-json\/wp\/v2\/product\/2588","targetHints":{"allow":["GET"]}}],"collection":[{"href":"https:\/\/nisuba.com\/en\/wp-json\/wp\/v2\/product"}],"about":[{"href":"https:\/\/nisuba.com\/en\/wp-json\/wp\/v2\/types\/product"}],"replies":[{"embeddable":true,"href":"https:\/\/nisuba.com\/en\/wp-json\/wp\/v2\/comments?post=2588"}],"wp:featuredmedia":[{"embeddable":true,"href":"https:\/\/nisuba.com\/en\/wp-json\/wp\/v2\/media\/2590"}],"wp:attachment":[{"href":"https:\/\/nisuba.com\/en\/wp-json\/wp\/v2\/media?parent=2588"}],"wp:term":[{"taxonomy":"product_brand","embeddable":true,"href":"https:\/\/nisuba.com\/en\/wp-json\/wp\/v2\/product_brand?post=2588"},{"taxonomy":"product_cat","embeddable":true,"href":"https:\/\/nisuba.com\/en\/wp-json\/wp\/v2\/product_cat?post=2588"},{"taxonomy":"product_tag","embeddable":true,"href":"https:\/\/nisuba.com\/en\/wp-json\/wp\/v2\/product_tag?post=2588"}],"curies":[{"name":"wp","href":"https:\/\/api.w.org\/{rel}","templated":true}]}}