{"id":2685,"date":"2019-03-15T13:10:58","date_gmt":"2019-03-15T12:10:58","guid":{"rendered":"https:\/\/nisuba.com\/?post_type=product&#038;p=2685"},"modified":"2026-01-16T09:18:58","modified_gmt":"2026-01-16T08:18:58","slug":"bases-de-asiento-mazda-rx7-fd","status":"publish","type":"product","link":"https:\/\/nisuba.com\/en\/product\/bases-de-asiento-mazda-rx7-fd\/","title":{"rendered":"Mazda RX7 fd seat bracket"},"content":{"rendered":"<p>Seat base for Mazda RX7 fd.<\/p>\n<p><strong>The same basis is valid for both pilot and co-pilot.<\/strong><\/p>\n<p>Seat bracket designed to take your seat as low as possible, practically resting on the ground.<br \/>\nIt has several positions to regulate the height of the seat and the distance from the seat to the steering wheel and pedals.<br \/>\nHigh quality painted black with powder and oven paint to protect from rust and offer a clean and beautiful finish.<br \/>\nIt has an anchorage for the belt as standard.<\/p>\n<p>The complete kit includes:<\/p>\n<p>\u2013 Specific base for Mazda RX7 fd.<br \/>\n\u2013 Baquet supports.<br \/>\n\u2013 Hardware pack (including belt screw as standard).<\/p>\n<p>With this seat base you can use the Sparco slides that you can find on this website.<\/p>\n<p><strong>Important information:<\/strong><\/p>\n<p><em>Product designed under FIA specifications according to Annex J.<\/em><\/p>\n<p><em>These bases accept buckets with a width at the base between 36cm and 40.5cm, this is the most common range.<\/em><\/p>\n<p>A wider bucket in this car model would displace the seat, leaving it off-center from the steering wheel, which is why we have designed the bases so that they can only be mounted with the corresponding seat.<\/p>\n<p>Se puede montar con las correderas Sparco que puedes encontrar en esta misma web.<\/p>\n<p><a href=\"https:\/\/nisuba.com\/wp-content\/uploads\/2020\/09\/Mazda-Rx7-fijas-ingles.pdf\"><strong><span style=\"background-color: #00ffff\">ASSEMBLY INSTRUCTIONS<\/span><\/strong><\/a><\/p>","protected":false},"excerpt":{"rendered":"<p>Base de asiento para Mazda RX7 fd. La misma base es v\u00e1lida tanto para piloto como para copiloto. Bases dise\u00f1adas para que puedas llevar tu asiento lo m\u00e1s bajo posible, pr\u00e1cticamente apoyado en el suelo. Dispone de varias posiciones para poder regular tanto la altura del asiento como la distancia del asiento al volante y [&hellip;]<\/p>\n","protected":false},"featured_media":9504,"comment_status":"open","ping_status":"closed","template":"","meta":{"_acf_changed":false,"jetpack_post_was_ever_published":false,"_joinchat":[]},"product_brand":[],"product_cat":[212,310,165],"product_tag":[809,197,810,811,812,196,814,119,194,199,193,195,198,843,846,828],"class_list":{"0":"post-2685","1":"product","2":"type-product","3":"status-publish","4":"has-post-thumbnail","6":"product_cat-bases-de-asiento","7":"product_cat-mazda","8":"product_cat-todo","9":"product_tag-asiento-en","10":"product_tag-asiento-rx7","11":"product_tag-baquet-en","12":"product_tag-bases-en","13":"product_tag-bases-asiento-en","14":"product_tag-bases-rx7","15":"product_tag-competicion-en","16":"product_tag-mazda","17":"product_tag-mazda-rx7","18":"product_tag-rotary","19":"product_tag-rx7","20":"product_tag-rx7-seat-brackets","21":"product_tag-rx7-supports","22":"product_tag-seat-brackets-en","23":"product_tag-seat-support-en","24":"product_tag-support-en","25":"pa_lado-base-derecha","26":"pa_lado-base-izquierda","28":"first","29":"instock","30":"taxable","31":"shipping-taxable","32":"purchasable","33":"product-type-simple"},"acf":[],"jetpack_sharing_enabled":true,"_links":{"self":[{"href":"https:\/\/nisuba.com\/en\/wp-json\/wp\/v2\/product\/2685","targetHints":{"allow":["GET"]}}],"collection":[{"href":"https:\/\/nisuba.com\/en\/wp-json\/wp\/v2\/product"}],"about":[{"href":"https:\/\/nisuba.com\/en\/wp-json\/wp\/v2\/types\/product"}],"replies":[{"embeddable":true,"href":"https:\/\/nisuba.com\/en\/wp-json\/wp\/v2\/comments?post=2685"}],"wp:featuredmedia":[{"embeddable":true,"href":"https:\/\/nisuba.com\/en\/wp-json\/wp\/v2\/media\/9504"}],"wp:attachment":[{"href":"https:\/\/nisuba.com\/en\/wp-json\/wp\/v2\/media?parent=2685"}],"wp:term":[{"taxonomy":"product_brand","embeddable":true,"href":"https:\/\/nisuba.com\/en\/wp-json\/wp\/v2\/product_brand?post=2685"},{"taxonomy":"product_cat","embeddable":true,"href":"https:\/\/nisuba.com\/en\/wp-json\/wp\/v2\/product_cat?post=2685"},{"taxonomy":"product_tag","embeddable":true,"href":"https:\/\/nisuba.com\/en\/wp-json\/wp\/v2\/product_tag?post=2685"}],"curies":[{"name":"wp","href":"https:\/\/api.w.org\/{rel}","templated":true}]}}