{"id":2777,"date":"2019-05-06T10:59:22","date_gmt":"2019-05-06T09:59:22","guid":{"rendered":"https:\/\/nisuba.com\/?post_type=product&#038;p=2777"},"modified":"2026-02-17T11:57:59","modified_gmt":"2026-02-17T10:57:59","slug":"soportes-universales-para-baquet","status":"publish","type":"product","link":"https:\/\/nisuba.com\/en\/product\/soportes-universales-para-baquet\/","title":{"rendered":"Universal seat side mounts"},"content":{"rendered":"<p>Universal side supports for the bucket seat with various anchorage options for height and depth adjustment of the seat.<\/p>\n<p>Valid for practically any bag.<\/p>\n<p>Powder-coated and oven-dried satin black finish.<\/p>\n<p><strong>Important information:<\/strong><\/p>\n<p><em>Product designed under FIA specifications according to Annex J.<\/em><\/p>","protected":false},"excerpt":{"rendered":"<p>Soportes laterales universales para baquet con varias opciones de anclaje pare regular altura y profundidad del asiento. V\u00e1lidos para pr\u00e1cticamente cualquier baquet. Acabado negro satinado pintado al polvo y secado al horno. Informaci\u00f3n importante: Producto dise\u00f1ado bajo especificaciones FIA seg\u00fan anexo J.<\/p>","protected":false},"featured_media":9502,"comment_status":"open","ping_status":"closed","template":"","meta":{"_acf_changed":false,"jetpack_post_was_ever_published":false,"_joinchat":[]},"product_brand":[],"product_cat":[422,434,212,309,311,482,310,400,308,312,165,313,963],"product_tag":[809,810,811,812,1059,813,814,853,785,815,816,817,818,770,771,821,822,823,824,825,826,827,828,829],"class_list":{"0":"post-2777","1":"product","2":"type-product","3":"status-publish","4":"has-post-thumbnail","6":"product_cat-accesorios","7":"product_cat-alfa-romeo","8":"product_cat-bases-de-asiento","9":"product_cat-bmw","10":"product_cat-honda","11":"product_cat-lexus","12":"product_cat-mazda","13":"product_cat-mitsubishi","14":"product_cat-nissan","15":"product_cat-subaru","16":"product_cat-todo","17":"product_cat-toyota","18":"product_cat-volvo-2","19":"product_tag-asiento-en","20":"product_tag-baquet-en","21":"product_tag-bases-en","22":"product_tag-bases-asiento-en","23":"product_tag-bases-de-asiento","24":"product_tag-bmw-e46-en","25":"product_tag-competicion-en","26":"product_tag-driftshop-2","27":"product_tag-driftworks-en","28":"product_tag-e36-en","29":"product_tag-e46-en","30":"product_tag-nissan-s-chassis-en","31":"product_tag-nissan-s13-en","32":"product_tag-nissan-s14-2","33":"product_tag-nissan-s15-2","34":"product_tag-race-en","35":"product_tag-rally-en","36":"product_tag-s-chassis-en","37":"product_tag-seat-bracket-en","38":"product_tag-soporte-asiento-en","39":"product_tag-soporte-baquet-en","40":"product_tag-standard-en","41":"product_tag-support-en","42":"product_tag-universal-en","44":"first","45":"instock","46":"taxable","47":"shipping-taxable","48":"purchasable","49":"product-type-simple"},"acf":[],"jetpack_sharing_enabled":true,"_links":{"self":[{"href":"https:\/\/nisuba.com\/en\/wp-json\/wp\/v2\/product\/2777","targetHints":{"allow":["GET"]}}],"collection":[{"href":"https:\/\/nisuba.com\/en\/wp-json\/wp\/v2\/product"}],"about":[{"href":"https:\/\/nisuba.com\/en\/wp-json\/wp\/v2\/types\/product"}],"replies":[{"embeddable":true,"href":"https:\/\/nisuba.com\/en\/wp-json\/wp\/v2\/comments?post=2777"}],"wp:featuredmedia":[{"embeddable":true,"href":"https:\/\/nisuba.com\/en\/wp-json\/wp\/v2\/media\/9502"}],"wp:attachment":[{"href":"https:\/\/nisuba.com\/en\/wp-json\/wp\/v2\/media?parent=2777"}],"wp:term":[{"taxonomy":"product_brand","embeddable":true,"href":"https:\/\/nisuba.com\/en\/wp-json\/wp\/v2\/product_brand?post=2777"},{"taxonomy":"product_cat","embeddable":true,"href":"https:\/\/nisuba.com\/en\/wp-json\/wp\/v2\/product_cat?post=2777"},{"taxonomy":"product_tag","embeddable":true,"href":"https:\/\/nisuba.com\/en\/wp-json\/wp\/v2\/product_tag?post=2777"}],"curies":[{"name":"wp","href":"https:\/\/api.w.org\/{rel}","templated":true}]}}