{"id":2889,"date":"2019-07-01T12:16:49","date_gmt":"2019-07-01T11:16:49","guid":{"rendered":"https:\/\/nisuba.com\/?post_type=product&#038;p=2889"},"modified":"2025-07-08T11:40:24","modified_gmt":"2025-07-08T10:40:24","slug":"pomo-drift-edition-azul","status":"publish","type":"product","link":"https:\/\/nisuba.com\/en\/product\/pomo-drift-edition-azul\/","title":{"rendered":"Nisuba drift edition knob \u2013 blue"},"content":{"rendered":"<p>Knob made of machined aluminum, blue anodized and laser engraved.<\/p>\n<p>Valid for cars with the gear lever with metric M8, M10 and M12.<\/p>\n<p><span class=\"embed-youtube\" style=\"text-align:center; display: block;\"><iframe class=\"youtube-player\" width=\"800\" height=\"450\" src=\"https:\/\/www.youtube.com\/embed\/L7utKI4E53M%5B:%5D?version=3&#038;rel=1&#038;showsearch=0&#038;showinfo=1&#038;iv_load_policy=1&#038;fs=1&#038;hl=en-GB&#038;autohide=2&#038;wmode=transparent\" allowfullscreen=\"true\" style=\"border:0;\" sandbox=\"allow-scripts allow-same-origin allow-popups allow-presentation allow-popups-to-escape-sandbox\"><\/iframe><\/span><\/p>","protected":false},"excerpt":{"rendered":"<p>Pomo fabricado en aluminio mecanizado, anodizado en azul y grabado a l\u00e1ser. V\u00e1lido para coches con la palanca de cambios con m\u00e9trica M8, M10 y M12.<\/p>","protected":false},"featured_media":36663,"comment_status":"open","ping_status":"closed","template":"","meta":{"_acf_changed":false,"jetpack_post_was_ever_published":false,"_joinchat":[]},"product_brand":[],"product_cat":[422,434,309,311,482,310,400,308,312,165,313,963],"product_tag":[129,131,128,130],"class_list":{"0":"post-2889","1":"product","2":"type-product","3":"status-publish","4":"has-post-thumbnail","6":"product_cat-accesorios","7":"product_cat-alfa-romeo","8":"product_cat-bmw","9":"product_cat-honda","10":"product_cat-lexus","11":"product_cat-mazda","12":"product_cat-mitsubishi","13":"product_cat-nissan","14":"product_cat-subaru","15":"product_cat-todo","16":"product_cat-toyota","17":"product_cat-volvo-2","18":"product_tag-cambio-de-marchas","19":"product_tag-knob","20":"product_tag-pomo","21":"product_tag-shift-knob","23":"first","24":"instock","25":"sale","26":"taxable","27":"shipping-taxable","28":"purchasable","29":"product-type-simple"},"acf":[],"jetpack_sharing_enabled":true,"_links":{"self":[{"href":"https:\/\/nisuba.com\/en\/wp-json\/wp\/v2\/product\/2889","targetHints":{"allow":["GET"]}}],"collection":[{"href":"https:\/\/nisuba.com\/en\/wp-json\/wp\/v2\/product"}],"about":[{"href":"https:\/\/nisuba.com\/en\/wp-json\/wp\/v2\/types\/product"}],"replies":[{"embeddable":true,"href":"https:\/\/nisuba.com\/en\/wp-json\/wp\/v2\/comments?post=2889"}],"wp:featuredmedia":[{"embeddable":true,"href":"https:\/\/nisuba.com\/en\/wp-json\/wp\/v2\/media\/36663"}],"wp:attachment":[{"href":"https:\/\/nisuba.com\/en\/wp-json\/wp\/v2\/media?parent=2889"}],"wp:term":[{"taxonomy":"product_brand","embeddable":true,"href":"https:\/\/nisuba.com\/en\/wp-json\/wp\/v2\/product_brand?post=2889"},{"taxonomy":"product_cat","embeddable":true,"href":"https:\/\/nisuba.com\/en\/wp-json\/wp\/v2\/product_cat?post=2889"},{"taxonomy":"product_tag","embeddable":true,"href":"https:\/\/nisuba.com\/en\/wp-json\/wp\/v2\/product_tag?post=2889"}],"curies":[{"name":"wp","href":"https:\/\/api.w.org\/{rel}","templated":true}]}}