{"id":2912,"date":"2019-07-11T10:13:41","date_gmt":"2019-07-11T09:13:41","guid":{"rendered":"https:\/\/nisuba.com\/?post_type=product&#038;p=2912"},"modified":"2026-01-16T10:17:26","modified_gmt":"2026-01-16T09:17:26","slug":"panelesbmwe30","status":"publish","type":"product","link":"https:\/\/nisuba.com\/en\/product\/panelesbmwe30\/","title":{"rendered":"BMW E30 Coupe door panels"},"content":{"rendered":"<p>Pair of door panels for BMW E30 coupe, pilot door and passenger door.<\/p>\n<p>Designed to install standard mirror adjustment buttons and to replace the standard handle with a tow. (There is an option to keep the stock handle).<\/p>\n<p>High quality painted black with powder and oven paint to protect from rust and offer a clean and beautiful finish.<\/p>\n<p>- Includes:<\/p>\n<p>\u2013 Specific door panels for BMW E30 coupe.<br \/>\nDoor pull handle (choose any color)<br \/>\nHardware included.<\/p>\n<p>The assembly process is simple and intuitive, they are designed to be installed with metric 6 threaded rivets in new holes (rivets are not included).<\/p>\n<p>\u00a0<\/p>\n<p><strong>Important information:<\/strong><\/p>\n<p><em>They can be made with the specifications you prefer for the lever and the positioning and size of the Nisuba logo. This must be specified when placing the order in the comments section.<\/em><\/p>\n<p><strong>This product is available on demand and the lead time is about 3 or 4 weeks.<\/strong><\/p>","protected":false},"excerpt":{"rendered":"<p>Pareja de paneles de puerta para BMW E30 coup\u00e9, puerta piloto y puerta copiloto. Dise\u00f1adas para instalar botones de regulaci\u00f3n de espejos de serie y para sustituir la maneta de serie por un tow. (Hay opci\u00f3n para conservar la maneta des serie). Pintado de alta calidad en color negro con pintura al polvo y al [&hellip;]<\/p>\n","protected":false},"featured_media":36320,"comment_status":"open","ping_status":"closed","template":"","meta":{"_acf_changed":false,"jetpack_post_was_ever_published":false,"_joinchat":[]},"product_brand":[],"product_cat":[309,243,165],"product_tag":[930,931,932,813,921,922,923,933,815,816,926,927,850,828],"class_list":{"0":"post-2912","1":"product","2":"type-product","3":"status-publish","4":"has-post-thumbnail","6":"product_cat-bmw","7":"product_cat-paneles-de-puerta","8":"product_cat-todo","9":"product_tag-bmw-en","10":"product_tag-bmw-e30-en","11":"product_tag-bmw-e36-en","12":"product_tag-bmw-e46-en","13":"product_tag-door-card-en","14":"product_tag-door-cards-en","15":"product_tag-door-panel-en","16":"product_tag-e30-en","17":"product_tag-e36-en","18":"product_tag-e46-en","19":"product_tag-panel-aluminio-en","20":"product_tag-panel-puerta-en","21":"product_tag-soporte-en","22":"product_tag-support-en","24":"first","25":"outofstock","26":"taxable","27":"shipping-taxable","28":"purchasable","29":"product-type-simple"},"acf":[],"jetpack_sharing_enabled":true,"_links":{"self":[{"href":"https:\/\/nisuba.com\/en\/wp-json\/wp\/v2\/product\/2912","targetHints":{"allow":["GET"]}}],"collection":[{"href":"https:\/\/nisuba.com\/en\/wp-json\/wp\/v2\/product"}],"about":[{"href":"https:\/\/nisuba.com\/en\/wp-json\/wp\/v2\/types\/product"}],"replies":[{"embeddable":true,"href":"https:\/\/nisuba.com\/en\/wp-json\/wp\/v2\/comments?post=2912"}],"wp:featuredmedia":[{"embeddable":true,"href":"https:\/\/nisuba.com\/en\/wp-json\/wp\/v2\/media\/36320"}],"wp:attachment":[{"href":"https:\/\/nisuba.com\/en\/wp-json\/wp\/v2\/media?parent=2912"}],"wp:term":[{"taxonomy":"product_brand","embeddable":true,"href":"https:\/\/nisuba.com\/en\/wp-json\/wp\/v2\/product_brand?post=2912"},{"taxonomy":"product_cat","embeddable":true,"href":"https:\/\/nisuba.com\/en\/wp-json\/wp\/v2\/product_cat?post=2912"},{"taxonomy":"product_tag","embeddable":true,"href":"https:\/\/nisuba.com\/en\/wp-json\/wp\/v2\/product_tag?post=2912"}],"curies":[{"name":"wp","href":"https:\/\/api.w.org\/{rel}","templated":true}]}}