{"id":2938,"date":"2019-07-22T15:57:12","date_gmt":"2019-07-22T14:57:12","guid":{"rendered":"https:\/\/nisuba.com\/?post_type=product&#038;p=2938"},"modified":"2026-01-16T10:11:25","modified_gmt":"2026-01-16T09:11:25","slug":"cubre-carter-nissan-s13","status":"publish","type":"product","link":"https:\/\/nisuba.com\/en\/product\/cubre-carter-nissan-s13\/","title":{"rendered":"Nissan s13 oil pan protection"},"content":{"rendered":"<p>Painted in high quality powder coded satin black, dried at high temperature for better protection and finish.<\/p>\n<p>High quality painted black with powder paint and oven drying for greater protection and a better finish.<\/p>\n<p>The mounting process is very easy, was designed to mount on the chassis stock holes, you will see it once you mock it up in place.<\/p>\n<p>\u00a0<\/p>\n<p>- Includes:<\/p>\n<p>\u2013 Specific aluminum oil pan cover for Nissan 200sx s13.<br \/>\n\u2013 Hardware included<\/p>\n<p>\u00a0<\/p>","protected":false},"excerpt":{"rendered":"<p>Cubre c\u00e1rter de aluminio para Nissan 200sx s13 Pintado de alta calidad en color negro con pintura al polvo y secado al horno para una mayor protecci\u00f3n y un mejor acabado. El proceso de montaje es sencillo e intuitivo, est\u00e1 dise\u00f1ado para que sea llegar y montar en los agujeros de serie que veremos una [&hellip;]<\/p>\n","protected":false},"featured_media":36266,"comment_status":"open","ping_status":"closed","template":"","meta":{"_acf_changed":false,"jetpack_post_was_ever_published":false,"_joinchat":[]},"product_brand":[],"product_cat":[422,308,165],"product_tag":[871,769,873,814,973,853,785,768,608,817,818,770,771,612,772,773,774,159,610,616,614,850,828],"class_list":{"0":"post-2938","1":"product","2":"type-product","3":"status-publish","4":"has-post-thumbnail","6":"product_cat-accesorios","7":"product_cat-nissan","8":"product_cat-todo","9":"product_tag-180sx-en","10":"product_tag-200sx-2","11":"product_tag-240sx-en","12":"product_tag-competicion-en","13":"product_tag-cubre-carter-en","14":"product_tag-driftshop-2","15":"product_tag-driftworks-en","16":"product_tag-nissan-2","17":"product_tag-nissan-180sx","18":"product_tag-nissan-s-chassis-en","19":"product_tag-nissan-s13-en","20":"product_tag-nissan-s14-2","21":"product_tag-nissan-s15-2","22":"product_tag-nissan-silvia","23":"product_tag-s13-2","24":"product_tag-s14-2","25":"product_tag-s15-2","26":"product_tag-schassis","27":"product_tag-silvia-s13","28":"product_tag-silvia-s14","29":"product_tag-silvia-s15","30":"product_tag-soporte-en","31":"product_tag-support-en","33":"first","34":"instock","35":"taxable","36":"shipping-taxable","37":"purchasable","38":"product-type-simple"},"acf":[],"jetpack_sharing_enabled":true,"_links":{"self":[{"href":"https:\/\/nisuba.com\/en\/wp-json\/wp\/v2\/product\/2938","targetHints":{"allow":["GET"]}}],"collection":[{"href":"https:\/\/nisuba.com\/en\/wp-json\/wp\/v2\/product"}],"about":[{"href":"https:\/\/nisuba.com\/en\/wp-json\/wp\/v2\/types\/product"}],"replies":[{"embeddable":true,"href":"https:\/\/nisuba.com\/en\/wp-json\/wp\/v2\/comments?post=2938"}],"wp:featuredmedia":[{"embeddable":true,"href":"https:\/\/nisuba.com\/en\/wp-json\/wp\/v2\/media\/36266"}],"wp:attachment":[{"href":"https:\/\/nisuba.com\/en\/wp-json\/wp\/v2\/media?parent=2938"}],"wp:term":[{"taxonomy":"product_brand","embeddable":true,"href":"https:\/\/nisuba.com\/en\/wp-json\/wp\/v2\/product_brand?post=2938"},{"taxonomy":"product_cat","embeddable":true,"href":"https:\/\/nisuba.com\/en\/wp-json\/wp\/v2\/product_cat?post=2938"},{"taxonomy":"product_tag","embeddable":true,"href":"https:\/\/nisuba.com\/en\/wp-json\/wp\/v2\/product_tag?post=2938"}],"curies":[{"name":"wp","href":"https:\/\/api.w.org\/{rel}","templated":true}]}}