{"id":2947,"date":"2019-07-25T10:07:48","date_gmt":"2019-07-25T09:07:48","guid":{"rendered":"https:\/\/nisuba.com\/?post_type=product&#038;p=2947"},"modified":"2026-03-24T14:33:30","modified_gmt":"2026-03-24T13:33:30","slug":"bases-de-asiento-toyota-corolla-ae86-hachiroku","status":"publish","type":"product","link":"https:\/\/nisuba.com\/en\/product\/bases-de-asiento-toyota-corolla-ae86-hachiroku\/","title":{"rendered":"Toyota Corolla AE86 Hachiroku hyperlow seat bracket"},"content":{"rendered":"<p>Seat bases for Toyota Corolla AE86 (Hachiroku).<\/p>\n<p>Seat bracket designed to take your seat as low as possible, practically resting on the ground.<br \/>\nIt has several positions to regulate the height of the seat and the distance from the seat to the steering wheel and pedals.<br \/>\nPainted in black to protect from rust and offer a clean and beautiful finish.<br \/>\nIt has an anchorage for the belt as standard.<\/p>\n<p>The complete kit includes:<\/p>\n<p>\u2013 Specific bases for Toyota Corolla AE86 (Hachiroku).<br \/>\n\u2013 Lateral supports.<br \/>\n\u2013 Hardware pack with Nisuba washers (including belt screw as standard).<\/p>\n<p>&nbsp;<\/p>\n<p><strong>Important information:<\/strong><\/p>\n<p>Also valid for Toyota Corolla KE70.<\/p>\n<p><em>Product designed under FIA specifications according to Annex J.<\/em><\/p>\n<p><em>These bases accept baskets with a base width of up to 41cm.<\/em><\/p>\n<p>&nbsp;<\/p>\n<p><span style=\"background-color: #00ffff; color: #000000;\"><a style=\"background-color: #00ffff; color: #000000;\" href=\"https:\/\/nisuba.com\/wp-content\/uploads\/2019\/07\/how-to-hyperlow-hachi-spain.pdf\">ASSEMBLY INSTRUCTIONS<\/a><\/span><\/p>","protected":false},"excerpt":{"rendered":"<p>Bases de asiento para Toyota Corolla AE86 (Hachiroku). Bases dise\u00f1adas para que puedas llevar tu asiento lo m\u00e1s bajo posible, pr\u00e1cticamente apoyado en el suelo. Dispone de varias posiciones para poder regular tanto la altura del asiento como la distancia del asiento al volante y pedales. Pintado en color negro para proteger del \u00f3xido y [&hellip;]<\/p>\n","protected":false},"featured_media":36417,"comment_status":"open","ping_status":"closed","template":"","meta":{"_acf_changed":false,"jetpack_post_was_ever_published":false,"_joinchat":[]},"product_brand":[],"product_cat":[212,165,313],"product_tag":[253,809,810,811,812,814,252,260,341,256,254,339,843,846,847,828,257,258,259,255,340],"class_list":{"0":"post-2947","1":"product","2":"type-product","3":"status-publish","4":"has-post-thumbnail","6":"product_cat-bases-de-asiento","7":"product_cat-todo","8":"product_cat-toyota","9":"product_tag-ae86","10":"product_tag-asiento-en","11":"product_tag-baquet-en","12":"product_tag-bases-en","13":"product_tag-bases-asiento-en","14":"product_tag-competicion-en","15":"product_tag-corolla","16":"product_tag-corolla-ae86","17":"product_tag-corolla-ke70","18":"product_tag-hachi","19":"product_tag-hachiroku","20":"product_tag-ke70","21":"product_tag-seat-brackets-en","22":"product_tag-seat-support-en","23":"product_tag-seats-en","24":"product_tag-support-en","25":"product_tag-toyota-ae86","26":"product_tag-toyota-corolla","27":"product_tag-toyota-corolla-ae86","28":"product_tag-toyota-hachiroku","29":"product_tag-toyota-ke70","30":"pa_lado-base-derecha","31":"pa_lado-base-izquierda","33":"first","34":"instock","35":"taxable","36":"shipping-taxable","37":"purchasable","38":"product-type-variable","39":"rtwpvs-product"},"acf":[],"jetpack_sharing_enabled":true,"_links":{"self":[{"href":"https:\/\/nisuba.com\/en\/wp-json\/wp\/v2\/product\/2947","targetHints":{"allow":["GET"]}}],"collection":[{"href":"https:\/\/nisuba.com\/en\/wp-json\/wp\/v2\/product"}],"about":[{"href":"https:\/\/nisuba.com\/en\/wp-json\/wp\/v2\/types\/product"}],"replies":[{"embeddable":true,"href":"https:\/\/nisuba.com\/en\/wp-json\/wp\/v2\/comments?post=2947"}],"wp:featuredmedia":[{"embeddable":true,"href":"https:\/\/nisuba.com\/en\/wp-json\/wp\/v2\/media\/36417"}],"wp:attachment":[{"href":"https:\/\/nisuba.com\/en\/wp-json\/wp\/v2\/media?parent=2947"}],"wp:term":[{"taxonomy":"product_brand","embeddable":true,"href":"https:\/\/nisuba.com\/en\/wp-json\/wp\/v2\/product_brand?post=2947"},{"taxonomy":"product_cat","embeddable":true,"href":"https:\/\/nisuba.com\/en\/wp-json\/wp\/v2\/product_cat?post=2947"},{"taxonomy":"product_tag","embeddable":true,"href":"https:\/\/nisuba.com\/en\/wp-json\/wp\/v2\/product_tag?post=2947"}],"curies":[{"name":"wp","href":"https:\/\/api.w.org\/{rel}","templated":true}]}}