{"id":33877,"date":"2021-11-09T17:00:01","date_gmt":"2021-11-09T16:00:01","guid":{"rendered":"https:\/\/nisuba.com\/?post_type=product&#038;p=33877"},"modified":"2026-03-24T22:02:41","modified_gmt":"2026-03-24T21:02:41","slug":"corredera-sparco-eco","status":"publish","type":"product","link":"https:\/\/nisuba.com\/en\/product\/corredera-sparco-eco\/","title":{"rendered":"Sparco ECO slider"},"content":{"rendered":"<div>Sparco ECO sliding.<\/div>\n<div><\/div>\n<div>Sliding valid for the vast majority of semi bucket seats except for some old Recaro seats. If it is not valid for the Recaro seat, you only have to make a new hole in each slide.<\/div>\n<div><\/div>\n<div>They are the sliding ones that we use in our Nisuba bases, therefore, if you have Nisuba seat bases <strong>that have the option of adding sliding<\/strong>, these sliders will be valid for your seat base.<\/div>\n<div><\/div>\n<div><em><strong>Important:<\/strong><\/em><\/div>\n<div>See stockings in photo<\/div>","protected":false},"excerpt":{"rendered":"<p>Corredera Sparco ECO. Corredera v\u00e1lida para la gran mayor\u00eda de asientos semi baquets excepto algunos asiento Recaro antiguos. En el caso de no ser v\u00e1lida para el asiento Recaro solamente hay que hacerle un agujero nuevo en cada corredera. Son las correderas que utilizamos nosotros en nuestras bases Nisuba, por lo tanto, si tienes unas [&hellip;]<\/p>\n","protected":false},"featured_media":33881,"comment_status":"open","ping_status":"closed","template":"","meta":{"_acf_changed":false,"jetpack_post_was_ever_published":false,"_joinchat":[]},"product_brand":[],"product_cat":[422,434,212,309,311,482,310,400,308,312,165,313,963],"product_tag":[155,156,154,149,390,385,136,442,444,443,204,379,387,386,380,445,854,381,185,214,342,135,384,152,388,343,157,160,389,441,221,150,383,147],"class_list":{"0":"post-33877","1":"product","2":"type-product","3":"status-publish","4":"has-post-thumbnail","6":"product_cat-accesorios","7":"product_cat-alfa-romeo","8":"product_cat-bases-de-asiento","9":"product_cat-bmw","10":"product_cat-honda","11":"product_cat-lexus","12":"product_cat-mazda","13":"product_cat-mitsubishi","14":"product_cat-nissan","15":"product_cat-subaru","16":"product_cat-todo","17":"product_cat-toyota","18":"product_cat-volvo-2","19":"product_tag-asiento","20":"product_tag-baquet","21":"product_tag-bases","22":"product_tag-bases-asiento","23":"product_tag-bottom-mount","24":"product_tag-cobra-seats","25":"product_tag-competicion","26":"product_tag-corredera","27":"product_tag-corredera-baquet","28":"product_tag-corredera-sparco","29":"product_tag-drift","30":"product_tag-drifting","31":"product_tag-driftshop","32":"product_tag-driftworks","33":"product_tag-good-quality","34":"product_tag-guia-corredera","35":"product_tag-omp","36":"product_tag-parts","37":"product_tag-race","38":"product_tag-race-parts","39":"product_tag-rails","40":"product_tag-rally","41":"product_tag-recaro","42":"product_tag-seat-brackets","43":"product_tag-seat-bucket","44":"product_tag-seat-rails","45":"product_tag-seat-support","46":"product_tag-seats","47":"product_tag-side-mount","48":"product_tag-sliders","49":"product_tag-soporte","50":"product_tag-soporte-asiento","51":"product_tag-sparco","52":"product_tag-support","54":"first","55":"instock","56":"taxable","57":"shipping-taxable","58":"purchasable","59":"product-type-simple"},"acf":[],"jetpack_sharing_enabled":true,"_links":{"self":[{"href":"https:\/\/nisuba.com\/en\/wp-json\/wp\/v2\/product\/33877","targetHints":{"allow":["GET"]}}],"collection":[{"href":"https:\/\/nisuba.com\/en\/wp-json\/wp\/v2\/product"}],"about":[{"href":"https:\/\/nisuba.com\/en\/wp-json\/wp\/v2\/types\/product"}],"replies":[{"embeddable":true,"href":"https:\/\/nisuba.com\/en\/wp-json\/wp\/v2\/comments?post=33877"}],"wp:featuredmedia":[{"embeddable":true,"href":"https:\/\/nisuba.com\/en\/wp-json\/wp\/v2\/media\/33881"}],"wp:attachment":[{"href":"https:\/\/nisuba.com\/en\/wp-json\/wp\/v2\/media?parent=33877"}],"wp:term":[{"taxonomy":"product_brand","embeddable":true,"href":"https:\/\/nisuba.com\/en\/wp-json\/wp\/v2\/product_brand?post=33877"},{"taxonomy":"product_cat","embeddable":true,"href":"https:\/\/nisuba.com\/en\/wp-json\/wp\/v2\/product_cat?post=33877"},{"taxonomy":"product_tag","embeddable":true,"href":"https:\/\/nisuba.com\/en\/wp-json\/wp\/v2\/product_tag?post=33877"}],"curies":[{"name":"wp","href":"https:\/\/api.w.org\/{rel}","templated":true}]}}