{"id":33891,"date":"2021-11-24T21:00:19","date_gmt":"2021-11-24T20:00:19","guid":{"rendered":"https:\/\/nisuba.com\/?post_type=product&#038;p=33891"},"modified":"2026-04-01T11:58:05","modified_gmt":"2026-04-01T10:58:05","slug":"base-de-asiento-honda-civic-eg-ek","status":"publish","type":"product","link":"https:\/\/nisuba.com\/en\/product\/base-de-asiento-honda-civic-eg-ek\/","title":{"rendered":"Honda civic EG\/EK seat bracket"},"content":{"rendered":"<p>Seat base for Honda Civic EG and Honda Civic EK<\/p>\n<div><\/div>\n<div>High quality painted in satin black with powdercoat to protect from rust and offer a clean and beautiful finish.<\/div>\n<div>It has an anchorage for the belt as standard.<\/div>\n<div><\/div>\n<div>\n<p>Included:<\/p>\n<p><strong>Option &#039;without side supports&#039;:<\/strong><\/p>\n<ul>\n<li>Specific base for Honda civic EG\/EK.<\/li>\n<\/ul>\n<p><em>We cannot guarantee that your side supports from another brand will fit the Nisuba seat bracket without modifications. We recommend installing the Nisuba base with the Nisuba side supports.<\/em><\/p>\n<p><strong>Option 'only bottom':<\/strong><\/p>\n<ul>\n<li>Specific base for Honda civic EG\/EK.<\/li>\n<li>Side supports<\/li>\n<li>Hardware pack (including support belt screw).<\/li>\n<li>If you choose sliding, sliding is added.<\/li>\n<\/ul>\n<p><strong>Option 'bottom mount':<\/strong><\/p>\n<ul>\n<li>Specific base for Honda civic EG\/EK.<\/li>\n<li>Slide<\/li>\n<li>Hardware pack (including support belt screw).<\/li>\n<\/ul>\n<\/div>\n<div><\/div>\n<div>Includes hole for anchoring the six-point harness.<\/div>\n<div><\/div>\n<div><strong>Important information:<\/strong><\/div>\n<div><\/div>\n<div><em>The design of these seat brackets is studied to offer the lowest possible seating position with the greatest rigidity and minimum weight.<\/em><\/div>\n<div><\/div>\n<div><\/div>\n<div><a href=\"https:\/\/nisuba.com\/wp-content\/uploads\/2022\/03\/Honda-Civic-eg.ek-ingles.pdf\"><span style=\"background-color: #00ffff;\"><strong>ASSEMBLY INSTRUCTIONS<\/strong><\/span><\/a><\/div>","protected":false},"excerpt":{"rendered":"<p>Base de asiento para Honda Civic EG y Honda Civic EK Pintado de alta calidad en color negro satinado con pintura al polvo y al horno para proteger del \u00f3xido y ofrecer un acabado limpio y bonito. Dispone de anclaje para el cintur\u00f3n de serie. Se incluye: Opci\u00f3n &#8216;sin soportes laterales&#8217;: Base espec\u00edfica para Honda [&hellip;]<\/p>\n","protected":false},"featured_media":33903,"comment_status":"open","ping_status":"closed","template":"","meta":{"_acf_changed":false,"jetpack_post_was_ever_published":false,"_joinchat":[]},"product_brand":[],"product_cat":[212,311,165],"product_tag":[809,810,811,812,830,451,447,448,450,831,814,835,836,785,837,261,262,449,446,839,821,840,822,842,843,844,845,452,846,847,848,850,825,851,828],"class_list":{"0":"post-33891","1":"product","2":"type-product","3":"status-publish","4":"has-post-thumbnail","6":"product_cat-bases-de-asiento","7":"product_cat-honda","8":"product_cat-todo","9":"product_tag-asiento-en","10":"product_tag-baquet-en","11":"product_tag-bases-en","12":"product_tag-bases-asiento-en","13":"product_tag-bottom-mount-en","14":"product_tag-civic-brackets","15":"product_tag-civic-eg","16":"product_tag-civic-ek","17":"product_tag-civic-seat-rails","18":"product_tag-cobra-seats-en","19":"product_tag-competicion-en","20":"product_tag-drift-en","21":"product_tag-drifting-en","22":"product_tag-driftworks-en","23":"product_tag-good-quality-en","24":"product_tag-honda","25":"product_tag-honda-civic","26":"product_tag-honda-civic-ek","27":"product_tag-honda-civig-eg","28":"product_tag-parts-en","29":"product_tag-race-en","30":"product_tag-race-parts-en","31":"product_tag-rally-en","32":"product_tag-recaro-en","33":"product_tag-seat-brackets-en","34":"product_tag-seat-bucket-en","35":"product_tag-seat-rails-en","36":"product_tag-seat-rails-civic","37":"product_tag-seat-support-en","38":"product_tag-seats-en","39":"product_tag-side-mount-en","40":"product_tag-soporte-en","41":"product_tag-soporte-asiento-en","42":"product_tag-sparco-en","43":"product_tag-support-en","44":"pa_corredera-no","45":"pa_corredera-si","46":"pa_lado-base-derecha","47":"pa_lado-base-izquierda","48":"pa_tipo-de-base-base-correderas","49":"pa_tipo-de-base-base-laterales","50":"pa_tipo-de-base-solo-base","52":"first","53":"instock","54":"taxable","55":"shipping-taxable","56":"purchasable","57":"product-type-variable","58":"rtwpvs-product"},"acf":[],"jetpack_sharing_enabled":true,"_links":{"self":[{"href":"https:\/\/nisuba.com\/en\/wp-json\/wp\/v2\/product\/33891","targetHints":{"allow":["GET"]}}],"collection":[{"href":"https:\/\/nisuba.com\/en\/wp-json\/wp\/v2\/product"}],"about":[{"href":"https:\/\/nisuba.com\/en\/wp-json\/wp\/v2\/types\/product"}],"replies":[{"embeddable":true,"href":"https:\/\/nisuba.com\/en\/wp-json\/wp\/v2\/comments?post=33891"}],"wp:featuredmedia":[{"embeddable":true,"href":"https:\/\/nisuba.com\/en\/wp-json\/wp\/v2\/media\/33903"}],"wp:attachment":[{"href":"https:\/\/nisuba.com\/en\/wp-json\/wp\/v2\/media?parent=33891"}],"wp:term":[{"taxonomy":"product_brand","embeddable":true,"href":"https:\/\/nisuba.com\/en\/wp-json\/wp\/v2\/product_brand?post=33891"},{"taxonomy":"product_cat","embeddable":true,"href":"https:\/\/nisuba.com\/en\/wp-json\/wp\/v2\/product_cat?post=33891"},{"taxonomy":"product_tag","embeddable":true,"href":"https:\/\/nisuba.com\/en\/wp-json\/wp\/v2\/product_tag?post=33891"}],"curies":[{"name":"wp","href":"https:\/\/api.w.org\/{rel}","templated":true}]}}