{"id":33970,"date":"2022-01-20T17:24:52","date_gmt":"2022-01-20T16:24:52","guid":{"rendered":"https:\/\/nisuba.com\/?post_type=product&#038;p=33970"},"modified":"2026-02-27T21:51:13","modified_gmt":"2026-02-27T20:51:13","slug":"base-de-asiento-toyota-supra-a90","status":"publish","type":"product","link":"https:\/\/nisuba.com\/en\/product\/base-de-asiento-toyota-supra-a90\/","title":{"rendered":"Toyota Supra A90 seat bracket"},"content":{"rendered":"<div>Seat base for Toyota Supra A90, Toyota Supra mk5.<\/div>\n<div><\/div>\n<div>High quality painted in satin black with powdercoat to protect from rust and offer a clean and beautiful finish.<\/div>\n<div>It has anchorage for the standard belt and harnesses.<\/div>\n<div><\/div>\n<div>The complete kit includes:<\/div>\n<div><\/div>\n<ul>\n<li>Specific base for Toyota Supra A90.<\/li>\n<li>Sparco slider.<\/li>\n<li>Pack of screws for joining the pieces (including belt screw).<\/li>\n<li>Accessories: select the desired option from the drop-down menu according to the type of seat you want to mount.<\/li>\n<\/ul>\n<div><\/div>\n<div>Includes hole for anchoring the six-point harness.<\/div>\n<div><\/div>\n<div><\/div>\n<div><strong>Important information:<\/strong><\/div>\n<div><\/div>\n<div><em>The design of these seat brackets is studied to offer the lowest possible seating position with the greatest rigidity and minimum weight.<\/em><\/div>\n<div><\/div>\n<div><\/div>\n<div><a href=\"https:\/\/nisuba.com\/wp-content\/uploads\/2022\/03\/Toyota-supra-A90-ingles.pdf\"><span style=\"background-color: #00ffff;\"><strong>ASSEMBLY INSTRUCTIONS<\/strong><\/span><\/a><\/div>\n<p>&nbsp;<\/p>","protected":false},"excerpt":{"rendered":"<p>Base de asiento para Toyota Supra A90, Toyota Supra mk5. Pintado de alta calidad en color negro satinado con pintura al polvo y al horno para proteger del \u00f3xido y ofrecer un acabado limpio y bonito. Dispone de anclaje para el cintur\u00f3n de serie y arneses. El kit completo de una base incluye: Base espec\u00edfica [&hellip;]<\/p>\n","protected":false},"featured_media":33977,"comment_status":"open","ping_status":"closed","template":"","meta":{"_acf_changed":false,"jetpack_post_was_ever_published":false,"_joinchat":[]},"product_brand":[],"product_cat":[212,165,313],"product_tag":[785,786,798,799,845,886,638,462,463,535,536,532,533,534,801,461,460,887,456,457,637,455,458,890],"class_list":{"0":"post-33970","1":"product","2":"type-product","3":"status-publish","4":"has-post-thumbnail","6":"product_cat-bases-de-asiento","7":"product_cat-todo","8":"product_cat-toyota","9":"product_tag-driftworks-en","10":"product_tag-engineering-en","11":"product_tag-motorsport-en","12":"product_tag-nisuba-en","13":"product_tag-seat-rails-en","14":"product_tag-supra-2","15":"product_tag-supra-a90","16":"product_tag-supra-a90-rails","17":"product_tag-supra-a90-seat","18":"product_tag-supra-a90-seat-brackets","19":"product_tag-supra-a90-seat-supports","20":"product_tag-supra-mk5","21":"product_tag-supra-mk5-seat-rails","22":"product_tag-supra-seat-rails","23":"product_tag-toyota-en","24":"product_tag-toyota-a90","25":"product_tag-toyota-supports","26":"product_tag-toyota-supra-2","27":"product_tag-toyota-supra-a90","28":"product_tag-toyota-supra-a90-rails","29":"product_tag-toyota-supra-mk4","30":"product_tag-toyota-supra-rails","31":"product_tag-toyota-supra-seat-bracket","32":"product_tag-toyota-supra-supports-2","33":"pa_corredera-si","34":"pa_tipo-de-base-base-correderas","35":"pa_tipo-de-base-base-laterales","37":"first","38":"instock","39":"taxable","40":"shipping-taxable","41":"purchasable","42":"product-type-variable","43":"rtwpvs-product"},"acf":[],"jetpack_sharing_enabled":true,"_links":{"self":[{"href":"https:\/\/nisuba.com\/en\/wp-json\/wp\/v2\/product\/33970","targetHints":{"allow":["GET"]}}],"collection":[{"href":"https:\/\/nisuba.com\/en\/wp-json\/wp\/v2\/product"}],"about":[{"href":"https:\/\/nisuba.com\/en\/wp-json\/wp\/v2\/types\/product"}],"replies":[{"embeddable":true,"href":"https:\/\/nisuba.com\/en\/wp-json\/wp\/v2\/comments?post=33970"}],"wp:featuredmedia":[{"embeddable":true,"href":"https:\/\/nisuba.com\/en\/wp-json\/wp\/v2\/media\/33977"}],"wp:attachment":[{"href":"https:\/\/nisuba.com\/en\/wp-json\/wp\/v2\/media?parent=33970"}],"wp:term":[{"taxonomy":"product_brand","embeddable":true,"href":"https:\/\/nisuba.com\/en\/wp-json\/wp\/v2\/product_brand?post=33970"},{"taxonomy":"product_cat","embeddable":true,"href":"https:\/\/nisuba.com\/en\/wp-json\/wp\/v2\/product_cat?post=33970"},{"taxonomy":"product_tag","embeddable":true,"href":"https:\/\/nisuba.com\/en\/wp-json\/wp\/v2\/product_tag?post=33970"}],"curies":[{"name":"wp","href":"https:\/\/api.w.org\/{rel}","templated":true}]}}