{"id":33996,"date":"2022-02-03T21:46:06","date_gmt":"2022-02-03T20:46:06","guid":{"rendered":"https:\/\/nisuba.com\/?post_type=product&#038;p=33996"},"modified":"2026-02-03T11:56:45","modified_gmt":"2026-02-03T10:56:45","slug":"bases-de-asiento-hyperlow-v3-nissan-s13-s14-s15","status":"publish","type":"product","link":"https:\/\/nisuba.com\/en\/product\/bases-de-asiento-hyperlow-v3-nissan-s13-s14-s15\/","title":{"rendered":"Hyperlow V3 seat bracket \u2013 Nissan s13 \u2013 s14 \u2013 s15"},"content":{"rendered":"<p>Seat base for Nissan s-chassis, Nissan Silvia.<\/p>\n<p>In this version we have improved the design mechanically and visually, and the number of regulations. Thanks to these improvements <strong>it is possible to mount a slide<\/strong> Sparco ones that we supply, taking into account that the position would not be &#039;Hyperlow&#039; but would be 3 to 5 cm higher.<\/p>\n<p>Seat bracket designed to take your seat as low as possible, practically resting on the ground.<br \/>\nIt has several positions to regulate the height of the seat and the distance from the seat to the steering wheel and pedals.<br \/>\nPainted in black to protect from rust and offer a clean and beautiful finish.<br \/>\nIt has an anchorage for the belt as standard.<\/p>\n<p>The complete kit includes:<\/p>\n<p>\u2013 Specific seat bracket for Nissan s13, Nissan s14 and Nissan s15. Nissan 180sx, Nissan 200sx, Nissan 240sx.<br \/>\n\u2013 Baquet supports.<br \/>\n\u2013 Hardware pack with Nisuba washers (including belt screw as standard).<\/p>\n<p>&nbsp;<\/p>\n<p><strong>Important information:<\/strong><\/p>\n<p><em>Product designed under specifications <strong>FIA according to annex J<\/strong>.<\/em><\/p>\n<p><em>These bases accept buckets of one width at the base <strong>up to 41cm<\/strong>.<\/em><\/p>\n<p>&nbsp;<\/p>\n<p><span style=\"background-color: #00ffff; color: #000000;\"><a style=\"background-color: #00ffff; color: #000000;\" href=\"https:\/\/nisuba.com\/wp-content\/uploads\/2018\/12\/how-to-nissan-schassis-hyperlow-seat-brackets-spain.pdf\">ASSEMBLY INSTRUCTIONS<\/a><\/span><\/p>\n<p>&nbsp;<\/p>\n<p>Check out this video if you want to see these bases in detail!<\/p>\n<p>&nbsp;<\/p>\n<p><span class=\"embed-youtube\" style=\"text-align:center; display: block;\"><iframe class=\"youtube-player\" width=\"800\" height=\"450\" src=\"https:\/\/www.youtube.com\/embed\/Arwyo-bvAOE?version=3&#038;rel=1&#038;showsearch=0&#038;showinfo=1&#038;iv_load_policy=1&#038;fs=1&#038;hl=en-GB&#038;autohide=2&#038;start=2&#038;wmode=transparent\" allowfullscreen=\"true\" style=\"border:0;\" sandbox=\"allow-scripts allow-same-origin allow-popups allow-presentation allow-popups-to-escape-sandbox\"><\/iframe><\/span><\/p>\n<p>&nbsp;<\/p>","protected":false},"excerpt":{"rendered":"<p>Base de asiento para Nissan s-chassis, Nissan Silvia. En esta versi\u00f3n hemos mejorado el dise\u00f1o mec\u00e1nica y visualmente, y la cantidad de regulaciones. Gracias a estas mejoras es posible montar una corredera Sparco de las que suministramos nosotros teniendo en cuenta que la posici\u00f3n no quedar\u00eda &#8216;Hyperlow&#8217; sino que quedar\u00eda de 3 a 5 cm [&hellip;]<\/p>\n","protected":false},"featured_media":36300,"comment_status":"open","ping_status":"closed","template":"","meta":{"_acf_changed":false,"jetpack_post_was_ever_published":false,"_joinchat":[]},"product_brand":[],"product_cat":[212,308,165],"product_tag":[871,769,873,809,810,811,812,814,768,608,817,818,345,770,346,771,347,349,344,612,609,615,613,611,841,823,153,159,843,348,845,846,610,616,614,825,350,353,351,352,828],"class_list":{"0":"post-33996","1":"product","2":"type-product","3":"status-publish","4":"has-post-thumbnail","6":"product_cat-bases-de-asiento","7":"product_cat-nissan","8":"product_cat-todo","9":"product_tag-180sx-en","10":"product_tag-200sx-2","11":"product_tag-240sx-en","12":"product_tag-asiento-en","13":"product_tag-baquet-en","14":"product_tag-bases-en","15":"product_tag-bases-asiento-en","16":"product_tag-competicion-en","17":"product_tag-nissan-2","18":"product_tag-nissan-180sx","19":"product_tag-nissan-s-chassis-en","20":"product_tag-nissan-s13-en","21":"product_tag-nissan-s13-seat-rails","22":"product_tag-nissan-s14-2","23":"product_tag-nissan-s14-seat-rails","24":"product_tag-nissan-s15-2","25":"product_tag-nissan-s15-seat-rails","26":"product_tag-nissan-schassis-seat-rails","27":"product_tag-nissan-seat-rails","28":"product_tag-nissan-silvia","29":"product_tag-nissan-silvia-s13","30":"product_tag-nissan-silvia-s14","31":"product_tag-nissan-silvia-s15","32":"product_tag-nissan-sx-180","33":"product_tag-rails-en","34":"product_tag-s-chassis-en","35":"product_tag-s-chassis-seat-brackets","36":"product_tag-schassis","37":"product_tag-seat-brackets-en","38":"product_tag-seat-rail","39":"product_tag-seat-rails-en","40":"product_tag-seat-support-en","41":"product_tag-silvia-s13","42":"product_tag-silvia-s14","43":"product_tag-silvia-s15","44":"product_tag-soporte-asiento-en","45":"product_tag-super-low","46":"product_tag-super-low-seat","47":"product_tag-superlow","48":"product_tag-superlow-seat","49":"product_tag-support-en","50":"pa_lado-base-derecha","51":"pa_lado-base-izquierda","53":"first","54":"instock","55":"taxable","56":"shipping-taxable","57":"purchasable","58":"product-type-variable","59":"rtwpvs-product"},"acf":[],"jetpack_sharing_enabled":true,"_links":{"self":[{"href":"https:\/\/nisuba.com\/en\/wp-json\/wp\/v2\/product\/33996","targetHints":{"allow":["GET"]}}],"collection":[{"href":"https:\/\/nisuba.com\/en\/wp-json\/wp\/v2\/product"}],"about":[{"href":"https:\/\/nisuba.com\/en\/wp-json\/wp\/v2\/types\/product"}],"replies":[{"embeddable":true,"href":"https:\/\/nisuba.com\/en\/wp-json\/wp\/v2\/comments?post=33996"}],"wp:featuredmedia":[{"embeddable":true,"href":"https:\/\/nisuba.com\/en\/wp-json\/wp\/v2\/media\/36300"}],"wp:attachment":[{"href":"https:\/\/nisuba.com\/en\/wp-json\/wp\/v2\/media?parent=33996"}],"wp:term":[{"taxonomy":"product_brand","embeddable":true,"href":"https:\/\/nisuba.com\/en\/wp-json\/wp\/v2\/product_brand?post=33996"},{"taxonomy":"product_cat","embeddable":true,"href":"https:\/\/nisuba.com\/en\/wp-json\/wp\/v2\/product_cat?post=33996"},{"taxonomy":"product_tag","embeddable":true,"href":"https:\/\/nisuba.com\/en\/wp-json\/wp\/v2\/product_tag?post=33996"}],"curies":[{"name":"wp","href":"https:\/\/api.w.org\/{rel}","templated":true}]}}