{"id":34041,"date":"2022-02-24T17:08:37","date_gmt":"2022-02-24T16:08:37","guid":{"rendered":"https:\/\/nisuba.com\/?post_type=product&#038;p=34041"},"modified":"2026-03-30T18:13:43","modified_gmt":"2026-03-30T17:13:43","slug":"base-de-asiento-toyota-gr-yaris","status":"publish","type":"product","link":"https:\/\/nisuba.com\/en\/product\/base-de-asiento-toyota-gr-yaris\/","title":{"rendered":"Toyota GR Yaris seat rail"},"content":{"rendered":"<div>Seat bracket for Toyota GR Yaris.<\/div>\n<div><\/div>\n<div>High quality painted in satin black with powdercoat to protect from rust and offer a clean and beautiful finish.<\/div>\n<div><\/div>\n<div>The complete kit includes:<\/div>\n<div><\/div>\n<ul>\n<li>Specific seat bracket for Toyota GR Yaris.<\/li>\n<li>Sparco slider.<\/li>\n<li>Pack of screws for joining the pieces (including belt screw).<\/li>\n<li>Accessories: select the desired option from the menu according to the type of seat you want to assemble (side mount or bottom mount).<\/li>\n<\/ul>\n<div><\/div>\n<div>Includes hole for anchoring the six-point harness.<\/div>\n<div><\/div>\n<div><\/div>\n<div><strong>Important information:<\/strong><\/div>\n<div><\/div>\n<div><em>The design of these seat brackets is studied to offer the lowest possible seating position with the greatest rigidity and minimum weight.<\/em><\/div>\n<div><\/div>\n<div><\/div>\n<div><a href=\"https:\/\/nisuba.com\/wp-content\/uploads\/2022\/03\/Toyota-gr-yaris-ingles.pdf\"><span style=\"background-color: #00ffff;\"><strong>ASSEMBLY INSTRUCTIONS<\/strong><\/span><\/a><\/div>\n<div><\/div>\n<div>\n<p><span class=\"embed-youtube\" style=\"text-align:center; display: block;\"><iframe class=\"youtube-player\" width=\"800\" height=\"450\" src=\"https:\/\/www.youtube.com\/embed\/Z1XrGKRoQlM?version=3&#038;rel=1&#038;showsearch=0&#038;showinfo=1&#038;iv_load_policy=1&#038;fs=1&#038;hl=en-GB&#038;autohide=2&#038;wmode=transparent\" allowfullscreen=\"true\" style=\"border:0;\" sandbox=\"allow-scripts allow-same-origin allow-popups allow-presentation allow-popups-to-escape-sandbox\"><\/iframe><\/span><\/p>\n<\/div>\n<p>&nbsp;<\/p>","protected":false},"excerpt":{"rendered":"<p>Base de asiento para Toyota GR Yaris. Pintado de alta calidad en color negro satinado con pintura al polvo y al horno para proteger del \u00f3xido y ofrecer un acabado limpio y bonito. El kit completo de una base incluye: Base espec\u00edfica para Toyota GR Yaris. Corredera Sparco. Pack de torniller\u00eda para la uni\u00f3n de [&hellip;]<\/p>\n","protected":false},"featured_media":36291,"comment_status":"open","ping_status":"closed","template":"","meta":{"_acf_changed":false,"jetpack_post_was_ever_published":false,"_joinchat":[]},"product_brand":[],"product_cat":[212,165,313],"product_tag":[783,479,478,784,481,853,785,786,464,473,474,466,467,469,468,798,799,842,800,851,801,465,475,460,635,470,472,471],"class_list":{"0":"post-34041","1":"product","2":"type-product","3":"status-publish","4":"has-post-thumbnail","6":"product_cat-bases-de-asiento","7":"product_cat-todo","8":"product_cat-toyota","9":"product_tag-base-de-asiento-en","10":"product_tag-base-de-asiento-gr-yaris","11":"product_tag-base-de-asiento-toyota-gr-yaris","12":"product_tag-base-gr-yaris-en","13":"product_tag-base-yaris-gr","14":"product_tag-driftshop-2","15":"product_tag-driftworks-en","16":"product_tag-engineering-en","17":"product_tag-gr-yaris","18":"product_tag-gr-yaris-low-brackets","19":"product_tag-gr-yaris-low-seats","20":"product_tag-gr-yaris-seat-brackets","21":"product_tag-gr-yaris-seat-supports","22":"product_tag-gr-yaris-seats","23":"product_tag-gr-yaris-supports","24":"product_tag-motorsport-en","25":"product_tag-nisuba-en","26":"product_tag-recaro-en","27":"product_tag-soporte-de-asiento-en","28":"product_tag-sparco-en","29":"product_tag-toyota-en","30":"product_tag-toyota-gr-yaris","31":"product_tag-toyota-gr-yaris-seat-brackets","32":"product_tag-toyota-supports","33":"product_tag-toyota-yaris-gr","34":"product_tag-yaris-gr-seat","35":"product_tag-yaris-gr-seat-supports","36":"product_tag-yaris-gr-supports","37":"pa_corredera-no","38":"pa_corredera-si","39":"pa_tipo-de-base-base-correderas","40":"pa_tipo-de-base-base-laterales","41":"pa_tipo-de-base-solo-base","43":"first","44":"instock","45":"featured","46":"taxable","47":"shipping-taxable","48":"purchasable","49":"product-type-variable","50":"rtwpvs-product"},"acf":[],"jetpack_sharing_enabled":true,"_links":{"self":[{"href":"https:\/\/nisuba.com\/en\/wp-json\/wp\/v2\/product\/34041","targetHints":{"allow":["GET"]}}],"collection":[{"href":"https:\/\/nisuba.com\/en\/wp-json\/wp\/v2\/product"}],"about":[{"href":"https:\/\/nisuba.com\/en\/wp-json\/wp\/v2\/types\/product"}],"replies":[{"embeddable":true,"href":"https:\/\/nisuba.com\/en\/wp-json\/wp\/v2\/comments?post=34041"}],"wp:featuredmedia":[{"embeddable":true,"href":"https:\/\/nisuba.com\/en\/wp-json\/wp\/v2\/media\/36291"}],"wp:attachment":[{"href":"https:\/\/nisuba.com\/en\/wp-json\/wp\/v2\/media?parent=34041"}],"wp:term":[{"taxonomy":"product_brand","embeddable":true,"href":"https:\/\/nisuba.com\/en\/wp-json\/wp\/v2\/product_brand?post=34041"},{"taxonomy":"product_cat","embeddable":true,"href":"https:\/\/nisuba.com\/en\/wp-json\/wp\/v2\/product_cat?post=34041"},{"taxonomy":"product_tag","embeddable":true,"href":"https:\/\/nisuba.com\/en\/wp-json\/wp\/v2\/product_tag?post=34041"}],"curies":[{"name":"wp","href":"https:\/\/api.w.org\/{rel}","templated":true}]}}