{"id":34048,"date":"2022-02-26T11:14:44","date_gmt":"2022-02-26T10:14:44","guid":{"rendered":"https:\/\/nisuba.com\/?post_type=product&#038;p=34048"},"modified":"2026-04-03T13:08:38","modified_gmt":"2026-04-03T12:08:38","slug":"base-de-asiento-lexus-is200","status":"publish","type":"product","link":"https:\/\/nisuba.com\/en\/product\/base-de-asiento-lexus-is200\/","title":{"rendered":"Lexus is200 seat bracket"},"content":{"rendered":"<div>Seat bracket for Lexus is200 \/ Lexus is300<\/div>\n<div><\/div>\n<div>High quality painted in satin black with powdercoat to protect from rust and offer a clean and beautiful finish.<\/div>\n<div><\/div>\n<div>The complete kit includes:<\/div>\n<p><strong>Option &#039;without side supports&#039;:<\/strong><\/p>\n<ul>\n<li>Specific seat bracket for Lexus is200.<\/li>\n<\/ul>\n<p><strong>Option 'only bottom':<\/strong><\/p>\n<ul>\n<li>Specific seat bracket for Lexus is200<\/li>\n<li>Side supports<\/li>\n<li>Hardware pack (including support belt screw).<\/li>\n<li>If you choose sliding, sliding is added.<\/li>\n<\/ul>\n<p><strong>Option 'bottom mount':<\/strong><\/p>\n<ul>\n<li>Specific seat bracket for Lexus is200<\/li>\n<li>Slide<\/li>\n<li>Hardware pack (including support belt screw).<\/li>\n<\/ul>\n<div><\/div>\n<div>Includes hole for anchoring the six-point harness.<\/div>\n<div><\/div>\n<div><\/div>\n<div><strong>Important information:<\/strong><\/div>\n<div><\/div>\n<div><em>The design of these seat brackets is studied to offer the lowest possible seating position with the greatest rigidity and minimum weight.<\/em><\/div>\n<div><\/div>\n<div><\/div>\n<div><a href=\"https:\/\/nisuba.com\/wp-content\/uploads\/2022\/03\/Lexus-is200.is300-ingles.pdf\"><span style=\"background-color: #00ffff;\"><strong>ASSEMBLY INSTRUCTIONS<\/strong><\/span><\/a><\/div>","protected":false},"excerpt":{"rendered":"<p>Base de asiento para Lexus is200 \/ Lexus is300 Pintado de alta calidad en color negro satinado con pintura al polvo y al horno para proteger del \u00f3xido y ofrecer un acabado limpio y bonito. El kit completo de una base incluye: Opci\u00f3n &#8216;sin soportes laterales&#8217;: Base espec\u00edfica para Lexus is200. Opci\u00f3n &#8216;para baquet fijo&#8217;: [&hellip;]<\/p>\n","protected":false},"featured_media":36282,"comment_status":"open","ping_status":"closed","template":"","meta":{"_acf_changed":false,"jetpack_post_was_ever_published":false,"_joinchat":[]},"product_brand":[],"product_cat":[212,482,165],"product_tag":[],"class_list":{"0":"post-34048","1":"product","2":"type-product","3":"status-publish","4":"has-post-thumbnail","6":"product_cat-bases-de-asiento","7":"product_cat-lexus","8":"product_cat-todo","9":"pa_corredera-no","10":"pa_corredera-si","11":"pa_lado-base-derecha","12":"pa_lado-base-izquierda","13":"pa_tipo-de-base-base-correderas","14":"pa_tipo-de-base-base-laterales","15":"pa_tipo-de-base-solo-base","17":"first","18":"instock","19":"taxable","20":"shipping-taxable","21":"purchasable","22":"product-type-variable","23":"rtwpvs-product"},"acf":[],"jetpack_sharing_enabled":true,"_links":{"self":[{"href":"https:\/\/nisuba.com\/en\/wp-json\/wp\/v2\/product\/34048","targetHints":{"allow":["GET"]}}],"collection":[{"href":"https:\/\/nisuba.com\/en\/wp-json\/wp\/v2\/product"}],"about":[{"href":"https:\/\/nisuba.com\/en\/wp-json\/wp\/v2\/types\/product"}],"replies":[{"embeddable":true,"href":"https:\/\/nisuba.com\/en\/wp-json\/wp\/v2\/comments?post=34048"}],"wp:featuredmedia":[{"embeddable":true,"href":"https:\/\/nisuba.com\/en\/wp-json\/wp\/v2\/media\/36282"}],"wp:attachment":[{"href":"https:\/\/nisuba.com\/en\/wp-json\/wp\/v2\/media?parent=34048"}],"wp:term":[{"taxonomy":"product_brand","embeddable":true,"href":"https:\/\/nisuba.com\/en\/wp-json\/wp\/v2\/product_brand?post=34048"},{"taxonomy":"product_cat","embeddable":true,"href":"https:\/\/nisuba.com\/en\/wp-json\/wp\/v2\/product_cat?post=34048"},{"taxonomy":"product_tag","embeddable":true,"href":"https:\/\/nisuba.com\/en\/wp-json\/wp\/v2\/product_tag?post=34048"}],"curies":[{"name":"wp","href":"https:\/\/api.w.org\/{rel}","templated":true}]}}