{"id":34063,"date":"2022-03-02T20:36:15","date_gmt":"2022-03-02T19:36:15","guid":{"rendered":"https:\/\/nisuba.com\/?post_type=product&#038;p=34063"},"modified":"2026-01-16T09:30:40","modified_gmt":"2026-01-16T08:30:40","slug":"base-de-asiento-nissan-gtr-r35","status":"publish","type":"product","link":"https:\/\/nisuba.com\/en\/product\/base-de-asiento-nissan-gtr-r35\/","title":{"rendered":"Nissan GTR r35 seat bracket"},"content":{"rendered":"<div>Seat base for Nissan GTR r35.<\/div>\n<div><\/div>\n<div>High quality painted in satin black with powdercoat to protect from rust and offer a clean and beautiful finish.<\/div>\n<div><\/div>\n<div>The complete kit includes:<\/div>\n<div><\/div>\n<ul>\n<li>Specific base for Nissan GTR r35.<\/li>\n<li>Sparco slider.<\/li>\n<li>Pack of screws for joining the pieces (including belt screw). Does not include the 4 screws that go to the seat.<\/li>\n<li>Accessories: select the desired option from the menu according to the type of seat you want to assemble (side mount or bottom mount).<\/li>\n<\/ul>\n<div><\/div>\n<div><\/div>\n<div><strong>Important information:<\/strong><\/div>\n<div><\/div>\n<div><em>The design of these seat brackets is studied to offer the lowest possible seating position with the greatest rigidity and minimum weight.<\/em><\/div>\n<div><\/div>\n<div><\/div>\n<div><span style=\"background-color: #00ffff;\"><a style=\"background-color: #00ffff;\" href=\"https:\/\/nisuba.com\/wp-content\/uploads\/2023\/03\/Nissan-gtr-fijas-ingles.pdf\">ASSEMBLY INSTRUCTIONS<\/a><\/span><\/div>\n<p>&nbsp;<\/p>","protected":false},"excerpt":{"rendered":"<p>Base de asiento para Nissan GTR r35. Pintado de alta calidad en color negro satinado con pintura al polvo y al horno para proteger del \u00f3xido y ofrecer un acabado limpio y bonito. El kit completo de una base incluye: Base espec\u00edfica para Nissan GTR r35. Corredera Sparco. Pack de torniller\u00eda para la uni\u00f3n de [&hellip;]<\/p>\n","protected":false},"featured_media":36273,"comment_status":"open","ping_status":"closed","template":"","meta":{"_acf_changed":false,"jetpack_post_was_ever_published":false,"_joinchat":[]},"product_brand":[],"product_cat":[212,308,165],"product_tag":[783,785,786,855,856,501,498,497,500,499,798,858,859,496,503,495,502,494,861,799,862,843,845,800,801],"class_list":{"0":"post-34063","1":"product","2":"type-product","3":"status-publish","4":"has-post-thumbnail","6":"product_cat-bases-de-asiento","7":"product_cat-nissan","8":"product_cat-todo","9":"product_tag-base-de-asiento-en","10":"product_tag-driftworks-en","11":"product_tag-engineering-en","12":"product_tag-gtr-nismo-en","13":"product_tag-gtr-r35-en","14":"product_tag-gtr-seat-supports","15":"product_tag-gtr-seats","16":"product_tag-gtr-supports","17":"product_tag-gtr35-seat-supports","18":"product_tag-gtr35-seats","19":"product_tag-motorsport-en","20":"product_tag-nissan-gtr-en","21":"product_tag-nissan-gtr-nismo-en","22":"product_tag-nissan-gtr-seat-brackets","23":"product_tag-nissan-gtr-seat-frames","24":"product_tag-nissan-gtr-seat-rails","25":"product_tag-nissan-gtr-seat-supports","26":"product_tag-nissan-gtr35","27":"product_tag-nissan-skyline-gtr-en","28":"product_tag-nisuba-en","29":"product_tag-r34-en","30":"product_tag-seat-brackets-en","31":"product_tag-seat-rails-en","32":"product_tag-soporte-de-asiento-en","33":"product_tag-toyota-en","34":"pa_corredera-no","35":"pa_corredera-si","36":"pa_lado-base-derecha","37":"pa_lado-base-izquierda","38":"pa_tipo-de-base-base-correderas","39":"pa_tipo-de-base-base-laterales","40":"pa_tipo-de-base-solo-base","42":"first","43":"instock","44":"taxable","45":"shipping-taxable","46":"purchasable","47":"product-type-variable","48":"rtwpvs-product"},"acf":[],"jetpack_sharing_enabled":true,"_links":{"self":[{"href":"https:\/\/nisuba.com\/en\/wp-json\/wp\/v2\/product\/34063","targetHints":{"allow":["GET"]}}],"collection":[{"href":"https:\/\/nisuba.com\/en\/wp-json\/wp\/v2\/product"}],"about":[{"href":"https:\/\/nisuba.com\/en\/wp-json\/wp\/v2\/types\/product"}],"replies":[{"embeddable":true,"href":"https:\/\/nisuba.com\/en\/wp-json\/wp\/v2\/comments?post=34063"}],"wp:featuredmedia":[{"embeddable":true,"href":"https:\/\/nisuba.com\/en\/wp-json\/wp\/v2\/media\/36273"}],"wp:attachment":[{"href":"https:\/\/nisuba.com\/en\/wp-json\/wp\/v2\/media?parent=34063"}],"wp:term":[{"taxonomy":"product_brand","embeddable":true,"href":"https:\/\/nisuba.com\/en\/wp-json\/wp\/v2\/product_brand?post=34063"},{"taxonomy":"product_cat","embeddable":true,"href":"https:\/\/nisuba.com\/en\/wp-json\/wp\/v2\/product_cat?post=34063"},{"taxonomy":"product_tag","embeddable":true,"href":"https:\/\/nisuba.com\/en\/wp-json\/wp\/v2\/product_tag?post=34063"}],"curies":[{"name":"wp","href":"https:\/\/api.w.org\/{rel}","templated":true}]}}