{"id":34073,"date":"2022-03-04T08:38:32","date_gmt":"2022-03-04T07:38:32","guid":{"rendered":"https:\/\/nisuba.com\/?post_type=product&#038;p=34073"},"modified":"2026-02-17T12:20:44","modified_gmt":"2026-02-17T11:20:44","slug":"base-de-asiento-nissan-370z","status":"publish","type":"product","link":"https:\/\/nisuba.com\/en\/product\/base-de-asiento-nissan-370z\/","title":{"rendered":"Nissan 370z seat bracket"},"content":{"rendered":"<div>Seat base for Nissan 370z.<\/div>\n<div><\/div>\n<div>High quality painted in satin black with powdercoat to protect from rust and offer a clean and beautiful finish.<\/div>\n<div><\/div>\n<div>The complete kit includes:<\/div>\n<div><\/div>\n<ul>\n<li>Specific base for Nissan 370z.<\/li>\n<li>Pack of screws for joining the pieces (including belt screw).<\/li>\n<li>Accessories: select the desired option from the menu according to the type of seat you want to assemble (side mount or bottom mount).<\/li>\n<\/ul>\n<div>Includes hole for anchoring the six-point harness.<\/div>\n<div><\/div>\n<div><strong>Important information:<\/strong><\/div>\n<div><\/div>\n<div><em>The design of these seat brackets is studied to offer the lowest possible seating position with the greatest rigidity and minimum weight.<\/em><\/div>\n<div><\/div>\n<div><\/div>\n<div><span style=\"background-color: #00ffff;\"><a style=\"background-color: #00ffff;\" href=\"https:\/\/nisuba.com\/wp-content\/uploads\/2023\/03\/Nissan-370z-fijas-ingles.pdf\">ASSEMBLY INSTRUCTIONS<\/a><\/span><\/div>\n<p>&nbsp;<\/p>","protected":false},"excerpt":{"rendered":"<p>Base de asiento para Nissan 370z. Pintado de alta calidad en color negro satinado con pintura al polvo y al horno para proteger del \u00f3xido y ofrecer un acabado limpio y bonito. El kit completo de una base incluye: Base espec\u00edfica para Nissan 370z. Pack de torniller\u00eda para la uni\u00f3n de las piezas (incluido tornillo [&hellip;]<\/p>\n","protected":false},"featured_media":35648,"comment_status":"open","ping_status":"closed","template":"","meta":{"_acf_changed":false,"jetpack_post_was_ever_published":false,"_joinchat":[]},"product_brand":[],"product_cat":[212,308,165],"product_tag":[508,509,507,783,785,786,798,768,506,633,510,511,504,505,799,843,845,512,800],"class_list":{"0":"post-34073","1":"product","2":"type-product","3":"status-publish","4":"has-post-thumbnail","6":"product_cat-bases-de-asiento","7":"product_cat-nissan","8":"product_cat-todo","9":"product_tag-370z-seat-rails","10":"product_tag-370z-seat-supports","11":"product_tag-370z-supports","12":"product_tag-base-de-asiento-en","13":"product_tag-driftworks-en","14":"product_tag-engineering-en","15":"product_tag-motorsport-en","16":"product_tag-nissan-2","17":"product_tag-nissan-370z","18":"product_tag-nissan-370z-nismo","19":"product_tag-nissan-370z-seat-brackets","20":"product_tag-nissan-370z-supports","21":"product_tag-nissan-rails","22":"product_tag-nissan-seat-supports","23":"product_tag-nisuba-en","24":"product_tag-seat-brackets-en","25":"product_tag-seat-rails-en","26":"product_tag-seat-supports-370z","27":"product_tag-soporte-de-asiento-en","28":"pa_corredera-no","29":"pa_corredera-si","30":"pa_lado-base-derecha","31":"pa_lado-base-izquierda","32":"pa_tipo-de-base-base-correderas","33":"pa_tipo-de-base-base-laterales","34":"pa_tipo-de-base-solo-base","36":"first","37":"instock","38":"taxable","39":"shipping-taxable","40":"purchasable","41":"product-type-variable","42":"rtwpvs-product"},"acf":[],"jetpack_sharing_enabled":true,"_links":{"self":[{"href":"https:\/\/nisuba.com\/en\/wp-json\/wp\/v2\/product\/34073","targetHints":{"allow":["GET"]}}],"collection":[{"href":"https:\/\/nisuba.com\/en\/wp-json\/wp\/v2\/product"}],"about":[{"href":"https:\/\/nisuba.com\/en\/wp-json\/wp\/v2\/types\/product"}],"replies":[{"embeddable":true,"href":"https:\/\/nisuba.com\/en\/wp-json\/wp\/v2\/comments?post=34073"}],"wp:featuredmedia":[{"embeddable":true,"href":"https:\/\/nisuba.com\/en\/wp-json\/wp\/v2\/media\/35648"}],"wp:attachment":[{"href":"https:\/\/nisuba.com\/en\/wp-json\/wp\/v2\/media?parent=34073"}],"wp:term":[{"taxonomy":"product_brand","embeddable":true,"href":"https:\/\/nisuba.com\/en\/wp-json\/wp\/v2\/product_brand?post=34073"},{"taxonomy":"product_cat","embeddable":true,"href":"https:\/\/nisuba.com\/en\/wp-json\/wp\/v2\/product_cat?post=34073"},{"taxonomy":"product_tag","embeddable":true,"href":"https:\/\/nisuba.com\/en\/wp-json\/wp\/v2\/product_tag?post=34073"}],"curies":[{"name":"wp","href":"https:\/\/api.w.org\/{rel}","templated":true}]}}