{"id":34089,"date":"2022-03-04T09:37:59","date_gmt":"2022-03-04T08:37:59","guid":{"rendered":"https:\/\/nisuba.com\/?post_type=product&#038;p=34089"},"modified":"2026-03-16T12:00:12","modified_gmt":"2026-03-16T11:00:12","slug":"base-de-asiento-mitsubishi-evo-5-6","status":"publish","type":"product","link":"https:\/\/nisuba.com\/en\/product\/base-de-asiento-mitsubishi-evo-5-6\/","title":{"rendered":"Mitsubishi Evo 5 and 6 seat bracket"},"content":{"rendered":"<div>Base de asiento para Mitsubishi Evo 5\/6.<\/div>\n<div><\/div>\n<div>Pintado de alta calidad en color negro satinado con pintura al polvo y al horno para proteger del \u00f3xido y ofrecer un acabado limpio y bonito.<\/div>\n<div><\/div>\n<div>\n<p>Se incluye:<\/p>\n<p><strong>Opci\u00f3n &#8216;sin soportes laterales&#8217;:<\/strong><\/p>\n<ul>\n<li>Base espec\u00edfica para Mitsubishi Evo 5\/6.<\/li>\n<\/ul>\n<p><em>No podemos asegurar que tus soporte laterales de otra marca encajen con la base Nisuba sin modificaciones. Aconsejamos que se instale la base Nisuba con los soportes laterales Nisuba.<\/em><\/p>\n<p><strong>Opci\u00f3n &#8216;para baquet fijo&#8217;:<\/strong><\/p>\n<ul>\n<li>Base espec\u00edfica para Mitsubishi Evo 5\/6.<\/li>\n<li>Soportes laterales<\/li>\n<li>Pack de torniller\u00eda (inclu\u00eddo tornillo para cintur\u00f3n de serie).<\/li>\n<li>Si eliges corredera se le a\u00f1ade corredera.<\/li>\n<\/ul>\n<p><strong>Opci\u00f3n &#8216;para semibaquet&#8217;:<\/strong><\/p>\n<ul>\n<li>Base espec\u00edfica para Mitsubishi Evo 5\/6.<\/li>\n<li>Corredera<\/li>\n<li>Pack de torniller\u00eda (inclu\u00eddo tornillo para cintur\u00f3n de serie).<\/li>\n<\/ul>\n<\/div>\n<div><\/div>\n<div>Incluye agujero para el anclaje del arn\u00e9s de seis puntos.<\/div>\n<div><\/div>\n<div><strong>Informaci\u00f3n importante:<\/strong><\/div>\n<div><\/div>\n<div><em>El dise\u00f1o de estas bases est\u00e1 estudiado para ofrecer la posici\u00f3n de asiento m\u00e1s baja posible con la mayor rigidez y el m\u00ednimo peso.<\/em><\/div>\n<div><\/div>\n<div><\/div>\n<div><a href=\"https:\/\/nisuba.com\/wp-content\/uploads\/2022\/03\/Mitsubishi-evo-5.6-ingles.pdf\"><span style=\"background-color: #00ffff;\"><strong>INSTRUCCIONES DE MONTAJE<\/strong><\/span><\/a><\/div>\n<div><\/div>\n<div><\/div>\n<div>[embedyt] https:\/\/www.youtube.com\/watch?v=gy8XBxPgRtM[\/embedyt]<\/div>\n<p>&nbsp;<\/p>\n","protected":false},"excerpt":{"rendered":"<p>Base de asiento para Mitsubishi Evo 5\/6. Pintado de alta calidad en color negro satinado con pintura al polvo y al horno para proteger del \u00f3xido y ofrecer un acabado limpio y bonito. Se incluye: Opci\u00f3n &#8216;sin soportes laterales&#8217;: Base espec\u00edfica para Mitsubishi Evo 5\/6. No podemos asegurar que tus soporte laterales de otra marca [&hellip;]<\/p>\n","protected":false},"featured_media":36270,"comment_status":"open","ping_status":"closed","template":"","meta":{"_acf_changed":false,"jetpack_post_was_ever_published":false,"_joinchat":[]},"product_brand":[],"product_cat":[212,400,165],"product_tag":[783,520,521,522,523,785,786,516,518,517,519,623,392,625,514,515,394,395,624,626,622,513,798,799,843,845,800],"class_list":{"0":"post-34089","1":"product","2":"type-product","3":"status-publish","4":"has-post-thumbnail","6":"product_cat-bases-de-asiento","7":"product_cat-mitsubishi","8":"product_cat-todo","9":"product_tag-base-de-asiento-en","10":"product_tag-bases-de-asiento-evo","11":"product_tag-bases-de-asiento-evo-6","12":"product_tag-bases-evo-6","13":"product_tag-bases-mitsubishi-evo","14":"product_tag-driftworks-en","15":"product_tag-engineering-en","16":"product_tag-evo-5-seat-rails","17":"product_tag-evo-5-seat-supports","18":"product_tag-evo-6-seat-rails","19":"product_tag-evo-6-seat-supports","20":"product_tag-lancer-evo","21":"product_tag-mitsubishi-evo","22":"product_tag-mitsubishi-evo-10","23":"product_tag-mitsubishi-evo-5","24":"product_tag-mitsubishi-evo-6","25":"product_tag-mitsubishi-evo-8","26":"product_tag-mitsubishi-evo-9","27":"product_tag-mitsubishi-lancer-evo","28":"product_tag-mitsubishi-lancer-evo-9","29":"product_tag-mitsubishi-lancer-evolution","30":"product_tag-mitusbishi","31":"product_tag-motorsport-en","32":"product_tag-nisuba-en","33":"product_tag-seat-brackets-en","34":"product_tag-seat-rails-en","35":"product_tag-soporte-de-asiento-en","36":"pa_corredera-no","37":"pa_corredera-si","38":"pa_lado-base-derecha","39":"pa_lado-base-izquierda","40":"pa_tipo-de-base-base-correderas","41":"pa_tipo-de-base-base-laterales","42":"pa_tipo-de-base-solo-base","44":"first","45":"instock","46":"taxable","47":"shipping-taxable","48":"purchasable","49":"product-type-variable","50":"rtwpvs-product"},"acf":[],"jetpack_sharing_enabled":true,"_links":{"self":[{"href":"https:\/\/nisuba.com\/en\/wp-json\/wp\/v2\/product\/34089","targetHints":{"allow":["GET"]}}],"collection":[{"href":"https:\/\/nisuba.com\/en\/wp-json\/wp\/v2\/product"}],"about":[{"href":"https:\/\/nisuba.com\/en\/wp-json\/wp\/v2\/types\/product"}],"replies":[{"embeddable":true,"href":"https:\/\/nisuba.com\/en\/wp-json\/wp\/v2\/comments?post=34089"}],"wp:featuredmedia":[{"embeddable":true,"href":"https:\/\/nisuba.com\/en\/wp-json\/wp\/v2\/media\/36270"}],"wp:attachment":[{"href":"https:\/\/nisuba.com\/en\/wp-json\/wp\/v2\/media?parent=34089"}],"wp:term":[{"taxonomy":"product_brand","embeddable":true,"href":"https:\/\/nisuba.com\/en\/wp-json\/wp\/v2\/product_brand?post=34089"},{"taxonomy":"product_cat","embeddable":true,"href":"https:\/\/nisuba.com\/en\/wp-json\/wp\/v2\/product_cat?post=34089"},{"taxonomy":"product_tag","embeddable":true,"href":"https:\/\/nisuba.com\/en\/wp-json\/wp\/v2\/product_tag?post=34089"}],"curies":[{"name":"wp","href":"https:\/\/api.w.org\/{rel}","templated":true}]}}