{"id":34099,"date":"2022-03-04T09:57:34","date_gmt":"2022-03-04T08:57:34","guid":{"rendered":"https:\/\/nisuba.com\/?post_type=product&#038;p=34099"},"modified":"2026-03-16T11:59:37","modified_gmt":"2026-03-16T10:59:37","slug":"base-de-asiento-subaru-impreza-gc8","status":"publish","type":"product","link":"https:\/\/nisuba.com\/en\/product\/base-de-asiento-subaru-impreza-gc8\/","title":{"rendered":"Subaru Impreza gc8 seat bracket"},"content":{"rendered":"<div>Seat base for Subaru Impreza gc8.<\/div>\n<div><\/div>\n<div>High quality painted in satin black with powdercoat to protect from rust and offer a clean and beautiful finish.<\/div>\n<div>\n<p>Included:<\/p>\n<p><strong>Option &#039;without side supports&#039;:<\/strong><\/p>\n<ul>\n<li>Specific base for Subaru Impreza gc8.<\/li>\n<\/ul>\n<p><em>We cannot guarantee that your side supports from another brand will fit the Nisuba seat bracket without modifications. We recommend installing the Nisuba base with the Nisuba side supports.<\/em><\/p>\n<p><strong>Option 'only bottom':<\/strong><\/p>\n<ul>\n<li>Specific base for Subaru Impreza gc8.<\/li>\n<li>Side supports<\/li>\n<li>Hardware pack (including support belt screw).<\/li>\n<li>If you choose sliding, sliding is added.<\/li>\n<\/ul>\n<p><strong>Option 'bottom mount':<\/strong><\/p>\n<ul>\n<li>Specific base for Subaru Impreza gc8.<\/li>\n<li>Slide<\/li>\n<li>Hardware pack (including support belt screw).<\/li>\n<\/ul>\n<\/div>\n<div><\/div>\n<div><\/div>\n<div><strong>Important information:<\/strong><\/div>\n<div><\/div>\n<div><em>The design of these seat brackets is studied to offer the lowest possible seating position with the greatest rigidity and minimum weight.<\/em><\/div>\n<div><\/div>\n<div><\/div>\n<div><a href=\"https:\/\/nisuba.com\/wp-content\/uploads\/2022\/03\/Subaru-impreza-gc8-ingles.pdf\"><span style=\"background-color: #00ffff;\"><strong>ASSEMBLY INSTRUCTIONS<\/strong><\/span><\/a><\/div>\n<p>&nbsp;<\/p>","protected":false},"excerpt":{"rendered":"<p>Base de asiento para Subaru Impreza gc8. Pintado de alta calidad en color negro satinado con pintura al polvo y al horno para proteger del \u00f3xido y ofrecer un acabado limpio y bonito. Se incluye: Opci\u00f3n &#8216;sin soportes laterales&#8217;: Base espec\u00edfica para Subaru Impreza gc8. No podemos asegurar que tus soporte laterales de otra marca [&hellip;]<\/p>\n","protected":false},"featured_media":34107,"comment_status":"open","ping_status":"closed","template":"","meta":{"_acf_changed":false,"jetpack_post_was_ever_published":false,"_joinchat":[]},"product_brand":[],"product_cat":[212,312,165],"product_tag":[783,785,786,528,527,530,798,799,843,845,800,919,529,182,531,526,525,524],"class_list":{"0":"post-34099","1":"product","2":"type-product","3":"status-publish","4":"has-post-thumbnail","6":"product_cat-bases-de-asiento","7":"product_cat-subaru","8":"product_cat-todo","9":"product_tag-base-de-asiento-en","10":"product_tag-driftworks-en","11":"product_tag-engineering-en","12":"product_tag-gc8-seat-brackets","13":"product_tag-gc8-seat-rails","14":"product_tag-impreza-gc8-seat-rails","15":"product_tag-motorsport-en","16":"product_tag-nisuba-en","17":"product_tag-seat-brackets-en","18":"product_tag-seat-rails-en","19":"product_tag-soporte-de-asiento-en","20":"product_tag-subaru-en","21":"product_tag-subaru-gc8-seat-rails","22":"product_tag-subaru-impreza","23":"product_tag-subaru-impreza-gc8-seat-rails","24":"product_tag-subaru-impreza-seat-brackets","25":"product_tag-subaru-impreza-seat-rails","26":"product_tag-subaru-seat-rails","27":"pa_corredera-no","28":"pa_corredera-si","29":"pa_lado-base-derecha","30":"pa_lado-base-izquierda","31":"pa_tipo-de-base-base-correderas","32":"pa_tipo-de-base-base-laterales","33":"pa_tipo-de-base-solo-base","35":"first","36":"instock","37":"taxable","38":"shipping-taxable","39":"purchasable","40":"product-type-variable","41":"rtwpvs-product"},"acf":[],"jetpack_sharing_enabled":true,"_links":{"self":[{"href":"https:\/\/nisuba.com\/en\/wp-json\/wp\/v2\/product\/34099","targetHints":{"allow":["GET"]}}],"collection":[{"href":"https:\/\/nisuba.com\/en\/wp-json\/wp\/v2\/product"}],"about":[{"href":"https:\/\/nisuba.com\/en\/wp-json\/wp\/v2\/types\/product"}],"replies":[{"embeddable":true,"href":"https:\/\/nisuba.com\/en\/wp-json\/wp\/v2\/comments?post=34099"}],"wp:featuredmedia":[{"embeddable":true,"href":"https:\/\/nisuba.com\/en\/wp-json\/wp\/v2\/media\/34107"}],"wp:attachment":[{"href":"https:\/\/nisuba.com\/en\/wp-json\/wp\/v2\/media?parent=34099"}],"wp:term":[{"taxonomy":"product_brand","embeddable":true,"href":"https:\/\/nisuba.com\/en\/wp-json\/wp\/v2\/product_brand?post=34099"},{"taxonomy":"product_cat","embeddable":true,"href":"https:\/\/nisuba.com\/en\/wp-json\/wp\/v2\/product_cat?post=34099"},{"taxonomy":"product_tag","embeddable":true,"href":"https:\/\/nisuba.com\/en\/wp-json\/wp\/v2\/product_tag?post=34099"}],"curies":[{"name":"wp","href":"https:\/\/api.w.org\/{rel}","templated":true}]}}