{"id":34183,"date":"2022-05-24T12:23:16","date_gmt":"2022-05-24T11:23:16","guid":{"rendered":"https:\/\/nisuba.com\/?post_type=product&#038;p=34183"},"modified":"2026-01-16T10:23:03","modified_gmt":"2026-01-16T09:23:03","slug":"soportes-motor-y-caja-para-swap-en-nissan-s13-vq35","status":"publish","type":"product","link":"https:\/\/nisuba.com\/en\/product\/soportes-motor-y-caja-para-swap-en-nissan-s13-vq35\/","title":{"rendered":"Engine and box supports for swap on Nissan s13 \u2013 VQ35"},"content":{"rendered":"<p>Engine and gearbox mounts for mounting a VQ35 + gearbox of this engine on a Nissan s13.<\/p>\n<p>Manufactured in stainless steel and designed with flanges so that the whole assembly can be adjusted slightly forwards or backwards as required.<\/p>\n<p>&nbsp;<\/p>\n<p><strong>IMPORTANT:<\/strong><\/p>\n<p>The silent blocks are required for complete assembly.<\/p>\n<p>This product is made to order and therefore shipping time is approximately 4 weeks.<\/p>","protected":false},"excerpt":{"rendered":"<p>Soportes de motor y caja para montar un VQ35 + caja de cambios de este motor en un Nissan s13. Fabricados en acero inoxidable y dise\u00f1ados con colisos para poder regular un poco hacia delante o hacia detr\u00e1s todo el conjunto seg\u00fan necesidades. &nbsp; IMPORTANTE: Son necesarios los silentblocks para el montaje completo. Este producto [&hellip;]<\/p>\n","protected":false},"featured_media":36263,"comment_status":"open","ping_status":"closed","template":"","meta":{"_acf_changed":false,"jetpack_post_was_ever_published":false,"_joinchat":[]},"product_brand":[],"product_cat":[422,308,165],"product_tag":[871,769,873,853,785,768,608,818,770,771,612,772,773,774,610,616,614],"class_list":{"0":"post-34183","1":"product","2":"type-product","3":"status-publish","4":"has-post-thumbnail","6":"product_cat-accesorios","7":"product_cat-nissan","8":"product_cat-todo","9":"product_tag-180sx-en","10":"product_tag-200sx-2","11":"product_tag-240sx-en","12":"product_tag-driftshop-2","13":"product_tag-driftworks-en","14":"product_tag-nissan-2","15":"product_tag-nissan-180sx","16":"product_tag-nissan-s13-en","17":"product_tag-nissan-s14-2","18":"product_tag-nissan-s15-2","19":"product_tag-nissan-silvia","20":"product_tag-s13-2","21":"product_tag-s14-2","22":"product_tag-s15-2","23":"product_tag-silvia-s13","24":"product_tag-silvia-s14","25":"product_tag-silvia-s15","26":"pa_soportes-soportes-de-motor","27":"pa_soportes-soportes-de-motor-y-caja-de-cambios","29":"first","30":"onbackorder","31":"taxable","32":"shipping-taxable","33":"purchasable","34":"product-type-variable","35":"rtwpvs-product"},"acf":[],"jetpack_sharing_enabled":true,"_links":{"self":[{"href":"https:\/\/nisuba.com\/en\/wp-json\/wp\/v2\/product\/34183","targetHints":{"allow":["GET"]}}],"collection":[{"href":"https:\/\/nisuba.com\/en\/wp-json\/wp\/v2\/product"}],"about":[{"href":"https:\/\/nisuba.com\/en\/wp-json\/wp\/v2\/types\/product"}],"replies":[{"embeddable":true,"href":"https:\/\/nisuba.com\/en\/wp-json\/wp\/v2\/comments?post=34183"}],"wp:featuredmedia":[{"embeddable":true,"href":"https:\/\/nisuba.com\/en\/wp-json\/wp\/v2\/media\/36263"}],"wp:attachment":[{"href":"https:\/\/nisuba.com\/en\/wp-json\/wp\/v2\/media?parent=34183"}],"wp:term":[{"taxonomy":"product_brand","embeddable":true,"href":"https:\/\/nisuba.com\/en\/wp-json\/wp\/v2\/product_brand?post=34183"},{"taxonomy":"product_cat","embeddable":true,"href":"https:\/\/nisuba.com\/en\/wp-json\/wp\/v2\/product_cat?post=34183"},{"taxonomy":"product_tag","embeddable":true,"href":"https:\/\/nisuba.com\/en\/wp-json\/wp\/v2\/product_tag?post=34183"}],"curies":[{"name":"wp","href":"https:\/\/api.w.org\/{rel}","templated":true}]}}