{"id":34224,"date":"2022-07-11T10:23:32","date_gmt":"2022-07-11T09:23:32","guid":{"rendered":"https:\/\/nisuba.com\/?post_type=product&#038;p=34224"},"modified":"2026-01-16T10:22:19","modified_gmt":"2026-01-16T09:22:19","slug":"soporte-relojes-nissan-s14","status":"publish","type":"product","link":"https:\/\/nisuba.com\/en\/product\/soporte-relojes-nissan-s14\/","title":{"rendered":"Nissan s14 gauge pod"},"content":{"rendered":"<p>Support for 3 watches with an angle focused on the driver for Nissan S14 made of 3D printing in pa12 material.<\/p>\n<p>For left-hand drive cars.<\/p>\n<p>To put this watch stand you have to remove the radio.<\/p>\n<p>For measurements of watches with a diameter of 52mm.<\/p>\n<p><em>Plastic products manufactured by 3D printing <strong>are made to order<\/strong>Therefore, it may take about 10 business days to arrive after placing the order.<\/em><\/p>","protected":false},"excerpt":{"rendered":"<p>Soporte para 3 relojes con \u00e1ngulo enfocado al conductor para nissan s14 fabricado en impresi\u00f3n 3D en material pa12. Para coches con volante a la izquierda. Para poner este soporte de relojes hay que quitar la radio. Para medidas de relojes de di\u00e1metro 52mm. Los productos de pl\u00e1stico fabricados por impresi\u00f3n 3D se hacen bajo [&hellip;]<\/p>\n","protected":false},"featured_media":36262,"comment_status":"open","ping_status":"closed","template":"","meta":{"_acf_changed":false,"jetpack_post_was_ever_published":false,"_joinchat":[]},"product_brand":[],"product_cat":[308,421,165],"product_tag":[146,145,142,178,615,565,564,616,143,567,566,147],"class_list":{"0":"post-34224","1":"product","2":"type-product","3":"status-publish","4":"has-post-thumbnail","6":"product_cat-nissan","7":"product_cat-soportes-de-relojes","8":"product_cat-todo","9":"product_tag-gauge","10":"product_tag-gauge-support","11":"product_tag-nissan","12":"product_tag-nissan-s14","13":"product_tag-nissan-silvia-s14","14":"product_tag-s14-gauge-holder","15":"product_tag-s14-gauge-support","16":"product_tag-silvia-s14","17":"product_tag-soporte-relojes","18":"product_tag-soporte-relojes-nissan","19":"product_tag-soporte-relojes-s14","20":"product_tag-support","22":"first","23":"instock","24":"taxable","25":"shipping-taxable","26":"purchasable","27":"product-type-simple"},"acf":[],"jetpack_sharing_enabled":true,"_links":{"self":[{"href":"https:\/\/nisuba.com\/en\/wp-json\/wp\/v2\/product\/34224","targetHints":{"allow":["GET"]}}],"collection":[{"href":"https:\/\/nisuba.com\/en\/wp-json\/wp\/v2\/product"}],"about":[{"href":"https:\/\/nisuba.com\/en\/wp-json\/wp\/v2\/types\/product"}],"replies":[{"embeddable":true,"href":"https:\/\/nisuba.com\/en\/wp-json\/wp\/v2\/comments?post=34224"}],"wp:featuredmedia":[{"embeddable":true,"href":"https:\/\/nisuba.com\/en\/wp-json\/wp\/v2\/media\/36262"}],"wp:attachment":[{"href":"https:\/\/nisuba.com\/en\/wp-json\/wp\/v2\/media?parent=34224"}],"wp:term":[{"taxonomy":"product_brand","embeddable":true,"href":"https:\/\/nisuba.com\/en\/wp-json\/wp\/v2\/product_brand?post=34224"},{"taxonomy":"product_cat","embeddable":true,"href":"https:\/\/nisuba.com\/en\/wp-json\/wp\/v2\/product_cat?post=34224"},{"taxonomy":"product_tag","embeddable":true,"href":"https:\/\/nisuba.com\/en\/wp-json\/wp\/v2\/product_tag?post=34224"}],"curies":[{"name":"wp","href":"https:\/\/api.w.org\/{rel}","templated":true}]}}