{"id":34285,"date":"2022-09-20T21:37:15","date_gmt":"2022-09-20T20:37:15","guid":{"rendered":"https:\/\/nisuba.com\/?post_type=product&#038;p=34285"},"modified":"2026-03-30T18:22:17","modified_gmt":"2026-03-30T17:22:17","slug":"base-de-asiento-bmw-e30","status":"publish","type":"product","link":"https:\/\/nisuba.com\/en\/product\/base-de-asiento-bmw-e30\/","title":{"rendered":"Bmw E30 seat bracket"},"content":{"rendered":"<div>Seat bracket for Bmw E30.<\/div>\n<div><\/div>\n<div>The same basis is valid for both the right side and the left side.<\/div>\n<div><\/div>\n<div>High quality painted in satin black with powdercoat to protect from rust and offer a clean and beautiful finish.<\/div>\n<div>\n<p>Included:<\/p>\n<p><strong>Option &#039;without side supports&#039;:<\/strong><\/p>\n<ul>\n<li>Specific seat bracekt for Bmw E36\/E46<\/li>\n<\/ul>\n<p><em>We cannot guarantee that your side supports from another brand will fit the Nisuba seat bracket without modifications. We recommend installing the Nisuba base with the Nisuba side supports.<\/em><\/p>\n<p><strong>Option 'only bottom':<\/strong><\/p>\n<ul>\n<li>Specific seat bracekt for Bmw E36\/E46<\/li>\n<li>Side supports<\/li>\n<li>Hardware pack (including support belt screw).<\/li>\n<li>If you choose sliding, sliding is added.<\/li>\n<\/ul>\n<p><strong>Option 'bottom mount':<\/strong><\/p>\n<ul>\n<li>Specific seat bracekt for Bmw E36\/E46<\/li>\n<li>Slide<\/li>\n<li>Hardware pack (including support belt screw).<\/li>\n<\/ul>\n<\/div>\n<div><\/div>\n<div><\/div>\n<div><strong>Important information:<\/strong><\/div>\n<div><\/div>\n<div><em>Manufactured and designed under FIA specifications.<\/em><\/div>\n<div><\/div>\n<div>Accepts buckets from a minimum width of 36cm.<\/div>\n<p>&nbsp;<\/p>\n<p><span style=\"background-color: #00ffff;\"><strong><a href=\"https:\/\/nisuba.com\/wp-content\/uploads\/2020\/09\/Bmw-e36-e46-semi-ingles.pdf\">ASSEMBLY INSTRUCTIONS<\/a><\/strong><\/span><\/p>","protected":false},"excerpt":{"rendered":"<p>Base de asiento para Bmw E30. La misma base es v\u00e1lida tanto para el lado derecho como para el lado izquierdo. Pintado de alta calidad en color negro satinado con pintura al polvo y al horno para proteger del \u00f3xido y ofrecer un acabado limpio y bonito. Se incluye: Opci\u00f3n &#8216;sin soportes laterales&#8217;: Base espec\u00edfica [&hellip;]<\/p>\n","protected":false},"featured_media":36260,"comment_status":"open","ping_status":"closed","template":"","meta":{"_acf_changed":false,"jetpack_post_was_ever_published":false,"_joinchat":[]},"product_brand":[],"product_cat":[212,309,165],"product_tag":[],"class_list":{"0":"post-34285","1":"product","2":"type-product","3":"status-publish","4":"has-post-thumbnail","6":"product_cat-bases-de-asiento","7":"product_cat-bmw","8":"product_cat-todo","9":"pa_corredera-no","10":"pa_corredera-si","11":"pa_tipo-de-base-base-correderas","12":"pa_tipo-de-base-base-laterales","13":"pa_tipo-de-base-solo-base","15":"first","16":"instock","17":"taxable","18":"shipping-taxable","19":"purchasable","20":"product-type-variable","21":"rtwpvs-product"},"acf":[],"jetpack_sharing_enabled":true,"_links":{"self":[{"href":"https:\/\/nisuba.com\/en\/wp-json\/wp\/v2\/product\/34285","targetHints":{"allow":["GET"]}}],"collection":[{"href":"https:\/\/nisuba.com\/en\/wp-json\/wp\/v2\/product"}],"about":[{"href":"https:\/\/nisuba.com\/en\/wp-json\/wp\/v2\/types\/product"}],"replies":[{"embeddable":true,"href":"https:\/\/nisuba.com\/en\/wp-json\/wp\/v2\/comments?post=34285"}],"wp:featuredmedia":[{"embeddable":true,"href":"https:\/\/nisuba.com\/en\/wp-json\/wp\/v2\/media\/36260"}],"wp:attachment":[{"href":"https:\/\/nisuba.com\/en\/wp-json\/wp\/v2\/media?parent=34285"}],"wp:term":[{"taxonomy":"product_brand","embeddable":true,"href":"https:\/\/nisuba.com\/en\/wp-json\/wp\/v2\/product_brand?post=34285"},{"taxonomy":"product_cat","embeddable":true,"href":"https:\/\/nisuba.com\/en\/wp-json\/wp\/v2\/product_cat?post=34285"},{"taxonomy":"product_tag","embeddable":true,"href":"https:\/\/nisuba.com\/en\/wp-json\/wp\/v2\/product_tag?post=34285"}],"curies":[{"name":"wp","href":"https:\/\/api.w.org\/{rel}","templated":true}]}}