{"id":35643,"date":"2023-09-14T11:14:31","date_gmt":"2023-09-14T10:14:31","guid":{"rendered":"https:\/\/nisuba.com\/?post_type=product&#038;p=35643"},"modified":"2026-03-02T14:02:36","modified_gmt":"2026-03-02T13:02:36","slug":"bases-para-semi-baquet-nissan-s13-s14-s15","status":"publish","type":"product","link":"https:\/\/nisuba.com\/en\/product\/bases-para-semi-baquet-nissan-s13-s14-s15\/","title":{"rendered":"Bottom mount seat bracket Nissan s13 \u2013 s14 \u2013 s15"},"content":{"rendered":"<p>Seat base for semi bucket for Nissan s-chassis.<\/p>\n<p>Bases designed to make the most of the available space to leave the seat as low as possible.<br \/>\nSparco sliding guides are included to regulate the distance from the seat to the steering wheel and pedals.<br \/>\nPainted in black to protect from rust and offer a clean and beautiful finish.<br \/>\nIt has an anchorage for the belt as standard.<\/p>\n<p>The complete kit includes:<\/p>\n<p>\u2013 Specific base for Nissan s13, s14 and s15.<br \/>\n\u2013 Sliding guides.<br \/>\n\u2013 Hardware pack (including belt screw as standard).<\/p>\n<p>&nbsp;<\/p>\n<p><span style=\"background-color: #00ffff;\"><strong><a style=\"background-color: #00ffff;\" href=\"https:\/\/nisuba.com\/wp-content\/uploads\/2019\/10\/NISUBA-INSTRUCCIONES-DE-MONTAJE-SEMIBAQUET.pdf\">ASSEMBLY INSTRUCTIONS<\/a><\/strong><\/span><\/p>","protected":false},"excerpt":{"rendered":"<p>Base de asiento para semi baquet para Nissan s-chassis. Bases dise\u00f1adas aprovechando al m\u00e1ximo el espacio disponible para poder dejar el asiento lo m\u00e1s bajo posible. Se incluyen gu\u00edas correderas Sparco para regular la distancia del asiento al volante y los pedales. Pintado en color negro para proteger del \u00f3xido y ofrecer un acabado limpio [&hellip;]<\/p>\n","protected":false},"featured_media":35978,"comment_status":"open","ping_status":"closed","template":"","meta":{"_acf_changed":false,"jetpack_post_was_ever_published":false,"_joinchat":[]},"product_brand":[],"product_cat":[212,308,165],"product_tag":[871,769,873,853,785,768,608,818,770,771,612,772,773,774,610,616,614],"class_list":{"0":"post-35643","1":"product","2":"type-product","3":"status-publish","4":"has-post-thumbnail","6":"product_cat-bases-de-asiento","7":"product_cat-nissan","8":"product_cat-todo","9":"product_tag-180sx-en","10":"product_tag-200sx-2","11":"product_tag-240sx-en","12":"product_tag-driftshop-2","13":"product_tag-driftworks-en","14":"product_tag-nissan-2","15":"product_tag-nissan-180sx","16":"product_tag-nissan-s13-en","17":"product_tag-nissan-s14-2","18":"product_tag-nissan-s15-2","19":"product_tag-nissan-silvia","20":"product_tag-s13-2","21":"product_tag-s14-2","22":"product_tag-s15-2","23":"product_tag-silvia-s13","24":"product_tag-silvia-s14","25":"product_tag-silvia-s15","26":"pa_lado-base-derecha","27":"pa_lado-base-izquierda","29":"first","30":"instock","31":"taxable","32":"shipping-taxable","33":"purchasable","34":"product-type-variable","35":"rtwpvs-product"},"acf":[],"jetpack_sharing_enabled":true,"_links":{"self":[{"href":"https:\/\/nisuba.com\/en\/wp-json\/wp\/v2\/product\/35643","targetHints":{"allow":["GET"]}}],"collection":[{"href":"https:\/\/nisuba.com\/en\/wp-json\/wp\/v2\/product"}],"about":[{"href":"https:\/\/nisuba.com\/en\/wp-json\/wp\/v2\/types\/product"}],"replies":[{"embeddable":true,"href":"https:\/\/nisuba.com\/en\/wp-json\/wp\/v2\/comments?post=35643"}],"wp:featuredmedia":[{"embeddable":true,"href":"https:\/\/nisuba.com\/en\/wp-json\/wp\/v2\/media\/35978"}],"wp:attachment":[{"href":"https:\/\/nisuba.com\/en\/wp-json\/wp\/v2\/media?parent=35643"}],"wp:term":[{"taxonomy":"product_brand","embeddable":true,"href":"https:\/\/nisuba.com\/en\/wp-json\/wp\/v2\/product_brand?post=35643"},{"taxonomy":"product_cat","embeddable":true,"href":"https:\/\/nisuba.com\/en\/wp-json\/wp\/v2\/product_cat?post=35643"},{"taxonomy":"product_tag","embeddable":true,"href":"https:\/\/nisuba.com\/en\/wp-json\/wp\/v2\/product_tag?post=35643"}],"curies":[{"name":"wp","href":"https:\/\/api.w.org\/{rel}","templated":true}]}}