{"id":36937,"date":"2023-12-12T18:49:48","date_gmt":"2023-12-12T17:49:48","guid":{"rendered":"https:\/\/nisuba.com\/?post_type=product&#038;p=36937"},"modified":"2025-02-04T22:19:47","modified_gmt":"2025-02-04T21:19:47","slug":"driftworks-geomaster-3-delantero","status":"publish","type":"product","link":"https:\/\/nisuba.com\/en\/product\/driftworks-geomaster-3-delantero\/","title":{"rendered":"DRIFTWORKS GEOMASTER 3 DROP KNUCKLES S13, S14, S15 - FRONT"},"content":{"rendered":"<p>Geomaster 3 Hub Knuckles for the Nissan S Chassis - S13 S14 &amp; S15<\/p>\n<p>Geomaster 3 Front: Improvements in steering lock, drop and kinematics over the already fantastic Geomaster 2.\nProvisions for ABS sensors &amp; we've tested to the absolute limits of what is achievable while retaining a front anti roll bar.<\/p>\n<p>Setting One Specifics: This is intended for Street Style Drift &amp; Track \/ Grip use. It has minor revisions over the extremely popular Geomaster 2 knuckles: Namely:\n7% quicker steering, a slightly reduction in ackermann, 13mm improvement in roll centre correction, and 6mm increase in scrub radius.<\/p>\n<p>Setting Two Specifics: This is intended for Extreme Drift Use: It has extensive changes over Geomaster 2 kinematics, Namely: 18% quicker steering, fully optimised ackermann angle to acheive the best possible steering angle and feel while retaining the an anti roll bar option. 25mm increase in scrub radius.<\/p>\n<p>The new coating: We have chosen a zinc + polyurethane process, offering impressive durability, and vast improvements in corrosion resistance.<\/p>\n<p>Please note:\nThese are a racing part, and as such are not suitable for road use. \nWhen using setting two (Extreme Drift Mode) The fronts require the tension rod shortening, and the top of the coilover moving forward to reduce castor. This can be done by rotating a normal camber adjustable top mount by 120* (no drilling or modification required).\nS13 fitment is for 5 stud vehicles only.<\/p>\n<p>For the latest revision of the super popular Geomaster knuckle, we've collaborated with world-renowned suspension engineers Wisefab to create the ultimate combined drift &amp; track drop knuckle set for Nissan S-Chassis.\nThe Driftworks Geomaster3 is the result of nearly two years of extensive research and development. Combining Wisefab's incredible CAD-based design and manufacturing capabilities with Driftworks extensive experience with S-chassis Nissan suspension &amp; geometry.<\/p>\n<p>\u00a0<\/p>\n<p><strong>Important:<\/strong><\/p>\n<p><em>We do not have this product in stock and its delivery would be approximately two weeks.<\/em><\/p>\n<p><em>The kit consists of the right knuckee and the left knuckle.<\/em><\/p>\n<p>\u00a0<\/p>","protected":false},"excerpt":{"rendered":"<p>Manguetas kit de giro Geomaster 3 Driftworks desarrollado y fabricado por Wisefab junto con Driftworks. V\u00e1lido para Nissan s13 (con buje de s14), Nissan s14 y Nissan s15. Es un kit de giro no tan extremo como el t\u00edpico Wisefab pero que mejora much\u00edsmo el \u00e1ngulo de giro y la cinem\u00e1tica de la rueda con [&hellip;]<\/p>\n","protected":false},"featured_media":36939,"comment_status":"open","ping_status":"closed","template":"","meta":{"_acf_changed":false,"jetpack_post_was_ever_published":false,"_joinchat":[]},"product_brand":[],"product_cat":[1006,308,165],"product_tag":[],"class_list":{"0":"post-36937","1":"product","2":"type-product","3":"status-publish","4":"has-post-thumbnail","6":"product_cat-chasis","7":"product_cat-nissan","8":"product_cat-todo","10":"first","11":"instock","12":"taxable","13":"shipping-taxable","14":"purchasable","15":"product-type-simple"},"acf":[],"jetpack_sharing_enabled":true,"_links":{"self":[{"href":"https:\/\/nisuba.com\/en\/wp-json\/wp\/v2\/product\/36937","targetHints":{"allow":["GET"]}}],"collection":[{"href":"https:\/\/nisuba.com\/en\/wp-json\/wp\/v2\/product"}],"about":[{"href":"https:\/\/nisuba.com\/en\/wp-json\/wp\/v2\/types\/product"}],"replies":[{"embeddable":true,"href":"https:\/\/nisuba.com\/en\/wp-json\/wp\/v2\/comments?post=36937"}],"wp:featuredmedia":[{"embeddable":true,"href":"https:\/\/nisuba.com\/en\/wp-json\/wp\/v2\/media\/36939"}],"wp:attachment":[{"href":"https:\/\/nisuba.com\/en\/wp-json\/wp\/v2\/media?parent=36937"}],"wp:term":[{"taxonomy":"product_brand","embeddable":true,"href":"https:\/\/nisuba.com\/en\/wp-json\/wp\/v2\/product_brand?post=36937"},{"taxonomy":"product_cat","embeddable":true,"href":"https:\/\/nisuba.com\/en\/wp-json\/wp\/v2\/product_cat?post=36937"},{"taxonomy":"product_tag","embeddable":true,"href":"https:\/\/nisuba.com\/en\/wp-json\/wp\/v2\/product_tag?post=36937"}],"curies":[{"name":"wp","href":"https:\/\/api.w.org\/{rel}","templated":true}]}}