{"id":37091,"date":"2024-01-02T16:14:40","date_gmt":"2024-01-02T15:14:40","guid":{"rendered":"https:\/\/nisuba.com\/?post_type=product&#038;p=37091"},"modified":"2026-04-14T10:27:41","modified_gmt":"2026-04-14T09:27:41","slug":"bases-de-asiento-hyperlow-honda-s2000","status":"publish","type":"product","link":"https:\/\/nisuba.com\/en\/product\/bases-de-asiento-hyperlow-honda-s2000\/","title":{"rendered":"Hyperlow Honda S2000 Seat bracket"},"content":{"rendered":"<p>Seat base for Honda S2000.<\/p>\n<p><strong>It is possible to mount a slider<\/strong> Sparco from the ones we supply, taking into account that the position would not be 'Hyperlow' but would be 2 to 3 cm higher.<\/p>\n<p>Seat bracket designed to take your seat as low as possible, practically resting on the ground.<br \/>\nIt has several positions to regulate the height of the seat and the distance from the seat to the steering wheel and pedals.<br \/>\nPainted in black to protect from rust and offer a clean and beautiful finish.<br \/>\nIt has an anchorage for the belt as standard.<\/p>\n<p>The complete kit includes:<\/p>\n<p>- Honda S2000 specific base.<br \/>\n\u2013 Baquet supports.<br \/>\n\u2013 Hardware pack with Nisuba washers (including belt screw as standard).<\/p>\n<p>&nbsp;<\/p>\n<p><strong>Important information:<\/strong><\/p>\n<p><em>Product designed under specifications <strong>FIA according to annex J<\/strong>.<\/em><\/p>\n<p><em>These bases accept buckets of one width at the base <strong>up to 43cm<\/strong>.<\/em><\/p>\n<p>&nbsp;<\/p>\n<p><span style=\"background-color: #00ffff; color: #000000;\"><a style=\"background-color: #00ffff; color: #000000;\" href=\"https:\/\/nisuba.com\/wp-content\/uploads\/2024\/01\/Honda-s2000-mounting-instructions.pdf\">ASSEMBLY INSTRUCTIONShS2<\/a><\/span><\/p>","protected":false},"excerpt":{"rendered":"<p>Base de asiento para Honda S2000. Es posible montar una corredera Sparco de las que suministramos nosotros teniendo en cuenta que la posici\u00f3n no quedar\u00eda &#8216;Hyperlow&#8217; sino que quedar\u00eda de 2 a 3 cm m\u00e1s alta. Bases dise\u00f1adas para que puedas llevar tu asiento lo m\u00e1s bajo posible, pr\u00e1cticamente apoyado en el suelo. Dispone de [&hellip;]<\/p>\n","protected":false},"featured_media":37597,"comment_status":"open","ping_status":"closed","template":"","meta":{"_acf_changed":false,"jetpack_post_was_ever_published":false,"_joinchat":[]},"product_brand":[],"product_cat":[212,311,165],"product_tag":[809,810,811,812,814,261,1009,841,1010,1011,843,348,845,846,825,350,353,351,352,828],"class_list":{"0":"post-37091","1":"product","2":"type-product","3":"status-publish","4":"has-post-thumbnail","6":"product_cat-bases-de-asiento","7":"product_cat-honda","8":"product_cat-todo","9":"product_tag-asiento-en","10":"product_tag-baquet-en","11":"product_tag-bases-en","12":"product_tag-bases-asiento-en","13":"product_tag-competicion-en","14":"product_tag-honda","15":"product_tag-honda-s2000","16":"product_tag-rails-en","17":"product_tag-s2000","18":"product_tag-s2k","19":"product_tag-seat-brackets-en","20":"product_tag-seat-rail","21":"product_tag-seat-rails-en","22":"product_tag-seat-support-en","23":"product_tag-soporte-asiento-en","24":"product_tag-super-low","25":"product_tag-super-low-seat","26":"product_tag-superlow","27":"product_tag-superlow-seat","28":"product_tag-support-en","29":"pa_lado-base-derecha","30":"pa_lado-base-izquierda","32":"first","33":"instock","34":"taxable","35":"shipping-taxable","36":"purchasable","37":"product-type-variable","38":"rtwpvs-product"},"acf":[],"jetpack_sharing_enabled":true,"_links":{"self":[{"href":"https:\/\/nisuba.com\/en\/wp-json\/wp\/v2\/product\/37091","targetHints":{"allow":["GET"]}}],"collection":[{"href":"https:\/\/nisuba.com\/en\/wp-json\/wp\/v2\/product"}],"about":[{"href":"https:\/\/nisuba.com\/en\/wp-json\/wp\/v2\/types\/product"}],"replies":[{"embeddable":true,"href":"https:\/\/nisuba.com\/en\/wp-json\/wp\/v2\/comments?post=37091"}],"wp:featuredmedia":[{"embeddable":true,"href":"https:\/\/nisuba.com\/en\/wp-json\/wp\/v2\/media\/37597"}],"wp:attachment":[{"href":"https:\/\/nisuba.com\/en\/wp-json\/wp\/v2\/media?parent=37091"}],"wp:term":[{"taxonomy":"product_brand","embeddable":true,"href":"https:\/\/nisuba.com\/en\/wp-json\/wp\/v2\/product_brand?post=37091"},{"taxonomy":"product_cat","embeddable":true,"href":"https:\/\/nisuba.com\/en\/wp-json\/wp\/v2\/product_cat?post=37091"},{"taxonomy":"product_tag","embeddable":true,"href":"https:\/\/nisuba.com\/en\/wp-json\/wp\/v2\/product_tag?post=37091"}],"curies":[{"name":"wp","href":"https:\/\/api.w.org\/{rel}","templated":true}]}}