{"id":37227,"date":"2024-03-06T14:15:15","date_gmt":"2024-03-06T13:15:15","guid":{"rendered":"https:\/\/nisuba.com\/?post_type=product&#038;p=37227"},"modified":"2026-04-02T21:36:49","modified_gmt":"2026-04-02T20:36:49","slug":"base-de-asiento-nissan-micra-k11","status":"publish","type":"product","link":"https:\/\/nisuba.com\/en\/product\/base-de-asiento-nissan-micra-k11\/","title":{"rendered":"Nissan Micra K11 Seat bracket"},"content":{"rendered":"<div>Seat base for Nissan Micra K11.<\/div>\n<div><\/div>\n<div>High quality painted in satin black with powdercoat to protect from rust and offer a clean and beautiful finish.<\/div>\n<div>\n<p>Included:<\/p>\n<p><strong>Option &#039;without side supports&#039;:<\/strong><\/p>\n<ul>\n<li>Specific base for Nissan Micra K11.<\/li>\n<\/ul>\n<p><em>We cannot guarantee that your side supports from another brand will fit the Nisuba seat bracket without modifications. We recommend installing the Nisuba base with the Nisuba side supports.<\/em><\/p>\n<p><strong>Option 'only bottom':<\/strong><\/p>\n<ul>\n<li>Specific base for Nissan Micra K11.<\/li>\n<li>Side supports<\/li>\n<li>Hardware pack (including support belt screw).<\/li>\n<li>If you choose sliding, sliding is added.<\/li>\n<\/ul>\n<p><strong>Option 'bottom mount':<\/strong><\/p>\n<ul>\n<li>Specific base for Nissan Micra K11.<\/li>\n<li>Slide<\/li>\n<li>Hardware pack (including support belt screw).<\/li>\n<\/ul>\n<\/div>\n<div><\/div>\n<div><\/div>\n<div><strong>Important information:<\/strong><\/div>\n<div><\/div>\n<div><em>The design of these seat brackets is studied to offer the lowest possible seating position with the greatest rigidity and minimum weight.<\/em><\/div>\n<div><\/div>\n<div><\/div>\n<div><\/div>\n<div><a href=\"https:\/\/nisuba.com\/wp-content\/uploads\/2024\/03\/NISSAN-MICRA-K11.pdf\"><span style=\"background-color: #00ffff;\"><strong>ASSEMBLY INSTRUCTIONS<\/strong><\/span><\/a><\/div>\n<div><\/div>","protected":false},"excerpt":{"rendered":"<p>Base de asiento para Nissan Micra K11. Pintado de alta calidad en color negro satinado con pintura al polvo y al horno para proteger del \u00f3xido y ofrecer un acabado limpio y bonito. Se incluye: Opci\u00f3n &#8216;sin soportes laterales&#8217;: Base espec\u00edfica para Nissan Micra K11. No podemos asegurar que tus soporte laterales de otra marca [&hellip;]<\/p>\n","protected":false},"featured_media":37236,"comment_status":"open","ping_status":"closed","template":"","meta":{"_acf_changed":false,"jetpack_post_was_ever_published":false,"_joinchat":[]},"product_brand":[],"product_cat":[212,308,165],"product_tag":[783,785,786,527,1021,1016,1015,1014,1020,1017,1018,798,768,1013,1019,799,843,845,800],"class_list":{"0":"post-37227","1":"product","2":"type-product","3":"status-publish","4":"has-post-thumbnail","6":"product_cat-bases-de-asiento","7":"product_cat-nissan","8":"product_cat-todo","9":"product_tag-base-de-asiento-en","10":"product_tag-driftworks-en","11":"product_tag-engineering-en","12":"product_tag-gc8-seat-rails","13":"product_tag-k11-seat-rails","14":"product_tag-k11-seats","15":"product_tag-micra","16":"product_tag-micra-k11","17":"product_tag-micra-seat-brackets","18":"product_tag-micra-seat-rails","19":"product_tag-micra-seats","20":"product_tag-motorsport-en","21":"product_tag-nissan-2","22":"product_tag-nissan-micra","23":"product_tag-nissan-micra-seats","24":"product_tag-nisuba-en","25":"product_tag-seat-brackets-en","26":"product_tag-seat-rails-en","27":"product_tag-soporte-de-asiento-en","28":"pa_corredera-no","29":"pa_corredera-si","30":"pa_lado-base-derecha","31":"pa_lado-base-izquierda","32":"pa_tipo-de-base-base-correderas","33":"pa_tipo-de-base-base-laterales","34":"pa_tipo-de-base-solo-base","36":"first","37":"instock","38":"taxable","39":"shipping-taxable","40":"purchasable","41":"product-type-variable","42":"rtwpvs-product"},"acf":[],"jetpack_sharing_enabled":true,"_links":{"self":[{"href":"https:\/\/nisuba.com\/en\/wp-json\/wp\/v2\/product\/37227","targetHints":{"allow":["GET"]}}],"collection":[{"href":"https:\/\/nisuba.com\/en\/wp-json\/wp\/v2\/product"}],"about":[{"href":"https:\/\/nisuba.com\/en\/wp-json\/wp\/v2\/types\/product"}],"replies":[{"embeddable":true,"href":"https:\/\/nisuba.com\/en\/wp-json\/wp\/v2\/comments?post=37227"}],"wp:featuredmedia":[{"embeddable":true,"href":"https:\/\/nisuba.com\/en\/wp-json\/wp\/v2\/media\/37236"}],"wp:attachment":[{"href":"https:\/\/nisuba.com\/en\/wp-json\/wp\/v2\/media?parent=37227"}],"wp:term":[{"taxonomy":"product_brand","embeddable":true,"href":"https:\/\/nisuba.com\/en\/wp-json\/wp\/v2\/product_brand?post=37227"},{"taxonomy":"product_cat","embeddable":true,"href":"https:\/\/nisuba.com\/en\/wp-json\/wp\/v2\/product_cat?post=37227"},{"taxonomy":"product_tag","embeddable":true,"href":"https:\/\/nisuba.com\/en\/wp-json\/wp\/v2\/product_tag?post=37227"}],"curies":[{"name":"wp","href":"https:\/\/api.w.org\/{rel}","templated":true}]}}