{"id":37240,"date":"2024-03-10T12:02:48","date_gmt":"2024-03-10T11:02:48","guid":{"rendered":"https:\/\/nisuba.com\/?post_type=product&#038;p=37240"},"modified":"2026-03-31T10:29:46","modified_gmt":"2026-03-31T09:29:46","slug":"base-de-asiento-toyota-chaser-jzx100","status":"publish","type":"product","link":"https:\/\/nisuba.com\/en\/product\/base-de-asiento-toyota-chaser-jzx100\/","title":{"rendered":"Toyota Chaser JZX100 - Mark 2 - Seat bracket"},"content":{"rendered":"<p>Seat bracket for Toyota Chaser JZX100.<\/p>\n<div><\/div>\n<div>High quality painted in satin black with powdercoat to protect from rust and offer a clean and beautiful finish.<\/div>\n<div>It has an anchorage for the belt as standard.<\/div>\n<div><\/div>\n<div>\n<p>Included:<\/p>\n<p><strong>Option &#039;without side supports&#039;:<\/strong><\/p>\n<ul>\n<li>Specific seat bracket for Toyota Chaser JZX100 (hardware not included)<\/li>\n<\/ul>\n<p><em>We cannot guarantee that your side supports from another brand will fit the Nisuba seat bracket without modifications. We recommend installing the Nisuba base with the Nisuba side supports.<\/em><\/p>\n<p><strong>Option 'only bottom':<\/strong><\/p>\n<ul>\n<li>Specific seat bracket for Toyota Chaser JZX100<\/li>\n<li>Side supports<\/li>\n<li>Hardware pack (including support belt screw).<\/li>\n<li>If you choose sliding, sliding is added.<\/li>\n<\/ul>\n<p><strong>Option 'bottom mount':<\/strong><\/p>\n<ul>\n<li>Specific seat bracket for Toyota Chaser JZX100<\/li>\n<li>Slide<\/li>\n<li>Hardware pack (including support belt screw).<\/li>\n<\/ul>\n<\/div>\n<div><\/div>\n<div><\/div>\n<div><\/div>\n<div><strong>Important information:<\/strong><\/div>\n<div><\/div>\n<div><em>The design of these seat brackets is studied to offer the lowest possible seating position with the greatest rigidity and minimum weight.<\/em><\/div>\n<div><\/div>\n<div><\/div>\n<div><a href=\"https:\/\/nisuba.com\/wp-content\/uploads\/2024\/03\/Toyota-Chaser-JZX100-ingles.pdf\"><span style=\"background-color: #00ffff;\"><strong>ASSEMBLY INSTRUCTIONS<\/strong><\/span><\/a><\/div>\n<p>&nbsp;<\/p>","protected":false},"excerpt":{"rendered":"<p>Base de asiento para Toyota Chaser JZX100. Pintado de alta calidad en color negro satinado con pintura al polvo y al horno para proteger del \u00f3xido y ofrecer un acabado limpio y bonito. Dispone de anclaje para el cintur\u00f3n de serie. Se incluye: Opci\u00f3n &#8216;sin soportes laterales&#8217;: Base espec\u00edfica para Toyota Chaser JZX100. (No incluye [&hellip;]<\/p>\n","protected":false},"featured_media":37249,"comment_status":"open","ping_status":"closed","template":"","meta":{"_acf_changed":false,"jetpack_post_was_ever_published":false,"_joinchat":[]},"product_brand":[],"product_cat":[212,165,313],"product_tag":[1059,843,845,891,1060],"class_list":{"0":"post-37240","1":"product","2":"type-product","3":"status-publish","4":"has-post-thumbnail","6":"product_cat-bases-de-asiento","7":"product_cat-todo","8":"product_cat-toyota","9":"product_tag-bases-de-asiento","10":"product_tag-seat-brackets-en","11":"product_tag-seat-rails-en","12":"product_tag-seat-supports","13":"product_tag-toyota-chaser","14":"pa_corredera-no","15":"pa_corredera-si","16":"pa_lado-base-derecha","17":"pa_lado-base-izquierda","18":"pa_tipo-de-base-base-correderas","19":"pa_tipo-de-base-base-laterales","20":"pa_tipo-de-base-solo-base","22":"first","23":"instock","24":"featured","25":"taxable","26":"shipping-taxable","27":"purchasable","28":"product-type-variable","29":"rtwpvs-product"},"acf":[],"jetpack_sharing_enabled":true,"_links":{"self":[{"href":"https:\/\/nisuba.com\/en\/wp-json\/wp\/v2\/product\/37240","targetHints":{"allow":["GET"]}}],"collection":[{"href":"https:\/\/nisuba.com\/en\/wp-json\/wp\/v2\/product"}],"about":[{"href":"https:\/\/nisuba.com\/en\/wp-json\/wp\/v2\/types\/product"}],"replies":[{"embeddable":true,"href":"https:\/\/nisuba.com\/en\/wp-json\/wp\/v2\/comments?post=37240"}],"wp:featuredmedia":[{"embeddable":true,"href":"https:\/\/nisuba.com\/en\/wp-json\/wp\/v2\/media\/37249"}],"wp:attachment":[{"href":"https:\/\/nisuba.com\/en\/wp-json\/wp\/v2\/media?parent=37240"}],"wp:term":[{"taxonomy":"product_brand","embeddable":true,"href":"https:\/\/nisuba.com\/en\/wp-json\/wp\/v2\/product_brand?post=37240"},{"taxonomy":"product_cat","embeddable":true,"href":"https:\/\/nisuba.com\/en\/wp-json\/wp\/v2\/product_cat?post=37240"},{"taxonomy":"product_tag","embeddable":true,"href":"https:\/\/nisuba.com\/en\/wp-json\/wp\/v2\/product_tag?post=37240"}],"curies":[{"name":"wp","href":"https:\/\/api.w.org\/{rel}","templated":true}]}}