{"id":37284,"date":"2024-04-05T12:22:06","date_gmt":"2024-04-05T11:22:06","guid":{"rendered":"https:\/\/nisuba.com\/?post_type=product&#038;p=37284"},"modified":"2026-01-16T10:17:26","modified_gmt":"2026-01-16T09:17:26","slug":"nobori-flag-s13-50z","status":"publish","type":"product","link":"https:\/\/nisuba.com\/en\/product\/nobori-flag-s13-50z\/","title":{"rendered":"Nobori Flag S13.50Z"},"content":{"rendered":"<p>Nobori flag dedicated to our 350Z-powered Nissan s13 project, which you can follow on Youtube and Instagram.<\/p>\n<p>Designed to decorate your garage, your workshop or your geekiest space.<\/p>\n<p>The pole is not included, only the flag is included, it is intended to be hung on a wall.<\/p>\n<p>Flag size: 180 x 60 centimetres.<\/p>\n<p>Printed on one side so that the other side is mirrored.<\/p>","protected":false},"excerpt":{"rendered":"<p>Nobori flag dedicada a nuestro proyecto del Nissan s13 con motor de 350Z, que pod\u00e9is seguir en Youtube y en Instagram. Pensada para decorar tu garage, tu taller o tu espacio m\u00e1s friki. No se incluye el palo, solamente se incluye la bandera, est\u00e1 pensada para colgar en una pared. Tama\u00f1o de la bandera: 180 [&hellip;]<\/p>\n","protected":false},"featured_media":37287,"comment_status":"open","ping_status":"closed","template":"","meta":{"_acf_changed":false,"jetpack_post_was_ever_published":false,"_joinchat":[]},"product_brand":[],"product_cat":[291,165],"product_tag":[],"class_list":{"0":"post-37284","1":"product","2":"type-product","3":"status-publish","4":"has-post-thumbnail","6":"product_cat-merchandising","7":"product_cat-todo","9":"first","10":"instock","11":"taxable","12":"shipping-taxable","13":"purchasable","14":"product-type-simple"},"acf":[],"jetpack_sharing_enabled":true,"_links":{"self":[{"href":"https:\/\/nisuba.com\/en\/wp-json\/wp\/v2\/product\/37284","targetHints":{"allow":["GET"]}}],"collection":[{"href":"https:\/\/nisuba.com\/en\/wp-json\/wp\/v2\/product"}],"about":[{"href":"https:\/\/nisuba.com\/en\/wp-json\/wp\/v2\/types\/product"}],"replies":[{"embeddable":true,"href":"https:\/\/nisuba.com\/en\/wp-json\/wp\/v2\/comments?post=37284"}],"wp:featuredmedia":[{"embeddable":true,"href":"https:\/\/nisuba.com\/en\/wp-json\/wp\/v2\/media\/37287"}],"wp:attachment":[{"href":"https:\/\/nisuba.com\/en\/wp-json\/wp\/v2\/media?parent=37284"}],"wp:term":[{"taxonomy":"product_brand","embeddable":true,"href":"https:\/\/nisuba.com\/en\/wp-json\/wp\/v2\/product_brand?post=37284"},{"taxonomy":"product_cat","embeddable":true,"href":"https:\/\/nisuba.com\/en\/wp-json\/wp\/v2\/product_cat?post=37284"},{"taxonomy":"product_tag","embeddable":true,"href":"https:\/\/nisuba.com\/en\/wp-json\/wp\/v2\/product_tag?post=37284"}],"curies":[{"name":"wp","href":"https:\/\/api.w.org\/{rel}","templated":true}]}}