{"id":37303,"date":"2024-04-09T17:06:22","date_gmt":"2024-04-09T16:06:22","guid":{"rendered":"https:\/\/nisuba.com\/?post_type=product&#038;p=37303"},"modified":"2026-01-16T10:17:28","modified_gmt":"2026-01-16T09:17:28","slug":"placas-alineado-nisuba","status":"publish","type":"product","link":"https:\/\/nisuba.com\/en\/product\/placas-alineado-nisuba\/","title":{"rendered":"Nisuba toe plates"},"content":{"rendered":"<p>Toe plates aligned kit, 2 plates + 2 measuring tapes.<\/p>\n<p>Nisuba Toe Plates are the quickest and simplest way to measure toe at home or at the track.<\/p>\n<p>Produced from aluminium with a durable black powder coated finish. Lightweight aluminium and \nRigid design for accurate measurement.<\/p>\n<p>Tape measure are included.<\/p>\n<p>.<\/p>\n<p>Check this video:<\/p>\n<p><a title=\"TOE PLATES VIDEO\" href=\"https:\/\/nisuba.com\/wp-content\/uploads\/2024\/04\/placas-alineado.mp4\">TOE PLATES VIDEO<\/a><\/p>\n<div style=\"width: 720px;\" class=\"wp-video\"><video class=\"wp-video-shortcode\" id=\"video-37303-1\" width=\"720\" height=\"1280\" preload=\"metadata\" controls=\"controls\"><source type=\"video\/mp4\" src=\"https:\/\/nisuba.com\/wp-content\/uploads\/2024\/04\/placas-alineado-1.mp4?_=1\" \/><a href=\"https:\/\/nisuba.com\/wp-content\/uploads\/2024\/04\/placas-alineado-1.mp4\">https:\/\/nisuba.com\/wp-content\/uploads\/2024\/04\/placas-alineado-1.mp4<\/a><\/video><\/div>","protected":false},"excerpt":{"rendered":"<p>Placas de alineado r\u00e1pido Nisuba. Kit de 2 placas y 2 metros. Con estas placas podemos verificar r\u00e1pidamente las medias para poder variar la convergencia en cualquier sitio en el que estemos. Se suele usar para hacer un alineado r\u00e1pido en el circuito o simplemente para medir antes y despu\u00e9s de un d\u00eda de circuito [&hellip;]<\/p>\n","protected":false},"featured_media":37304,"comment_status":"open","ping_status":"closed","template":"","meta":{"_acf_changed":false,"jetpack_post_was_ever_published":false,"_joinchat":[]},"product_brand":[],"product_cat":[422,165],"product_tag":[],"class_list":{"0":"post-37303","1":"product","2":"type-product","3":"status-publish","4":"has-post-thumbnail","6":"product_cat-accesorios","7":"product_cat-todo","9":"first","10":"onbackorder","11":"taxable","12":"shipping-taxable","13":"purchasable","14":"product-type-simple"},"acf":[],"jetpack_sharing_enabled":true,"_links":{"self":[{"href":"https:\/\/nisuba.com\/en\/wp-json\/wp\/v2\/product\/37303","targetHints":{"allow":["GET"]}}],"collection":[{"href":"https:\/\/nisuba.com\/en\/wp-json\/wp\/v2\/product"}],"about":[{"href":"https:\/\/nisuba.com\/en\/wp-json\/wp\/v2\/types\/product"}],"replies":[{"embeddable":true,"href":"https:\/\/nisuba.com\/en\/wp-json\/wp\/v2\/comments?post=37303"}],"wp:featuredmedia":[{"embeddable":true,"href":"https:\/\/nisuba.com\/en\/wp-json\/wp\/v2\/media\/37304"}],"wp:attachment":[{"href":"https:\/\/nisuba.com\/en\/wp-json\/wp\/v2\/media?parent=37303"}],"wp:term":[{"taxonomy":"product_brand","embeddable":true,"href":"https:\/\/nisuba.com\/en\/wp-json\/wp\/v2\/product_brand?post=37303"},{"taxonomy":"product_cat","embeddable":true,"href":"https:\/\/nisuba.com\/en\/wp-json\/wp\/v2\/product_cat?post=37303"},{"taxonomy":"product_tag","embeddable":true,"href":"https:\/\/nisuba.com\/en\/wp-json\/wp\/v2\/product_tag?post=37303"}],"curies":[{"name":"wp","href":"https:\/\/api.w.org\/{rel}","templated":true}]}}