{"id":37644,"date":"2024-10-15T18:06:27","date_gmt":"2024-10-15T17:06:27","guid":{"rendered":"https:\/\/nisuba.com\/?post_type=product&#038;p=37644"},"modified":"2025-07-01T08:53:05","modified_gmt":"2025-07-01T07:53:05","slug":"suspensiones-driftworks-cs2-bmw-e36","status":"publish","type":"product","link":"https:\/\/nisuba.com\/en\/product\/suspensiones-driftworks-cs2-bmw-e36\/","title":{"rendered":"Driftworks CS2 coilovers - Bmw E36"},"content":{"rendered":"<p><strong><em>El stock de este producto depende del stock en el proveedor, si tienes prisa por tenerlos cons\u00faltanos disponibilidad. (Normalmente en una semana las tienes en casa)<\/em><\/strong><\/p>\n<p>&nbsp;<\/p>\n<p>Suspensiones roscadas Driftworks CS2 BMW E36, no validas para M3.<\/p>\n<p>Suspensions made by HSD especially for Driftworks and totally transformed to the extreme. This collaboration makes them suspensions made by professionals but studied from the point of view of pilots focused on the experience of knowing what will best suit your car to enter the track. They are designed to have the best possible traction looking for balance and versatility in the different circuits that we can find.<\/p>\n<p>These suspensions have been ridden by many professional drivers with very good results and also have very good reviews in forums by street users, both for track and street cars.<\/p>\n<p>The range of springs we offer is the most standard and the most used but if you want some of the following models of springs you can see below we can supply you with them.<\/p>\n<p><strong>Spring options:<\/strong><\/p>\n<p>Default: (Recommended. If you don't tell us anything, we supply the suspensions with these springs).<\/p>\n<p>Front 8kg and rear 5kg<\/p>\n<p>Optional at no extra cost:<\/p>\n<p>Front 10kg and rear 7kg<\/p>\n<p>Front 10kg and rear 4kg<\/p>\n<p>&nbsp;<\/p>\n<p><strong>Important:<\/strong><\/p>\n<p><em>The kit consists of the four complete suspensions.<\/em><\/p>\n<p>&nbsp;<\/p>\n<p>\u00c9chale un vistazo a este v\u00eddeo para ver las especificaciones y la instalaci\u00f3n:<\/p>\n<p><span class=\"embed-youtube\" style=\"text-align:center; display: block;\"><iframe class=\"youtube-player\" width=\"800\" height=\"450\" src=\"https:\/\/www.youtube.com\/embed\/5aCQxzKhoxw?version=3&#038;rel=1&#038;showsearch=0&#038;showinfo=1&#038;iv_load_policy=1&#038;fs=1&#038;hl=en-GB&#038;autohide=2&#038;start=1323&#038;wmode=transparent\" allowfullscreen=\"true\" style=\"border:0;\" sandbox=\"allow-scripts allow-same-origin allow-popups allow-presentation allow-popups-to-escape-sandbox\"><\/iframe><\/span><\/p>\n<p>Suspensiones bmw<\/p>\n<p>&nbsp;<\/p>","protected":false},"excerpt":{"rendered":"<p>El stock de este producto depende del stock en el proveedor, si tienes prisa por tenerlos cons\u00faltanos disponibilidad. (Normalmente en una semana las tienes en casa) &nbsp; Suspensiones roscadas Driftworks CS2 BMW E36, no validas para M3. Suspensiones hechas por la marca HSD especialmente para Driftworks y totalmente transformadas al extremo. Esta colaboraci\u00f3n hace que [&hellip;]<\/p>\n","protected":false},"featured_media":37645,"comment_status":"open","ping_status":"closed","template":"","meta":{"_acf_changed":false,"jetpack_post_was_ever_published":false,"_joinchat":[]},"product_brand":[],"product_cat":[1006,309,165],"product_tag":[930,1039,932,813,213,835,853,785,1037,768,1040,1038,885],"class_list":{"0":"post-37644","1":"product","2":"type-product","3":"status-publish","4":"has-post-thumbnail","6":"product_cat-chasis","7":"product_cat-bmw","8":"product_cat-todo","9":"product_tag-bmw-en","10":"product_tag-bmw-coilovers","11":"product_tag-bmw-e36-en","12":"product_tag-bmw-e46-en","13":"product_tag-coilovers","14":"product_tag-drift-en","15":"product_tag-driftshop-2","16":"product_tag-driftworks-en","17":"product_tag-grip","18":"product_tag-nissan-2","19":"product_tag-roscadas-bmw","20":"product_tag-the-best-coilovers","21":"product_tag-time-attack-en","23":"first","24":"instock","25":"taxable","26":"shipping-taxable","27":"purchasable","28":"product-type-simple"},"acf":[],"jetpack_sharing_enabled":true,"_links":{"self":[{"href":"https:\/\/nisuba.com\/en\/wp-json\/wp\/v2\/product\/37644","targetHints":{"allow":["GET"]}}],"collection":[{"href":"https:\/\/nisuba.com\/en\/wp-json\/wp\/v2\/product"}],"about":[{"href":"https:\/\/nisuba.com\/en\/wp-json\/wp\/v2\/types\/product"}],"replies":[{"embeddable":true,"href":"https:\/\/nisuba.com\/en\/wp-json\/wp\/v2\/comments?post=37644"}],"wp:featuredmedia":[{"embeddable":true,"href":"https:\/\/nisuba.com\/en\/wp-json\/wp\/v2\/media\/37645"}],"wp:attachment":[{"href":"https:\/\/nisuba.com\/en\/wp-json\/wp\/v2\/media?parent=37644"}],"wp:term":[{"taxonomy":"product_brand","embeddable":true,"href":"https:\/\/nisuba.com\/en\/wp-json\/wp\/v2\/product_brand?post=37644"},{"taxonomy":"product_cat","embeddable":true,"href":"https:\/\/nisuba.com\/en\/wp-json\/wp\/v2\/product_cat?post=37644"},{"taxonomy":"product_tag","embeddable":true,"href":"https:\/\/nisuba.com\/en\/wp-json\/wp\/v2\/product_tag?post=37644"}],"curies":[{"name":"wp","href":"https:\/\/api.w.org\/{rel}","templated":true}]}}