{"id":37667,"date":"2024-11-01T13:05:57","date_gmt":"2024-11-01T12:05:57","guid":{"rendered":"https:\/\/nisuba.com\/?post_type=product&#038;p=37667"},"modified":"2026-02-03T12:06:56","modified_gmt":"2026-02-03T11:06:56","slug":"base-de-asiento-mini-cooper-f56","status":"publish","type":"product","link":"https:\/\/nisuba.com\/en\/product\/base-de-asiento-mini-cooper-f56\/","title":{"rendered":"MINI COOPER F56 Seat bracket"},"content":{"rendered":"<div>Seat base for Mini Cooper F56.<\/div>\n<div><\/div>\n<div>High quality painted in satin black with powdercoat to protect from rust and offer a clean and beautiful finish.<\/div>\n<div>It has an anchorage for the belt as standard.<\/div>\n<div><\/div>\n<div>The complete kit includes:<\/div>\n<div><\/div>\n<div>\n<p><strong>Option 'side mount':<\/strong><\/p>\n<ul>\n<li>Specific base for Mini Cooper F56.<\/li>\n<li>Sparco sliding<\/li>\n<li>Side supports<\/li>\n<li>Hardware pack (including support belt screw).<\/li>\n<\/ul>\n<p><strong>Option 'bottom mount':<\/strong><\/p>\n<ul>\n<li>Specific base for Mini Cooper F56.<\/li>\n<li>Sparco sliding<\/li>\n<li>Hardware pack (including support belt screw).<\/li>\n<\/ul>\n<\/div>\n<div><\/div>\n<div><\/div>\n<div><span style=\"background-color: #00ffff;\"><strong><a href=\"https:\/\/nisuba.com\/wp-content\/uploads\/2024\/11\/INSTRUCCIONES-SL.pdf\">ASSEMBLY INSTRUCTIONS<\/a><\/strong><\/span><\/div>\n<p>&nbsp;<\/p>","protected":false},"excerpt":{"rendered":"<p>Base de asiento para Mini Cooper F56. Pintado de alta calidad en color negro satinado con pintura al polvo y al horno para proteger del \u00f3xido y ofrecer un acabado limpio y bonito. Dispone de anclaje para el cintur\u00f3n de serie. El kit completo de una base incluye: Opci\u00f3n \u2018para baquet fijo\u2019: Base espec\u00edfica para [&hellip;]<\/p>\n","protected":false},"featured_media":36225,"comment_status":"open","ping_status":"closed","template":"","meta":{"_acf_changed":false,"jetpack_post_was_ever_published":false,"_joinchat":[]},"product_brand":[],"product_cat":[212,309,165],"product_tag":[809,810,811,812,930,932,813,377,645,644,646,1012,642,643,382,830,831,814,835,836,853,785,815,816,378,647,648,649,837,839,821,840,822,842,843,844,845,846,847,848,850,825,851,828],"class_list":{"0":"post-37667","1":"product","2":"type-product","3":"status-publish","4":"has-post-thumbnail","6":"product_cat-bases-de-asiento","7":"product_cat-bmw","8":"product_cat-todo","9":"product_tag-asiento-en","10":"product_tag-baquet-en","11":"product_tag-bases-en","12":"product_tag-bases-asiento-en","13":"product_tag-bmw-en","14":"product_tag-bmw-e36-en","15":"product_tag-bmw-e46-en","16":"product_tag-bmw-e92","17":"product_tag-bmw-f30","18":"product_tag-bmw-f80","19":"product_tag-bmw-f82","20":"product_tag-bmw-f87","21":"product_tag-bmw-m2","22":"product_tag-bmw-m4","23":"product_tag-bmw-parts","24":"product_tag-bottom-mount-en","25":"product_tag-cobra-seats-en","26":"product_tag-competicion-en","27":"product_tag-drift-en","28":"product_tag-drifting-en","29":"product_tag-driftshop-2","30":"product_tag-driftworks-en","31":"product_tag-e36-en","32":"product_tag-e46-en","33":"product_tag-e92","34":"product_tag-f30","35":"product_tag-f80","36":"product_tag-f82","37":"product_tag-good-quality-en","38":"product_tag-parts-en","39":"product_tag-race-en","40":"product_tag-race-parts-en","41":"product_tag-rally-en","42":"product_tag-recaro-en","43":"product_tag-seat-brackets-en","44":"product_tag-seat-bucket-en","45":"product_tag-seat-rails-en","46":"product_tag-seat-support-en","47":"product_tag-seats-en","48":"product_tag-side-mount-en","49":"product_tag-soporte-en","50":"product_tag-soporte-asiento-en","51":"product_tag-sparco-en","52":"product_tag-support-en","53":"pa_corredera-si","54":"pa_tipo-de-base-base-correderas","55":"pa_tipo-de-base-base-laterales","57":"first","58":"instock","59":"taxable","60":"shipping-taxable","61":"purchasable","62":"product-type-variable","63":"rtwpvs-product"},"acf":[],"jetpack_sharing_enabled":true,"_links":{"self":[{"href":"https:\/\/nisuba.com\/en\/wp-json\/wp\/v2\/product\/37667","targetHints":{"allow":["GET"]}}],"collection":[{"href":"https:\/\/nisuba.com\/en\/wp-json\/wp\/v2\/product"}],"about":[{"href":"https:\/\/nisuba.com\/en\/wp-json\/wp\/v2\/types\/product"}],"replies":[{"embeddable":true,"href":"https:\/\/nisuba.com\/en\/wp-json\/wp\/v2\/comments?post=37667"}],"wp:featuredmedia":[{"embeddable":true,"href":"https:\/\/nisuba.com\/en\/wp-json\/wp\/v2\/media\/36225"}],"wp:attachment":[{"href":"https:\/\/nisuba.com\/en\/wp-json\/wp\/v2\/media?parent=37667"}],"wp:term":[{"taxonomy":"product_brand","embeddable":true,"href":"https:\/\/nisuba.com\/en\/wp-json\/wp\/v2\/product_brand?post=37667"},{"taxonomy":"product_cat","embeddable":true,"href":"https:\/\/nisuba.com\/en\/wp-json\/wp\/v2\/product_cat?post=37667"},{"taxonomy":"product_tag","embeddable":true,"href":"https:\/\/nisuba.com\/en\/wp-json\/wp\/v2\/product_tag?post=37667"}],"curies":[{"name":"wp","href":"https:\/\/api.w.org\/{rel}","templated":true}]}}