{"id":37959,"date":"2024-12-13T09:57:51","date_gmt":"2024-12-13T08:57:51","guid":{"rendered":"https:\/\/nisuba.com\/?post_type=product&#038;p=37959"},"modified":"2026-01-16T10:17:25","modified_gmt":"2026-01-16T09:17:25","slug":"fijaciones-laterales-universales-para-baquet","status":"publish","type":"product","link":"https:\/\/nisuba.com\/en\/product\/fijaciones-laterales-universales-para-baquet\/","title":{"rendered":"Universal seat side mounts"},"content":{"rendered":"<p>Soportes laterales universales para baquet con varias opciones de anclaje pare regular la altura del asiento.<\/p>\n<p>Es aconsejable acompa\u00f1ar estos laterales con unas correderas ya que no tienen regulaci\u00f3n en profundidad.<\/p>\n<p>Valid for practically any bag.<\/p>\n<p>Powder-coated and oven-dried satin black finish.<\/p>\n<p><strong>Important information:<\/strong><\/p>\n<p><em>Product designed under FIA specifications according to Annex J.<\/em><\/p>","protected":false},"excerpt":{"rendered":"<p>Soportes laterales universales para baquet con varias opciones de anclaje pare regular la altura del asiento. Es aconsejable acompa\u00f1ar estos laterales con unas correderas ya que no tienen regulaci\u00f3n en profundidad. V\u00e1lidos para pr\u00e1cticamente cualquier baquet. Acabado negro satinado pintado al polvo y secado al horno. Informaci\u00f3n importante: Producto dise\u00f1ado bajo especificaciones FIA seg\u00fan anexo [&hellip;]<\/p>\n","protected":false},"featured_media":37960,"comment_status":"open","ping_status":"closed","template":"","meta":{"_acf_changed":false,"jetpack_post_was_ever_published":false,"_joinchat":[]},"product_brand":[],"product_cat":[422,434,212,309,311,482,310,400,308,312,165,313,963],"product_tag":[1056,155,156,154,149,209,136,387,386,210,211,158,144,178,179,854,185,135,151,237,150,238,383,236,147,235],"class_list":{"0":"post-37959","1":"product","2":"type-product","3":"status-publish","4":"has-post-thumbnail","6":"product_cat-accesorios","7":"product_cat-alfa-romeo","8":"product_cat-bases-de-asiento","9":"product_cat-bmw","10":"product_cat-honda","11":"product_cat-lexus","12":"product_cat-mazda","13":"product_cat-mitsubishi","14":"product_cat-nissan","15":"product_cat-subaru","16":"product_cat-todo","17":"product_cat-toyota","18":"product_cat-volvo-2","19":"product_tag-anclajes-lateraleas","20":"product_tag-asiento","21":"product_tag-baquet","22":"product_tag-bases","23":"product_tag-bases-asiento","24":"product_tag-bmw-e46","25":"product_tag-competicion","26":"product_tag-driftshop","27":"product_tag-driftworks","28":"product_tag-e36","29":"product_tag-e46","30":"product_tag-nissan-s-chassis","31":"product_tag-nissan-s13","32":"product_tag-nissan-s14","33":"product_tag-nissan-s15","34":"product_tag-omp","35":"product_tag-race","36":"product_tag-rally","37":"product_tag-s-chassis","38":"product_tag-seat-bracket","39":"product_tag-soporte-asiento","40":"product_tag-soporte-baquet","41":"product_tag-sparco","42":"product_tag-standard","43":"product_tag-support","44":"product_tag-universal","46":"first","47":"instock","48":"taxable","49":"shipping-taxable","50":"purchasable","51":"product-type-simple"},"acf":[],"jetpack_sharing_enabled":true,"_links":{"self":[{"href":"https:\/\/nisuba.com\/en\/wp-json\/wp\/v2\/product\/37959","targetHints":{"allow":["GET"]}}],"collection":[{"href":"https:\/\/nisuba.com\/en\/wp-json\/wp\/v2\/product"}],"about":[{"href":"https:\/\/nisuba.com\/en\/wp-json\/wp\/v2\/types\/product"}],"replies":[{"embeddable":true,"href":"https:\/\/nisuba.com\/en\/wp-json\/wp\/v2\/comments?post=37959"}],"wp:featuredmedia":[{"embeddable":true,"href":"https:\/\/nisuba.com\/en\/wp-json\/wp\/v2\/media\/37960"}],"wp:attachment":[{"href":"https:\/\/nisuba.com\/en\/wp-json\/wp\/v2\/media?parent=37959"}],"wp:term":[{"taxonomy":"product_brand","embeddable":true,"href":"https:\/\/nisuba.com\/en\/wp-json\/wp\/v2\/product_brand?post=37959"},{"taxonomy":"product_cat","embeddable":true,"href":"https:\/\/nisuba.com\/en\/wp-json\/wp\/v2\/product_cat?post=37959"},{"taxonomy":"product_tag","embeddable":true,"href":"https:\/\/nisuba.com\/en\/wp-json\/wp\/v2\/product_tag?post=37959"}],"curies":[{"name":"wp","href":"https:\/\/api.w.org\/{rel}","templated":true}]}}