{"id":37985,"date":"2025-01-15T11:15:25","date_gmt":"2025-01-15T10:15:25","guid":{"rendered":"https:\/\/nisuba.com\/?post_type=product&#038;p=37985"},"modified":"2026-03-10T12:42:39","modified_gmt":"2026-03-10T11:42:39","slug":"asiento-baquet-nisuba","status":"publish","type":"product","link":"https:\/\/nisuba.com\/en\/product\/asiento-baquet-nisuba\/","title":{"rendered":"NISUBA seat"},"content":{"rendered":"<p><strong>\u00a1ATENCI\u00d3N! Estamos haciendo una pre venta, si est\u00e1s interesado en estos asientos contacta con nosotros para poder comprarlo con descuento.<\/strong><\/p>\n<p>&nbsp;<\/p>\n<p>Asiento baquet Nisuba.<\/p>\n<p><strong>Caracter\u00edsticas principales del asiento:<br \/>\n<\/strong><\/p>\n<ul>\n<li>Fabricado en fibra de vidrio de color negro con un peso aproximado de 7,5kg.<\/li>\n<li>Bordados Nisuba, en color blanco, delante y detr\u00e1s en la parte superior del asiento y en el coj\u00edn izquierdo de la parte inferior.<\/li>\n<li>Homologaci\u00f3n FIA 8855-1999, Homologaci\u00f3n v\u00e1lida hasta 2029.<\/li>\n<li>Cojines desmontables para facilitar la limpieza.<\/li>\n<li>Laterales en piel sint\u00e9tica para mayor duraci\u00f3n.<\/li>\n<li>Adecuado para cinturones de 4, 5 \u00f3 6 puntos<\/li>\n<li>Tapicer\u00eda retardante de incendios<\/li>\n<\/ul>\n<p><strong>IMPORTANT INFORMATION:<\/strong><\/p>\n<p>Este asiento funciona con todas las bases Nisuba, si tienes dudas cons\u00faltanos.<\/p>","protected":false},"excerpt":{"rendered":"<p>\u00a1ATENCI\u00d3N! Estamos haciendo una pre venta, si est\u00e1s interesado en estos asientos contacta con nosotros para poder comprarlo con descuento. &nbsp; Asiento baquet Nisuba. Caracter\u00edsticas principales del asiento: Fabricado en fibra de vidrio de color negro con un peso aproximado de 7,5kg. Bordados Nisuba, en color blanco, delante y detr\u00e1s en la parte superior del [&hellip;]<\/p>\n","protected":false},"featured_media":37998,"comment_status":"open","ping_status":"closed","template":"","meta":{"_acf_changed":false,"jetpack_post_was_ever_published":false,"_joinchat":[]},"product_brand":[],"product_cat":[549,434,1051,309,311,482,310,400,308,1055,312,165,313,1022,963],"product_tag":[809,1057,542,540,556,541,555,810,554,175,1058,799,552,842,557,550,551,553],"class_list":{"0":"post-37985","1":"product","2":"type-product","3":"status-publish","4":"has-post-thumbnail","6":"product_cat-asientos","7":"product_cat-alfa-romeo","8":"product_cat-audi","9":"product_cat-bmw","10":"product_cat-honda","11":"product_cat-lexus","12":"product_cat-mazda","13":"product_cat-mitsubishi","14":"product_cat-nissan","15":"product_cat-seat","16":"product_cat-subaru","17":"product_cat-todo","18":"product_cat-toyota","19":"product_cat-volkswagen","20":"product_cat-volvo-2","21":"product_tag-asiento-en","22":"product_tag-asiento-baquet","23":"product_tag-asiento-deportivo","24":"product_tag-backet","25":"product_tag-backet-recaro","26":"product_tag-baket","27":"product_tag-baket-recaro","28":"product_tag-baquet-en","29":"product_tag-baquet-recaro","30":"product_tag-bucket","31":"product_tag-bucket-seat","32":"product_tag-nisuba-en","33":"product_tag-pole-position","34":"product_tag-recaro-en","35":"product_tag-recaro-bucket","36":"product_tag-recaro-pole","37":"product_tag-recaro-pole-position","38":"product_tag-recaro-seat","40":"first","41":"outofstock","42":"taxable","43":"shipping-taxable","44":"purchasable","45":"product-type-simple"},"acf":[],"jetpack_sharing_enabled":true,"_links":{"self":[{"href":"https:\/\/nisuba.com\/en\/wp-json\/wp\/v2\/product\/37985","targetHints":{"allow":["GET"]}}],"collection":[{"href":"https:\/\/nisuba.com\/en\/wp-json\/wp\/v2\/product"}],"about":[{"href":"https:\/\/nisuba.com\/en\/wp-json\/wp\/v2\/types\/product"}],"replies":[{"embeddable":true,"href":"https:\/\/nisuba.com\/en\/wp-json\/wp\/v2\/comments?post=37985"}],"wp:featuredmedia":[{"embeddable":true,"href":"https:\/\/nisuba.com\/en\/wp-json\/wp\/v2\/media\/37998"}],"wp:attachment":[{"href":"https:\/\/nisuba.com\/en\/wp-json\/wp\/v2\/media?parent=37985"}],"wp:term":[{"taxonomy":"product_brand","embeddable":true,"href":"https:\/\/nisuba.com\/en\/wp-json\/wp\/v2\/product_brand?post=37985"},{"taxonomy":"product_cat","embeddable":true,"href":"https:\/\/nisuba.com\/en\/wp-json\/wp\/v2\/product_cat?post=37985"},{"taxonomy":"product_tag","embeddable":true,"href":"https:\/\/nisuba.com\/en\/wp-json\/wp\/v2\/product_tag?post=37985"}],"curies":[{"name":"wp","href":"https:\/\/api.w.org\/{rel}","templated":true}]}}