{"id":38116,"date":"2025-03-04T10:22:27","date_gmt":"2025-03-04T09:22:27","guid":{"rendered":"https:\/\/nisuba.com\/?post_type=product&#038;p=38116"},"modified":"2026-01-20T10:16:40","modified_gmt":"2026-01-20T09:16:40","slug":"sparco-grid-ii-qrt","status":"publish","type":"product","link":"https:\/\/nisuba.com\/en\/product\/sparco-grid-ii-qrt\/","title":{"rendered":"Sparco GRID II QRT seat"},"content":{"rendered":"<p>Sparco GRID II QRT seat<\/p>\n<p>Es un poco m\u00e1s grande que el REV QRT, se puede ver en las fotos de las medidas.<\/p>\n<p>Homologation: <strong>FIA 8855-1999<\/strong><br \/>\nMaterial: QRT<br \/>\nUltra-compact seat<\/p>\n<p>\u2013 Self-extinguishing fabric lining<br \/>\n\u2013 Non-slip fabric for shoulders and seat<br \/>\n\u2013 Leg and seat support cushion that can be divided<br \/>\n\u2013 Fixing with M8 side hooks with a center distance of 290 mm<br \/>\n\u2013 Weight: 7.1 kg<br \/>\n\u2013 BACKREST WITH INTEGRATED LUMBAR SUPPORT<\/p>\n<p>The seat is compatible with FHR harness and device types.<\/p>\n<p>What is QRT?<\/p>\n<p>QRT (Quick Resin Technology) is a cutting-edge manufacturing process developed by Sparco to create the lightest and strongest fiberglass shell seats currently available. The QRT range of seats offers a weight reduction of 30%, compared to a fiberglass seat manufactured using traditional methods, without compromising safety or quality.<\/p>\n<p><strong>IMPORTANT INFORMATION:<\/strong><\/p>\n<p>Este asiento es v\u00e1lido para montar con todas las bases de asiento Nisuba pero hay que tener en cuenta que si necesitas unas Hyperlow de s-chassis tienes que elegir las XL. Tiene un coj\u00edn muy peque\u00f1o para que la posici\u00f3n quede super baja.<\/p>","protected":false},"excerpt":{"rendered":"<p>Sparco GRID II QRT Es un poco m\u00e1s grande que el REV QRT, se puede ver en las fotos de las medidas. Homologaci\u00f3n: FIA 8855-1999 Material: QRT Asiento ultracompacto &#8211; Forro en tejido autoextinguible &#8211; Tejido antideslizante para hombros y asiento &#8211; Coj\u00edn de apoyo piernas y asiento que pueden dividirse &#8211; Fijaci\u00f3n con enganches [&hellip;]<\/p>\n","protected":false},"featured_media":38117,"comment_status":"open","ping_status":"closed","template":"","meta":{"_acf_changed":false,"jetpack_post_was_ever_published":false,"_joinchat":[]},"product_brand":[],"product_cat":[165,434,549,309,311,482,310,400,308,312,313,963],"product_tag":[809,542,540,541,810,175,543,548,547,851,544,545,546],"class_list":{"0":"post-38116","1":"product","2":"type-product","3":"status-publish","4":"has-post-thumbnail","6":"product_cat-todo","7":"product_cat-alfa-romeo","8":"product_cat-asientos","9":"product_cat-bmw","10":"product_cat-honda","11":"product_cat-lexus","12":"product_cat-mazda","13":"product_cat-mitsubishi","14":"product_cat-nissan","15":"product_cat-subaru","16":"product_cat-toyota","17":"product_cat-volvo-2","18":"product_tag-asiento-en","19":"product_tag-asiento-deportivo","20":"product_tag-backet","21":"product_tag-baket","22":"product_tag-baquet-en","23":"product_tag-bucket","24":"product_tag-qrt","25":"product_tag-rev","26":"product_tag-rev-qrt","27":"product_tag-sparco-en","28":"product_tag-sparco-qrt","29":"product_tag-sparco-rev","30":"product_tag-sparco-rev-qrt","32":"first","33":"instock","34":"taxable","35":"shipping-taxable","36":"purchasable","37":"product-type-simple"},"acf":[],"jetpack_sharing_enabled":true,"_links":{"self":[{"href":"https:\/\/nisuba.com\/en\/wp-json\/wp\/v2\/product\/38116","targetHints":{"allow":["GET"]}}],"collection":[{"href":"https:\/\/nisuba.com\/en\/wp-json\/wp\/v2\/product"}],"about":[{"href":"https:\/\/nisuba.com\/en\/wp-json\/wp\/v2\/types\/product"}],"replies":[{"embeddable":true,"href":"https:\/\/nisuba.com\/en\/wp-json\/wp\/v2\/comments?post=38116"}],"wp:featuredmedia":[{"embeddable":true,"href":"https:\/\/nisuba.com\/en\/wp-json\/wp\/v2\/media\/38117"}],"wp:attachment":[{"href":"https:\/\/nisuba.com\/en\/wp-json\/wp\/v2\/media?parent=38116"}],"wp:term":[{"taxonomy":"product_brand","embeddable":true,"href":"https:\/\/nisuba.com\/en\/wp-json\/wp\/v2\/product_brand?post=38116"},{"taxonomy":"product_cat","embeddable":true,"href":"https:\/\/nisuba.com\/en\/wp-json\/wp\/v2\/product_cat?post=38116"},{"taxonomy":"product_tag","embeddable":true,"href":"https:\/\/nisuba.com\/en\/wp-json\/wp\/v2\/product_tag?post=38116"}],"curies":[{"name":"wp","href":"https:\/\/api.w.org\/{rel}","templated":true}]}}