{"id":38126,"date":"2025-03-04T11:28:01","date_gmt":"2025-03-04T10:28:01","guid":{"rendered":"https:\/\/nisuba.com\/?post_type=product&#038;p=38126"},"modified":"2025-03-04T12:25:43","modified_gmt":"2025-03-04T11:25:43","slug":"omp-first-r","status":"publish","type":"product","link":"https:\/\/nisuba.com\/en\/product\/omp-first-r\/","title":{"rendered":"OMP FIRST-R seat"},"content":{"rendered":"<p>Asiento OMP FIRST-R.<\/p>\n<p>Homologation: <strong>FIA 8855-1999<\/strong><\/p>\n<p>&nbsp;<\/p>\n<p>&#8211; Asiento deportivo profesional <strong>OMP Racing<\/strong>.<\/p>\n<p>&#8211; Fabricado en fibra de vidrio y resina de poli\u00e9ster.<\/p>\n<p>&#8211; Revestido de un moderno Material de terciopelo.<\/p>\n<p>&#8211; Fijaci\u00f3n lateral.<\/p>\n<p>&#8211; Compatible con el sistema <strong>HANS<\/strong><strong>\u00ae<\/strong><strong>.<\/strong><\/p>\n<p>&#8211; Compatible con arneses de 4, 5 y 6 puntos.<\/p>\n<p>\u2013 Self-extinguishing fabric lining<\/p>\n<p>&#8211; Peso: 9.4 kg<\/p>\n<p>&nbsp;<\/p>\n<p><strong>IMPORTANT INFORMATION:<\/strong><\/p>\n<p>Este asiento es v\u00e1lido para montar con todas las bases de asiento Nisuba. Gracias a su coj\u00edn la posici\u00f3n queda bastante baja.<\/p>","protected":false},"excerpt":{"rendered":"<p>Asiento OMP FIRST-R. Homologaci\u00f3n: FIA 8855-1999 &nbsp; &#8211; Asiento deportivo profesional OMP Racing. &#8211; Fabricado en fibra de vidrio y resina de poli\u00e9ster. &#8211; Revestido de un moderno Material de terciopelo. &#8211; Fijaci\u00f3n lateral. &#8211; Compatible con el sistema HANS\u00ae. &#8211; Compatible con arneses de 4, 5 y 6 puntos. &#8211; Forro en tejido autoextinguible [&hellip;]<\/p>\n","protected":false},"featured_media":38127,"comment_status":"open","ping_status":"closed","template":"","meta":{"_acf_changed":false,"jetpack_post_was_ever_published":false,"_joinchat":[]},"product_brand":[],"product_cat":[165,434,549,309,311,482,310,400,308,312,313,963],"product_tag":[809,542,540,541,810,175,543,548,547,851,544,545,546],"class_list":{"0":"post-38126","1":"product","2":"type-product","3":"status-publish","4":"has-post-thumbnail","6":"product_cat-todo","7":"product_cat-alfa-romeo","8":"product_cat-asientos","9":"product_cat-bmw","10":"product_cat-honda","11":"product_cat-lexus","12":"product_cat-mazda","13":"product_cat-mitsubishi","14":"product_cat-nissan","15":"product_cat-subaru","16":"product_cat-toyota","17":"product_cat-volvo-2","18":"product_tag-asiento-en","19":"product_tag-asiento-deportivo","20":"product_tag-backet","21":"product_tag-baket","22":"product_tag-baquet-en","23":"product_tag-bucket","24":"product_tag-qrt","25":"product_tag-rev","26":"product_tag-rev-qrt","27":"product_tag-sparco-en","28":"product_tag-sparco-qrt","29":"product_tag-sparco-rev","30":"product_tag-sparco-rev-qrt","32":"first","33":"instock","34":"taxable","35":"shipping-taxable","36":"purchasable","37":"product-type-simple"},"acf":[],"jetpack_sharing_enabled":true,"_links":{"self":[{"href":"https:\/\/nisuba.com\/en\/wp-json\/wp\/v2\/product\/38126","targetHints":{"allow":["GET"]}}],"collection":[{"href":"https:\/\/nisuba.com\/en\/wp-json\/wp\/v2\/product"}],"about":[{"href":"https:\/\/nisuba.com\/en\/wp-json\/wp\/v2\/types\/product"}],"replies":[{"embeddable":true,"href":"https:\/\/nisuba.com\/en\/wp-json\/wp\/v2\/comments?post=38126"}],"wp:featuredmedia":[{"embeddable":true,"href":"https:\/\/nisuba.com\/en\/wp-json\/wp\/v2\/media\/38127"}],"wp:attachment":[{"href":"https:\/\/nisuba.com\/en\/wp-json\/wp\/v2\/media?parent=38126"}],"wp:term":[{"taxonomy":"product_brand","embeddable":true,"href":"https:\/\/nisuba.com\/en\/wp-json\/wp\/v2\/product_brand?post=38126"},{"taxonomy":"product_cat","embeddable":true,"href":"https:\/\/nisuba.com\/en\/wp-json\/wp\/v2\/product_cat?post=38126"},{"taxonomy":"product_tag","embeddable":true,"href":"https:\/\/nisuba.com\/en\/wp-json\/wp\/v2\/product_tag?post=38126"}],"curies":[{"name":"wp","href":"https:\/\/api.w.org\/{rel}","templated":true}]}}