{"id":38222,"date":"2025-06-19T08:57:45","date_gmt":"2025-06-19T07:57:45","guid":{"rendered":"https:\/\/nisuba.com\/?post_type=product&#038;p=38222"},"modified":"2026-01-16T09:14:10","modified_gmt":"2026-01-16T08:14:10","slug":"base-de-asiento-hyundai-i20","status":"publish","type":"product","link":"https:\/\/nisuba.com\/en\/product\/base-de-asiento-hyundai-i20\/","title":{"rendered":"Hyundai i20 Seat bracket"},"content":{"rendered":"<div>Base de asiento para Hyundai i20 y para Hyundai i20N.<\/div>\n<div><\/div>\n<div>High quality painted in satin black with powdercoat to protect from rust and offer a clean and beautiful finish.<\/div>\n<div>It has an anchorage for the belt as standard.<\/div>\n<div><\/div>\n<div>The complete kit includes:<\/div>\n<div><\/div>\n<div>\n<p><strong>Option 'side mount':<\/strong><\/p>\n<ul>\n<li>Base espec\u00edfica para Hyundai i20.<\/li>\n<li><strong>Sparco sliding<\/strong><\/li>\n<li>Side supports<\/li>\n<li>Hardware pack (including support belt screw).<\/li>\n<\/ul>\n<p><strong>Option 'bottom mount':<\/strong><\/p>\n<ul>\n<li>Base espec\u00edfica para Hyundai i20.<\/li>\n<li><strong>Sparco sliding<\/strong><\/li>\n<li>Hardware pack (including support belt screw).<\/li>\n<\/ul>\n<\/div>\n<div><\/div>\n<div><\/div>\n<div><strong>Important information:<\/strong><\/div>\n<div><\/div>\n<div>The screws that fix the seat to the base are not included, you can find them on this website in the accessories section.<\/div>\n<div><\/div>\n<div><\/div>\n<div><span style=\"background-color: #00ffff;\"><strong><a href=\"https:\/\/nisuba.com\/wp-content\/uploads\/2024\/11\/INSTRUCCIONES-SL.pdf\">ASSEMBLY INSTRUCTIONS<\/a><\/strong><\/span><\/div>\n<p>&nbsp;<\/p>","protected":false},"excerpt":{"rendered":"<p>Base de asiento para Hyundai i20 y para Hyundai i20N. Pintado de alta calidad en color negro satinado con pintura al polvo y al horno para proteger del \u00f3xido y ofrecer un acabado limpio y bonito. Dispone de anclaje para el cintur\u00f3n de serie. El kit completo de una base incluye: Opci\u00f3n \u2018para baquet fijo\u2019: [&hellip;]<\/p>\n","protected":false},"featured_media":38228,"comment_status":"open","ping_status":"closed","template":"","meta":{"_acf_changed":false,"jetpack_post_was_ever_published":false,"_joinchat":[]},"product_brand":[],"product_cat":[212,1061,165],"product_tag":[809,810,811,812,830,831,814,835,836,853,785,1062,1066,1069,1067,1068,839,821,840,822,842,843,844,845,846,847,848,850,825,851,1023,828],"class_list":{"0":"post-38222","1":"product","2":"type-product","3":"status-publish","4":"has-post-thumbnail","6":"product_cat-bases-de-asiento","7":"product_cat-hyundai","8":"product_cat-todo","9":"product_tag-asiento-en","10":"product_tag-baquet-en","11":"product_tag-bases-en","12":"product_tag-bases-asiento-en","13":"product_tag-bottom-mount-en","14":"product_tag-cobra-seats-en","15":"product_tag-competicion-en","16":"product_tag-drift-en","17":"product_tag-drifting-en","18":"product_tag-driftshop-2","19":"product_tag-driftworks-en","20":"product_tag-hyundai","21":"product_tag-hyundai-i20","22":"product_tag-hyundai-i20n","23":"product_tag-i20","24":"product_tag-i20n","25":"product_tag-parts-en","26":"product_tag-race-en","27":"product_tag-race-parts-en","28":"product_tag-rally-en","29":"product_tag-recaro-en","30":"product_tag-seat-brackets-en","31":"product_tag-seat-bucket-en","32":"product_tag-seat-rails-en","33":"product_tag-seat-support-en","34":"product_tag-seats-en","35":"product_tag-side-mount-en","36":"product_tag-soporte-en","37":"product_tag-soporte-asiento-en","38":"product_tag-sparco-en","39":"product_tag-stance","40":"product_tag-support-en","41":"pa_corredera-si","42":"pa_tipo-de-base-base-correderas","43":"pa_tipo-de-base-base-laterales","45":"first","46":"instock","47":"sale","48":"taxable","49":"shipping-taxable","50":"purchasable","51":"product-type-variable","52":"rtwpvs-product"},"acf":[],"jetpack_sharing_enabled":true,"_links":{"self":[{"href":"https:\/\/nisuba.com\/en\/wp-json\/wp\/v2\/product\/38222","targetHints":{"allow":["GET"]}}],"collection":[{"href":"https:\/\/nisuba.com\/en\/wp-json\/wp\/v2\/product"}],"about":[{"href":"https:\/\/nisuba.com\/en\/wp-json\/wp\/v2\/types\/product"}],"replies":[{"embeddable":true,"href":"https:\/\/nisuba.com\/en\/wp-json\/wp\/v2\/comments?post=38222"}],"wp:featuredmedia":[{"embeddable":true,"href":"https:\/\/nisuba.com\/en\/wp-json\/wp\/v2\/media\/38228"}],"wp:attachment":[{"href":"https:\/\/nisuba.com\/en\/wp-json\/wp\/v2\/media?parent=38222"}],"wp:term":[{"taxonomy":"product_brand","embeddable":true,"href":"https:\/\/nisuba.com\/en\/wp-json\/wp\/v2\/product_brand?post=38222"},{"taxonomy":"product_cat","embeddable":true,"href":"https:\/\/nisuba.com\/en\/wp-json\/wp\/v2\/product_cat?post=38222"},{"taxonomy":"product_tag","embeddable":true,"href":"https:\/\/nisuba.com\/en\/wp-json\/wp\/v2\/product_tag?post=38222"}],"curies":[{"name":"wp","href":"https:\/\/api.w.org\/{rel}","templated":true}]}}