{"id":38238,"date":"2025-06-27T08:55:20","date_gmt":"2025-06-27T07:55:20","guid":{"rendered":"https:\/\/nisuba.com\/?post_type=product&#038;p=38238"},"modified":"2026-03-19T13:48:56","modified_gmt":"2026-03-19T12:48:56","slug":"base-de-asiento-bmw-e90-e80-f30-f80-f82-f87","status":"publish","type":"product","link":"https:\/\/nisuba.com\/en\/product\/base-de-asiento-bmw-e90-e80-f30-f80-f82-f87\/","title":{"rendered":"BMW E90 \u2013 E80 \u2013 F30 \u2013 F80 \u2013 F82 \u2013 F87 \u2018RACE SPEC\u2019 seat bracket"},"content":{"rendered":"<div>Base de asiento especialmente dise\u00f1ada para su uso en <strong>coches de carreras o circuito<\/strong>.<\/div>\n<div>Tiene mucha regulaci\u00f3n para poder posicionar el asiento a la medida y lo m\u00e1s atr\u00e1s posible.<\/div>\n<div><\/div>\n<div>Base de asiento v\u00e1lida para:<\/div>\n<div><\/div>\n<div>BMW SERIE 3 E92, BMW E90, BMW E91, BMW E93.<\/div>\n<div>BMW SERIE 1 E81, BMW E82, BMW E87, BMW E88.<\/div>\n<div>BMW X1 E84.<\/div>\n<div>BMW X3 F25, BMW F26.<\/div>\n<div>BMW SERIE 3 F30, BMW F31, BMW F34.<\/div>\n<div>BMW SERIE 3 M3 F80.<\/div>\n<div>BMW SERIE 4 M4 F82, BMW F83\u00a0 BMW F32, BMW F33, BMW F36.<\/div>\n<div>BMW SERIE 2 M2 F87, BMW F22, BMW F23.<\/div>\n<div>BMW SERIE 1 F20, BMW SERIE 1 F21.<\/div>\n<div>MINI COOPER F56<\/div>\n<div><\/div>\n<div>Pintado de alta calidad en color negro satinado con pintura al polvo y al horno para proteger del \u00f3xido y ofrecer un buen acabado similar al de serie.<\/div>\n<div>Dispone de anclajes laterales para los arneses.<\/div>\n<div><\/div>\n<div>\n<div>The complete kit includes:<\/div>\n<div><\/div>\n<div>\n<p><strong>Option 'side mount':<\/strong><\/p>\n<ul>\n<li>Base espec\u00edfica.<\/li>\n<li>Soportes laterales.<\/li>\n<li>Pack de torniller\u00eda para unir las piezas (no se incluyen tornillos del asiento).<\/li>\n<\/ul>\n<\/div>\n<\/div>\n<div>\n<p><strong>Base only' option:<\/strong><\/p>\n<ul>\n<li>Base espec\u00edfica.<\/li>\n<li>No se incluye torniller\u00eda.<\/li>\n<li>Aconsejamos montar esta base con laterales Nisuba.<\/li>\n<\/ul>\n<\/div>\n<div><\/div>\n<div><strong>Important information:<\/strong><\/div>\n<div><\/div>\n<div>Aconsejamos no montar correderas en un coche de circuito.<\/div>\n<div><\/div>\n<div><\/div>\n<div><a href=\"https:\/\/nisuba.com\/wp-content\/uploads\/2024\/11\/INSTRUCCIONES-FI.pdf\"><span style=\"background-color: #00ffff;\"><strong>ASSEMBLY INSTRUCTIONS<\/strong><\/span><\/a><\/div>\n<p>&nbsp;<\/p>","protected":false},"excerpt":{"rendered":"<p>Base de asiento especialmente dise\u00f1ada para su uso en coches de carreras o circuito. Tiene mucha regulaci\u00f3n para poder posicionar el asiento a la medida y lo m\u00e1s atr\u00e1s posible. Base de asiento v\u00e1lida para: BMW SERIE 3 E92, BMW E90, BMW E91, BMW E93. BMW SERIE 1 E81, BMW E82, BMW E87, BMW E88. [&hellip;]<\/p>\n","protected":false},"featured_media":38242,"comment_status":"open","ping_status":"closed","template":"","meta":{"_acf_changed":false,"jetpack_post_was_ever_published":false,"_joinchat":[]},"product_brand":[],"product_cat":[212,309,165],"product_tag":[809,810,811,812,930,978,979,975,377,645,644,646,642,747,643,382,830,831,814,835,836,853,785,378,648,1070,837,1071,839,821,840,822,842,843,844,845,846,847,848,850,825,851,828],"class_list":{"0":"post-38238","1":"product","2":"type-product","3":"status-publish","4":"has-post-thumbnail","6":"product_cat-bases-de-asiento","7":"product_cat-bmw","8":"product_cat-todo","9":"product_tag-asiento-en","10":"product_tag-baquet-en","11":"product_tag-bases-en","12":"product_tag-bases-asiento-en","13":"product_tag-bmw-en","14":"product_tag-bmw-e80","15":"product_tag-bmw-e81","16":"product_tag-bmw-e90","17":"product_tag-bmw-e92","18":"product_tag-bmw-f30","19":"product_tag-bmw-f80","20":"product_tag-bmw-f82","21":"product_tag-bmw-m2","22":"product_tag-bmw-m3","23":"product_tag-bmw-m4","24":"product_tag-bmw-parts","25":"product_tag-bottom-mount-en","26":"product_tag-cobra-seats-en","27":"product_tag-competicion-en","28":"product_tag-drift-en","29":"product_tag-drifting-en","30":"product_tag-driftshop-2","31":"product_tag-driftworks-en","32":"product_tag-e92","33":"product_tag-f80","34":"product_tag-fmw-f87","35":"product_tag-good-quality-en","36":"product_tag-mini-cooper-f56","37":"product_tag-parts-en","38":"product_tag-race-en","39":"product_tag-race-parts-en","40":"product_tag-rally-en","41":"product_tag-recaro-en","42":"product_tag-seat-brackets-en","43":"product_tag-seat-bucket-en","44":"product_tag-seat-rails-en","45":"product_tag-seat-support-en","46":"product_tag-seats-en","47":"product_tag-side-mount-en","48":"product_tag-soporte-en","49":"product_tag-soporte-asiento-en","50":"product_tag-sparco-en","51":"product_tag-support-en","52":"pa_corredera-no","53":"pa_corredera-si","54":"pa_tipo-de-base-base-laterales","55":"pa_tipo-de-base-solo-base","57":"first","58":"instock","59":"taxable","60":"shipping-taxable","61":"purchasable","62":"product-type-variable","63":"rtwpvs-product"},"acf":[],"jetpack_sharing_enabled":true,"_links":{"self":[{"href":"https:\/\/nisuba.com\/en\/wp-json\/wp\/v2\/product\/38238","targetHints":{"allow":["GET"]}}],"collection":[{"href":"https:\/\/nisuba.com\/en\/wp-json\/wp\/v2\/product"}],"about":[{"href":"https:\/\/nisuba.com\/en\/wp-json\/wp\/v2\/types\/product"}],"replies":[{"embeddable":true,"href":"https:\/\/nisuba.com\/en\/wp-json\/wp\/v2\/comments?post=38238"}],"wp:featuredmedia":[{"embeddable":true,"href":"https:\/\/nisuba.com\/en\/wp-json\/wp\/v2\/media\/38242"}],"wp:attachment":[{"href":"https:\/\/nisuba.com\/en\/wp-json\/wp\/v2\/media?parent=38238"}],"wp:term":[{"taxonomy":"product_brand","embeddable":true,"href":"https:\/\/nisuba.com\/en\/wp-json\/wp\/v2\/product_brand?post=38238"},{"taxonomy":"product_cat","embeddable":true,"href":"https:\/\/nisuba.com\/en\/wp-json\/wp\/v2\/product_cat?post=38238"},{"taxonomy":"product_tag","embeddable":true,"href":"https:\/\/nisuba.com\/en\/wp-json\/wp\/v2\/product_tag?post=38238"}],"curies":[{"name":"wp","href":"https:\/\/api.w.org\/{rel}","templated":true}]}}