{"id":38245,"date":"2025-06-27T09:58:15","date_gmt":"2025-06-27T08:58:15","guid":{"rendered":"https:\/\/nisuba.com\/?post_type=product&#038;p=38245"},"modified":"2025-09-19T11:35:00","modified_gmt":"2025-09-19T10:35:00","slug":"base-de-asiento-universal","status":"publish","type":"product","link":"https:\/\/nisuba.com\/en\/product\/base-de-asiento-universal\/","title":{"rendered":"Universal seat barcket 'RACE SPEC'"},"content":{"rendered":"<div>Base de asiento UNIVERSAL para <strong>coches de carreras o circuito<\/strong>.<\/div>\n<div>Tiene mucha regulaci\u00f3n para poder posicionar el asiento a la medida y lo m\u00e1s atr\u00e1s posible.<\/div>\n<div><\/div>\n<div>Base de asiento v\u00e1lida para cualquier coche con largueros soldados al chasis.<\/div>\n<div><strong>No es una base espec\u00edfica para ning\u00fan coche.<\/strong><\/div>\n<div><\/div>\n<div>Pintado de alta calidad en color negro satinado con pintura al polvo y al horno para proteger del \u00f3xido.<\/div>\n<div><\/div>\n<div>\n<div>The complete kit includes:<\/div>\n<div>\n<ul>\n<li>Base universal en dos piezas.<\/li>\n<li>Soportes laterales.<\/li>\n<li>Pack de torniller\u00eda para unir las piezas (no se incluyen tornillos del asiento).<\/li>\n<\/ul>\n<\/div>\n<\/div>\n<div><\/div>\n<div><\/div>\n<div><strong>Important information:<\/strong><\/div>\n<div><\/div>\n<div>Se tiene que montar todo el conjunto completo, no se venden piezas por separado.<\/div>\n<p>\u00a0<\/p>\n<p>\u00a0<\/p>","protected":false},"excerpt":{"rendered":"<p>Base de asiento UNIVERSAL para coches de carreras o circuito. Tiene mucha regulaci\u00f3n para poder posicionar el asiento a la medida y lo m\u00e1s atr\u00e1s posible. Base de asiento v\u00e1lida para cualquier coche con largueros soldados al chasis. No es una base espec\u00edfica para ning\u00fan coche. Pintado de alta calidad en color negro satinado con [&hellip;]<\/p>\n","protected":false},"featured_media":38250,"comment_status":"open","ping_status":"closed","template":"","meta":{"_acf_changed":false,"jetpack_post_was_ever_published":false,"_joinchat":[]},"product_brand":[],"product_cat":[434,1051,212,309,311,1061,482,310,400,308,1055,312,165,313,1079,1022,963],"product_tag":[809,810,783,1074,811,812,930,1073,1072,831,814,835,836,853,785,837,1071,839,821,1076,840,1077,822,842,843,844,1075,845,846,891,847,848,850,825,851,828],"class_list":{"0":"post-38245","1":"product","2":"type-product","3":"status-publish","4":"has-post-thumbnail","6":"product_cat-alfa-romeo","7":"product_cat-audi","8":"product_cat-bases-de-asiento","9":"product_cat-bmw","10":"product_cat-honda","11":"product_cat-hyundai","12":"product_cat-lexus","13":"product_cat-mazda","14":"product_cat-mitsubishi","15":"product_cat-nissan","16":"product_cat-seat","17":"product_cat-subaru","18":"product_cat-todo","19":"product_cat-toyota","20":"product_cat-universal","21":"product_cat-volkswagen","22":"product_cat-volvo-2","23":"product_tag-asiento-en","24":"product_tag-baquet-en","25":"product_tag-base-de-asiento-en","26":"product_tag-base-de-carreras","27":"product_tag-bases-en","28":"product_tag-bases-asiento-en","29":"product_tag-bmw-en","30":"product_tag-carreras","31":"product_tag-circuito","32":"product_tag-cobra-seats-en","33":"product_tag-competicion-en","34":"product_tag-drift-en","35":"product_tag-drifting-en","36":"product_tag-driftshop-2","37":"product_tag-driftworks-en","38":"product_tag-good-quality-en","39":"product_tag-mini-cooper-f56","40":"product_tag-parts-en","41":"product_tag-race-en","42":"product_tag-race-mounts","43":"product_tag-race-parts-en","44":"product_tag-race-seats","45":"product_tag-rally-en","46":"product_tag-recaro-en","47":"product_tag-seat-brackets-en","48":"product_tag-seat-bucket-en","49":"product_tag-seat-mounts","50":"product_tag-seat-rails-en","51":"product_tag-seat-support-en","52":"product_tag-seat-supports","53":"product_tag-seats-en","54":"product_tag-side-mount-en","55":"product_tag-soporte-en","56":"product_tag-soporte-asiento-en","57":"product_tag-sparco-en","58":"product_tag-support-en","60":"first","61":"instock","62":"taxable","63":"shipping-taxable","64":"purchasable","65":"product-type-simple"},"acf":[],"jetpack_sharing_enabled":true,"_links":{"self":[{"href":"https:\/\/nisuba.com\/en\/wp-json\/wp\/v2\/product\/38245","targetHints":{"allow":["GET"]}}],"collection":[{"href":"https:\/\/nisuba.com\/en\/wp-json\/wp\/v2\/product"}],"about":[{"href":"https:\/\/nisuba.com\/en\/wp-json\/wp\/v2\/types\/product"}],"replies":[{"embeddable":true,"href":"https:\/\/nisuba.com\/en\/wp-json\/wp\/v2\/comments?post=38245"}],"wp:featuredmedia":[{"embeddable":true,"href":"https:\/\/nisuba.com\/en\/wp-json\/wp\/v2\/media\/38250"}],"wp:attachment":[{"href":"https:\/\/nisuba.com\/en\/wp-json\/wp\/v2\/media?parent=38245"}],"wp:term":[{"taxonomy":"product_brand","embeddable":true,"href":"https:\/\/nisuba.com\/en\/wp-json\/wp\/v2\/product_brand?post=38245"},{"taxonomy":"product_cat","embeddable":true,"href":"https:\/\/nisuba.com\/en\/wp-json\/wp\/v2\/product_cat?post=38245"},{"taxonomy":"product_tag","embeddable":true,"href":"https:\/\/nisuba.com\/en\/wp-json\/wp\/v2\/product_tag?post=38245"}],"curies":[{"name":"wp","href":"https:\/\/api.w.org\/{rel}","templated":true}]}}