{"id":3978,"date":"2019-09-06T08:09:42","date_gmt":"2019-09-06T07:09:42","guid":{"rendered":"https:\/\/nisuba.com\/?post_type=product&#038;p=3978"},"modified":"2026-01-16T10:17:29","modified_gmt":"2026-01-16T09:17:29","slug":"salida-de-aire-tipo-d-max","status":"publish","type":"product","link":"https:\/\/nisuba.com\/en\/product\/salida-de-aire-tipo-d-max\/","title":{"rendered":"D-max style hood vent"},"content":{"rendered":"<p>Extreme hood vent, designed to remove heat from inside the engine compartment and release accumulated pressure.<\/p>\n<p>Made of aluminum and painted in satin black powder-coated and oven-dried.<\/p>\n<p>This hood vent is universal.<\/p>\n<p><strong>Important information:<\/strong><\/p>\n<p><em>Measurements in millimeters in the photos.<\/em><\/p>\n<p>\u00a0<\/p>","protected":false},"excerpt":{"rendered":"<p>Salida de aire extrema para el cap\u00f3, dise\u00f1ada para sacar el calor de dentro del vano motor y liberar la presi\u00f3n acumulada. Fabricada en aluminio y pintada en negro satinado al polvo y secado al horno. Esta salida de aire es universal. Informaci\u00f3n importante: Medidas en mil\u00edmetros en las fotos. \u00a0<\/p>","protected":false},"featured_media":36325,"comment_status":"open","ping_status":"closed","template":"","meta":{"_acf_changed":false,"jetpack_post_was_ever_published":false,"_joinchat":[]},"product_brand":[],"product_cat":[434,309,311,482,310,400,308,420,312,165,313,963],"product_tag":[871,769,873,126,930,932,813,129,272,274,271,273,815,816,125,276,278,277,275,169,118,127,768,817,818,770,771,821,822,823,850,919,920,828,189],"class_list":{"0":"post-3978","1":"product","2":"type-product","3":"status-publish","4":"has-post-thumbnail","6":"product_cat-alfa-romeo","7":"product_cat-bmw","8":"product_cat-honda","9":"product_cat-lexus","10":"product_cat-mazda","11":"product_cat-mitsubishi","12":"product_cat-nissan","13":"product_cat-salidas-de-aire","14":"product_cat-subaru","15":"product_cat-todo","16":"product_cat-toyota","17":"product_cat-volvo-2","18":"product_tag-180sx-en","19":"product_tag-200sx-2","20":"product_tag-240sx-en","21":"product_tag-air-vent","22":"product_tag-bmw-en","23":"product_tag-bmw-e36-en","24":"product_tag-bmw-e46-en","25":"product_tag-cambio-de-marchas","26":"product_tag-d-max","27":"product_tag-d-max-vent","28":"product_tag-dmax","29":"product_tag-dmax-vent","30":"product_tag-e36-en","31":"product_tag-e46-en","32":"product_tag-entrada-de-aire","33":"product_tag-extreme","34":"product_tag-extreme-d-max-vent","35":"product_tag-extreme-hood-vent","36":"product_tag-extreme-vent","37":"product_tag-gc8","38":"product_tag-hood-vent","39":"product_tag-impresion-3d","40":"product_tag-nissan-2","41":"product_tag-nissan-s-chassis-en","42":"product_tag-nissan-s13-en","43":"product_tag-nissan-s14-2","44":"product_tag-nissan-s15-2","45":"product_tag-race-en","46":"product_tag-rally-en","47":"product_tag-s-chassis-en","48":"product_tag-soporte-en","49":"product_tag-subaru-en","50":"product_tag-subaru-gc8-en","51":"product_tag-support-en","52":"product_tag-vent","54":"first","55":"instock","56":"taxable","57":"shipping-taxable","58":"purchasable","59":"product-type-simple"},"acf":[],"jetpack_sharing_enabled":true,"_links":{"self":[{"href":"https:\/\/nisuba.com\/en\/wp-json\/wp\/v2\/product\/3978","targetHints":{"allow":["GET"]}}],"collection":[{"href":"https:\/\/nisuba.com\/en\/wp-json\/wp\/v2\/product"}],"about":[{"href":"https:\/\/nisuba.com\/en\/wp-json\/wp\/v2\/types\/product"}],"replies":[{"embeddable":true,"href":"https:\/\/nisuba.com\/en\/wp-json\/wp\/v2\/comments?post=3978"}],"wp:featuredmedia":[{"embeddable":true,"href":"https:\/\/nisuba.com\/en\/wp-json\/wp\/v2\/media\/36325"}],"wp:attachment":[{"href":"https:\/\/nisuba.com\/en\/wp-json\/wp\/v2\/media?parent=3978"}],"wp:term":[{"taxonomy":"product_brand","embeddable":true,"href":"https:\/\/nisuba.com\/en\/wp-json\/wp\/v2\/product_brand?post=3978"},{"taxonomy":"product_cat","embeddable":true,"href":"https:\/\/nisuba.com\/en\/wp-json\/wp\/v2\/product_cat?post=3978"},{"taxonomy":"product_tag","embeddable":true,"href":"https:\/\/nisuba.com\/en\/wp-json\/wp\/v2\/product_tag?post=3978"}],"curies":[{"name":"wp","href":"https:\/\/api.w.org\/{rel}","templated":true}]}}