{"id":4591,"date":"2019-09-29T18:05:40","date_gmt":"2019-09-29T17:05:40","guid":{"rendered":"https:\/\/nisuba.com\/?post_type=product&#038;p=4591"},"modified":"2026-01-16T10:17:27","modified_gmt":"2026-01-16T09:17:27","slug":"paneles-de-puerta-bmw-e30-sedan","status":"publish","type":"product","link":"https:\/\/nisuba.com\/en\/product\/paneles-de-puerta-bmw-e30-sedan\/","title":{"rendered":"BMW E30 sedan door panels"},"content":{"rendered":"<p>Set of 4 door panels for BMW E30 sedan, pilot door, passenger door and rear doors.<\/p>\n<p>Designed to retain the standard mirror adjustment handle and buttons and install a fabric handle to close the door (included).<\/p>\n<p>High quality painted black with powder and oven paint to protect from wear and tear and offer a clean and beautiful finish.<\/p>\n<p>- Includes:<\/p>\n<p>\u2013 Specific door panels for BMW E30 sedan.<br \/>\nDoor pull handle (choose any color)<br \/>\nHardware included.<\/p>\n<p>The assembly process is simple and intuitive, they are designed to be installed with metric 6 threaded rivets in new holes (rivets are not included).<\/p>\n<p>\u00a0<\/p>\n<p><strong>Important information:<\/strong><\/p>\n<p><em>They can be made with the specifications you prefer for the lever and the positioning and size of the Nisuba logo. This must be specified when placing the order in the comments section.<\/em><\/p>\n<p><strong>This product is available on demand and the lead time is about 3 or 4 weeks.<\/strong><\/p>","protected":false},"excerpt":{"rendered":"<p>Conjunto de 4 paneles de puerta para BMW E30 sed\u00e1n, puerta piloto, puerta copiloto y puertas traseras. Dise\u00f1adas para conservar la maneta y botones de regulaci\u00f3n de espejos de serie y instalar un tirador de tela para cerrar la puerta (inclu\u00eddo). Pintado de alta calidad en color negro con pintura al polvo y al horno [&hellip;]<\/p>\n","protected":false},"featured_media":4600,"comment_status":"open","ping_status":"closed","template":"","meta":{"_acf_changed":false,"jetpack_post_was_ever_published":false,"_joinchat":[]},"product_brand":[],"product_cat":[309,243,165],"product_tag":[207,250,208,209,245,246,248,251,210,211,249,247,221,147],"class_list":{"0":"post-4591","1":"product","2":"type-product","3":"status-publish","4":"has-post-thumbnail","6":"product_cat-bmw","7":"product_cat-paneles-de-puerta","8":"product_cat-todo","9":"product_tag-bmw","10":"product_tag-bmw-e30","11":"product_tag-bmw-e36","12":"product_tag-bmw-e46","13":"product_tag-door-card","14":"product_tag-door-cards","15":"product_tag-door-panel","16":"product_tag-e30","17":"product_tag-e36","18":"product_tag-e46","19":"product_tag-panel-aluminio","20":"product_tag-panel-puerta","21":"product_tag-soporte","22":"product_tag-support","24":"first","25":"outofstock","26":"taxable","27":"shipping-taxable","28":"purchasable","29":"product-type-simple"},"acf":[],"jetpack_sharing_enabled":true,"_links":{"self":[{"href":"https:\/\/nisuba.com\/en\/wp-json\/wp\/v2\/product\/4591","targetHints":{"allow":["GET"]}}],"collection":[{"href":"https:\/\/nisuba.com\/en\/wp-json\/wp\/v2\/product"}],"about":[{"href":"https:\/\/nisuba.com\/en\/wp-json\/wp\/v2\/types\/product"}],"replies":[{"embeddable":true,"href":"https:\/\/nisuba.com\/en\/wp-json\/wp\/v2\/comments?post=4591"}],"wp:featuredmedia":[{"embeddable":true,"href":"https:\/\/nisuba.com\/en\/wp-json\/wp\/v2\/media\/4600"}],"wp:attachment":[{"href":"https:\/\/nisuba.com\/en\/wp-json\/wp\/v2\/media?parent=4591"}],"wp:term":[{"taxonomy":"product_brand","embeddable":true,"href":"https:\/\/nisuba.com\/en\/wp-json\/wp\/v2\/product_brand?post=4591"},{"taxonomy":"product_cat","embeddable":true,"href":"https:\/\/nisuba.com\/en\/wp-json\/wp\/v2\/product_cat?post=4591"},{"taxonomy":"product_tag","embeddable":true,"href":"https:\/\/nisuba.com\/en\/wp-json\/wp\/v2\/product_tag?post=4591"}],"curies":[{"name":"wp","href":"https:\/\/api.w.org\/{rel}","templated":true}]}}