{"id":6447,"date":"2019-12-23T10:38:06","date_gmt":"2019-12-23T09:38:06","guid":{"rendered":"https:\/\/nisuba.com\/?post_type=product&#038;p=6447"},"modified":"2026-01-16T10:22:24","modified_gmt":"2026-01-16T09:22:24","slug":"soporte-relojes-nissan-s13-super-angulo-2-relojes","status":"publish","type":"product","link":"https:\/\/nisuba.com\/en\/product\/soporte-relojes-nissan-s13-super-angulo-2-relojes\/","title":{"rendered":"Nissan s13 super angle gauge pod \u2013 2 gauge"},"content":{"rendered":"<p>Support for 2 watches with an angle very focused on the driver for Nissan S13 made of 3D printing in pa12 material.<\/p>\n<p>It is placed replacing the central vents of the Nissan S13.<\/p>\n<p>For measurements of watches with a diameter of 52mm.<\/p>\n<p><em>Plastic products made by 3D printing are made to order, therefore it may take about 10 business days to arrive after payment is made.<\/em><\/p>\n<p>Installation video on YouTube!<\/p>\n<p><span class=\"embed-youtube\" style=\"text-align:center; display: block;\"><iframe class=\"youtube-player\" width=\"800\" height=\"450\" src=\"https:\/\/www.youtube.com\/embed\/ymp5eOiRmck?version=3&#038;rel=1&#038;showsearch=0&#038;showinfo=1&#038;iv_load_policy=1&#038;fs=1&#038;hl=en-GB&#038;autohide=2&#038;wmode=transparent\" allowfullscreen=\"true\" style=\"border:0;\" sandbox=\"allow-scripts allow-same-origin allow-popups allow-presentation allow-popups-to-escape-sandbox\"><\/iframe><\/span><\/p>","protected":false},"excerpt":{"rendered":"<p>Soporte para 2 relojes con \u00e1ngulo muy enfocado al conductor para nissan s13 fabricado en impresi\u00f3n 3D en material pa12. Va colocado sustituyendo a los aireadores centrales del nissan s13. Para medidas de relojes de di\u00e1metro 52mm. Los productos de pl\u00e1stico fabricados por impresi\u00f3n 3D se hacen bajo pedido, por lo tanto, pueden tardar unos [&hellip;]<\/p>\n","protected":false},"featured_media":36358,"comment_status":"open","ping_status":"closed","template":"","meta":{"_acf_changed":false,"jetpack_post_was_ever_published":false,"_joinchat":[]},"product_brand":[],"product_cat":[308,421,165],"product_tag":[146,145,142,144,143,147],"class_list":{"0":"post-6447","1":"product","2":"type-product","3":"status-publish","4":"has-post-thumbnail","6":"product_cat-nissan","7":"product_cat-soportes-de-relojes","8":"product_cat-todo","9":"product_tag-gauge","10":"product_tag-gauge-support","11":"product_tag-nissan","12":"product_tag-nissan-s13","13":"product_tag-soporte-relojes","14":"product_tag-support","15":"pa_lhd-o-rhd-lhd-volante-a-la-izquierda","16":"pa_lhd-o-rhd-rhd-volante-a-la-derecha","18":"first","19":"instock","20":"taxable","21":"shipping-taxable","22":"purchasable","23":"product-type-variable","24":"rtwpvs-product"},"acf":[],"jetpack_sharing_enabled":true,"_links":{"self":[{"href":"https:\/\/nisuba.com\/en\/wp-json\/wp\/v2\/product\/6447","targetHints":{"allow":["GET"]}}],"collection":[{"href":"https:\/\/nisuba.com\/en\/wp-json\/wp\/v2\/product"}],"about":[{"href":"https:\/\/nisuba.com\/en\/wp-json\/wp\/v2\/types\/product"}],"replies":[{"embeddable":true,"href":"https:\/\/nisuba.com\/en\/wp-json\/wp\/v2\/comments?post=6447"}],"wp:featuredmedia":[{"embeddable":true,"href":"https:\/\/nisuba.com\/en\/wp-json\/wp\/v2\/media\/36358"}],"wp:attachment":[{"href":"https:\/\/nisuba.com\/en\/wp-json\/wp\/v2\/media?parent=6447"}],"wp:term":[{"taxonomy":"product_brand","embeddable":true,"href":"https:\/\/nisuba.com\/en\/wp-json\/wp\/v2\/product_brand?post=6447"},{"taxonomy":"product_cat","embeddable":true,"href":"https:\/\/nisuba.com\/en\/wp-json\/wp\/v2\/product_cat?post=6447"},{"taxonomy":"product_tag","embeddable":true,"href":"https:\/\/nisuba.com\/en\/wp-json\/wp\/v2\/product_tag?post=6447"}],"curies":[{"name":"wp","href":"https:\/\/api.w.org\/{rel}","templated":true}]}}