{"id":7743,"date":"2020-02-03T16:19:57","date_gmt":"2020-02-03T15:19:57","guid":{"rendered":"https:\/\/nisuba.com\/?post_type=product&#038;p=7743"},"modified":"2026-01-16T10:22:22","modified_gmt":"2026-01-16T09:22:22","slug":"soporte-relojes-camuflados-nissan-s13-3-relojes","status":"publish","type":"product","link":"https:\/\/nisuba.com\/en\/product\/soporte-relojes-camuflados-nissan-s13-3-relojes\/","title":{"rendered":"Nissan s13 camouflaged gauge pod \u2013 3 gauges"},"content":{"rendered":"<p>Support for 3 watches with an angle focused on the driver for Nissan S13 made of 3D printing in pa12 material.<\/p>\n<p>This support makes the watches hidden and practically at the level of the dashboard.<\/p>\n<p>It is placed replacing the central vents of the Nissan S13.<\/p>\n<p>For measurements of watches with a diameter of 52mm and an exterior of 58mm maximum<\/p>\n<p><em>Plastic products made by 3D printing are made to order, therefore it may take about 10 business days to arrive after payment is made.<\/em><\/p>\n<p>Installation video on YouTube!<\/p>\n<p><span class=\"embed-youtube\" style=\"text-align:center; display: block;\"><iframe class=\"youtube-player\" width=\"800\" height=\"450\" src=\"https:\/\/www.youtube.com\/embed\/ymp5eOiRmck?version=3&#038;rel=1&#038;showsearch=0&#038;showinfo=1&#038;iv_load_policy=1&#038;fs=1&#038;hl=en-GB&#038;autohide=2&#038;wmode=transparent\" allowfullscreen=\"true\" style=\"border:0;\" sandbox=\"allow-scripts allow-same-origin allow-popups allow-presentation allow-popups-to-escape-sandbox\"><\/iframe><\/span><\/p>","protected":false},"excerpt":{"rendered":"<p>Soporte para 3 relojes con \u00e1ngulo enfocado al conductor para nissan s13 fabricado en impresi\u00f3n 3D en material pa12. Este soporte hace que los relojes queden escondidos y pr\u00e1cticamente al nivel del salpicadero. Va colocado sustituyendo a los aireadores centrales del nissan s13. Para medidas de relojes de di\u00e1metro 52mm y exterior de 58mm como [&hellip;]<\/p>\n","protected":false},"featured_media":36466,"comment_status":"open","ping_status":"closed","template":"","meta":{"_acf_changed":false,"jetpack_post_was_ever_published":false,"_joinchat":[]},"product_brand":[],"product_cat":[308,421,165],"product_tag":[174,173,180,387,386,146,145,142,608,144,178,179,612,148,176,177,610,616,614,143,147],"class_list":{"0":"post-7743","1":"product","2":"type-product","3":"status-publish","4":"has-post-thumbnail","6":"product_cat-nissan","7":"product_cat-soportes-de-relojes","8":"product_cat-todo","9":"product_tag-180sx","10":"product_tag-200sx","11":"product_tag-240sx","12":"product_tag-driftshop","13":"product_tag-driftworks","14":"product_tag-gauge","15":"product_tag-gauge-support","16":"product_tag-nissan","17":"product_tag-nissan-180sx","18":"product_tag-nissan-s13","19":"product_tag-nissan-s14","20":"product_tag-nissan-s15","21":"product_tag-nissan-silvia","22":"product_tag-s13","23":"product_tag-s14","24":"product_tag-s15","25":"product_tag-silvia-s13","26":"product_tag-silvia-s14","27":"product_tag-silvia-s15","28":"product_tag-soporte-relojes","29":"product_tag-support","30":"pa_lhd-o-rhd-lhd-volante-a-la-izquierda","31":"pa_lhd-o-rhd-rhd-volante-a-la-derecha","33":"first","34":"instock","35":"taxable","36":"shipping-taxable","37":"purchasable","38":"product-type-variable","39":"rtwpvs-product"},"acf":[],"jetpack_sharing_enabled":true,"_links":{"self":[{"href":"https:\/\/nisuba.com\/en\/wp-json\/wp\/v2\/product\/7743","targetHints":{"allow":["GET"]}}],"collection":[{"href":"https:\/\/nisuba.com\/en\/wp-json\/wp\/v2\/product"}],"about":[{"href":"https:\/\/nisuba.com\/en\/wp-json\/wp\/v2\/types\/product"}],"replies":[{"embeddable":true,"href":"https:\/\/nisuba.com\/en\/wp-json\/wp\/v2\/comments?post=7743"}],"wp:featuredmedia":[{"embeddable":true,"href":"https:\/\/nisuba.com\/en\/wp-json\/wp\/v2\/media\/36466"}],"wp:attachment":[{"href":"https:\/\/nisuba.com\/en\/wp-json\/wp\/v2\/media?parent=7743"}],"wp:term":[{"taxonomy":"product_brand","embeddable":true,"href":"https:\/\/nisuba.com\/en\/wp-json\/wp\/v2\/product_brand?post=7743"},{"taxonomy":"product_cat","embeddable":true,"href":"https:\/\/nisuba.com\/en\/wp-json\/wp\/v2\/product_cat?post=7743"},{"taxonomy":"product_tag","embeddable":true,"href":"https:\/\/nisuba.com\/en\/wp-json\/wp\/v2\/product_tag?post=7743"}],"curies":[{"name":"wp","href":"https:\/\/api.w.org\/{rel}","templated":true}]}}