{"id":8106,"date":"2020-03-30T10:51:24","date_gmt":"2020-03-30T09:51:24","guid":{"rendered":"https:\/\/nisuba.com\/?post_type=product&#038;p=8106"},"modified":"2026-03-30T18:28:56","modified_gmt":"2026-03-30T17:28:56","slug":"bases-de-asiento-hyperlow-xl-v3-nissan-s13-s14-s15","status":"publish","type":"product","link":"https:\/\/nisuba.com\/en\/product\/bases-de-asiento-hyperlow-xl-v3-nissan-s13-s14-s15\/","title":{"rendered":"Seat bracket Hyperlow XL V3 Nissan s13 \u2013 s14 \u2013 s15"},"content":{"rendered":"<p style=\"text-align: left;\">Hyperlow XL V3 seat bracket for Nissan s-chassis.<\/p>\n<p style=\"text-align: left;\">Seat bracket designed to take your seat as low as possible, practically resting on the ground.<\/p>\n<p>It has several positions to regulate the height of the seat and the distance from the seat to the steering wheel and pedals.<\/p>\n<p>Painted in black to protect from rust and offer a clean and beautiful finish.<\/p>\n<p>It has an anchorage for the belt as standard.<\/p>\n<p>The complete kit includes:<\/p>\n<p>\u2013 Specific seat bracket for Nissan s13, nissan s14 and nissan s15.<\/p>\n<p>\u2013 Baquet supports.<\/p>\n<p>\u2013 Hardware pack with Nisuba washers (including belt screw as standard).<\/p>\n<p><strong>Important information:<\/strong><\/p>\n<p><em>It must be taken into account that with a 43cm wide bucket it is displaced from the steering wheel by about 5mm, if it is less wide the offset will be less. If you install a seat that is 41cm wide or smaller, take a look at the normal hyperlow seat bracket, these are designed for rackets from 41cm to 43cm.<\/em><\/p>\n<p><em>Product designed under FIA specifications according to Annex J.<\/em><\/p>\n<p><em>These bases accept buckets with a width at the base up to <\/em><em><strong>43cm <\/strong><\/em><em>for example<\/em><em><strong> RECARO POLE POSITION AND RECARO SPG XL.<\/strong><\/em><\/p>\n<p><span style=\"background-color: #00ffff; color: #000000;\"><a style=\"background-color: #00ffff; color: #000000;\" href=\"https:\/\/nisuba.com\/wp-content\/uploads\/2018\/12\/how-to-nissan-schassis-hyperlow-seat-brackets-spain.pdf\">ASSEMBLY INSTRUCTIONS<\/a><\/span><\/p>\n<p>Check out this video on our YouTube channel where we talk about how to choose a bucket for your Nissan s-chassis!<\/p>\n<p><span class=\"embed-youtube\" style=\"text-align:center; display: block;\"><iframe class=\"youtube-player\" width=\"800\" height=\"450\" src=\"https:\/\/www.youtube.com\/embed\/nXqJdETKQ1M?version=3&#038;rel=1&#038;showsearch=0&#038;showinfo=1&#038;iv_load_policy=1&#038;fs=1&#038;hl=en-GB&#038;autohide=2&#038;wmode=transparent\" allowfullscreen=\"true\" style=\"border:0;\" sandbox=\"allow-scripts allow-same-origin allow-popups allow-presentation allow-popups-to-escape-sandbox\"><\/iframe><\/span><\/p>","protected":false},"excerpt":{"rendered":"<p>Base de asiento Hyperlow XL V3 para Nissan s-chassis. Bases dise\u00f1adas para que puedas llevar tu asiento lo m\u00e1s bajo posible, pr\u00e1cticamente apoyado en el suelo. Dispone de varias posiciones para poder regular tanto la altura del asiento como la distancia del asiento al volante y pedales. Pintado en color negro para proteger del \u00f3xido [&hellip;]<\/p>\n","protected":false},"featured_media":36428,"comment_status":"open","ping_status":"closed","template":"","meta":{"_acf_changed":false,"jetpack_post_was_ever_published":false,"_joinchat":[]},"product_brand":[],"product_cat":[212,308,165],"product_tag":[871,769,873,809,810,811,812,814,768,817,818,770,771,823,153,159,843,846,825,828],"class_list":{"0":"post-8106","1":"product","2":"type-product","3":"status-publish","4":"has-post-thumbnail","6":"product_cat-bases-de-asiento","7":"product_cat-nissan","8":"product_cat-todo","9":"product_tag-180sx-en","10":"product_tag-200sx-2","11":"product_tag-240sx-en","12":"product_tag-asiento-en","13":"product_tag-baquet-en","14":"product_tag-bases-en","15":"product_tag-bases-asiento-en","16":"product_tag-competicion-en","17":"product_tag-nissan-2","18":"product_tag-nissan-s-chassis-en","19":"product_tag-nissan-s13-en","20":"product_tag-nissan-s14-2","21":"product_tag-nissan-s15-2","22":"product_tag-s-chassis-en","23":"product_tag-s-chassis-seat-brackets","24":"product_tag-schassis","25":"product_tag-seat-brackets-en","26":"product_tag-seat-support-en","27":"product_tag-soporte-asiento-en","28":"product_tag-support-en","29":"pa_lado-base-derecha","30":"pa_lado-base-izquierda","32":"first","33":"instock","34":"taxable","35":"shipping-taxable","36":"purchasable","37":"product-type-variable","38":"rtwpvs-product"},"acf":[],"jetpack_sharing_enabled":true,"_links":{"self":[{"href":"https:\/\/nisuba.com\/en\/wp-json\/wp\/v2\/product\/8106","targetHints":{"allow":["GET"]}}],"collection":[{"href":"https:\/\/nisuba.com\/en\/wp-json\/wp\/v2\/product"}],"about":[{"href":"https:\/\/nisuba.com\/en\/wp-json\/wp\/v2\/types\/product"}],"replies":[{"embeddable":true,"href":"https:\/\/nisuba.com\/en\/wp-json\/wp\/v2\/comments?post=8106"}],"wp:featuredmedia":[{"embeddable":true,"href":"https:\/\/nisuba.com\/en\/wp-json\/wp\/v2\/media\/36428"}],"wp:attachment":[{"href":"https:\/\/nisuba.com\/en\/wp-json\/wp\/v2\/media?parent=8106"}],"wp:term":[{"taxonomy":"product_brand","embeddable":true,"href":"https:\/\/nisuba.com\/en\/wp-json\/wp\/v2\/product_brand?post=8106"},{"taxonomy":"product_cat","embeddable":true,"href":"https:\/\/nisuba.com\/en\/wp-json\/wp\/v2\/product_cat?post=8106"},{"taxonomy":"product_tag","embeddable":true,"href":"https:\/\/nisuba.com\/en\/wp-json\/wp\/v2\/product_tag?post=8106"}],"curies":[{"name":"wp","href":"https:\/\/api.w.org\/{rel}","templated":true}]}}