{"id":8194,"date":"2020-04-20T14:25:53","date_gmt":"2020-04-20T13:25:53","guid":{"rendered":"https:\/\/nisuba.com\/?post_type=product&#038;p=8194"},"modified":"2026-02-11T19:28:00","modified_gmt":"2026-02-11T18:28:00","slug":"bases-de-asiento-volvo-740-940","status":"publish","type":"product","link":"https:\/\/nisuba.com\/en\/product\/bases-de-asiento-volvo-740-940\/","title":{"rendered":"Volvo 740-940 Seat bracket"},"content":{"rendered":"<p>Seat base for Volvo 740 and 940.<\/p>\n<p>Bases designed so that you can take your seat as low as possible, practically resting on the ground. In the case of this car model you also have the option of removing the reinforcement that is just under the seat to be able to lower the seat even further.<br \/>\nIt has several positions to regulate the height of the seat and the distance from the seat to the steering wheel and pedals.<br \/>\nPainted in black to protect from rust and offer a clean and beautiful finish.<\/p>\n<p>The complete kit includes:<\/p>\n<p>\u2013 Specific bases for Volvo 740-940.<br \/>\n\u2013 Baquet supports.<br \/>\n\u2013 Pack of screws with Nisuba washers.<\/p>\n<p><strong>Important information:<\/strong><\/p>\n<p><em>The recommended mounting position is by matching the 4 holes of the base that we anchor to the floor with the 4 holes of the supports that anchor the bucket. It is advisable to adjust the seat to modify the distance to the steering wheel with the screws that anchor the bucket.<\/em><\/p>\n<p><em>Product designed under FIA specifications according to Annex J.<\/em><\/p>\n<p><em>These bases accept baskets with a base width of up to 43cm.<\/em><\/p>\n<p>\u00a0<\/p>\n<p><a href=\"https:\/\/nisuba.com\/wp-content\/uploads\/2020\/09\/Volvo-hyperlow-ingles.pdf\"><span style=\"background-color: #00ffff\"><strong>ASSEMBLY INSTRUCTIONS<\/strong><\/span><\/a><\/p>","protected":false},"excerpt":{"rendered":"<p>Base de asiento para Volvo 740 y 940. Bases dise\u00f1adas para que puedas llevar tu asiento lo m\u00e1s bajo posible, pr\u00e1cticamente apoyado en el suelo. En el caso de este modelo de coche tambi\u00e9n tienes la opci\u00f3n de quitar el refuerzo que queda justo debajo del asiento para poder bajar todav\u00eda m\u00e1s el asiento. Dispone [&hellip;]<\/p>\n","protected":false},"featured_media":36724,"comment_status":"open","ping_status":"closed","template":"","meta":{"_acf_changed":false,"jetpack_post_was_ever_published":false,"_joinchat":[]},"product_brand":[],"product_cat":[212,165,963],"product_tag":[361,362,809,810,811,812,814,841,153,159,843,348,845,846,825,350,353,351,352,828,358,359,360,364,363],"class_list":{"0":"post-8194","1":"product","2":"type-product","3":"status-publish","4":"has-post-thumbnail","6":"product_cat-bases-de-asiento","7":"product_cat-todo","8":"product_cat-volvo-2","9":"product_tag-361","10":"product_tag-362","11":"product_tag-asiento-en","12":"product_tag-baquet-en","13":"product_tag-bases-en","14":"product_tag-bases-asiento-en","15":"product_tag-competicion-en","16":"product_tag-rails-en","17":"product_tag-s-chassis-seat-brackets","18":"product_tag-schassis","19":"product_tag-seat-brackets-en","20":"product_tag-seat-rail","21":"product_tag-seat-rails-en","22":"product_tag-seat-support-en","23":"product_tag-soporte-asiento-en","24":"product_tag-super-low","25":"product_tag-super-low-seat","26":"product_tag-superlow","27":"product_tag-superlow-seat","28":"product_tag-support-en","29":"product_tag-volvo","30":"product_tag-volvo-740","31":"product_tag-volvo-940","32":"product_tag-volvo-seat-brackets","33":"product_tag-volvo-seat-rails","34":"pa_lado-base-derecha","35":"pa_lado-base-izquierda","37":"first","38":"onbackorder","39":"taxable","40":"shipping-taxable","41":"purchasable","42":"product-type-simple"},"acf":[],"jetpack_sharing_enabled":true,"_links":{"self":[{"href":"https:\/\/nisuba.com\/en\/wp-json\/wp\/v2\/product\/8194","targetHints":{"allow":["GET"]}}],"collection":[{"href":"https:\/\/nisuba.com\/en\/wp-json\/wp\/v2\/product"}],"about":[{"href":"https:\/\/nisuba.com\/en\/wp-json\/wp\/v2\/types\/product"}],"replies":[{"embeddable":true,"href":"https:\/\/nisuba.com\/en\/wp-json\/wp\/v2\/comments?post=8194"}],"wp:featuredmedia":[{"embeddable":true,"href":"https:\/\/nisuba.com\/en\/wp-json\/wp\/v2\/media\/36724"}],"wp:attachment":[{"href":"https:\/\/nisuba.com\/en\/wp-json\/wp\/v2\/media?parent=8194"}],"wp:term":[{"taxonomy":"product_brand","embeddable":true,"href":"https:\/\/nisuba.com\/en\/wp-json\/wp\/v2\/product_brand?post=8194"},{"taxonomy":"product_cat","embeddable":true,"href":"https:\/\/nisuba.com\/en\/wp-json\/wp\/v2\/product_cat?post=8194"},{"taxonomy":"product_tag","embeddable":true,"href":"https:\/\/nisuba.com\/en\/wp-json\/wp\/v2\/product_tag?post=8194"}],"curies":[{"name":"wp","href":"https:\/\/api.w.org\/{rel}","templated":true}]}}