{"id":8342,"date":"2020-08-03T14:52:15","date_gmt":"2020-08-03T13:52:15","guid":{"rendered":"https:\/\/nisuba.com\/?post_type=product&#038;p=8342"},"modified":"2026-02-03T11:57:13","modified_gmt":"2026-02-03T10:57:13","slug":"bases-para-semi-baquet-nissan-skyline","status":"publish","type":"product","link":"https:\/\/nisuba.com\/en\/product\/bases-para-semi-baquet-nissan-skyline\/","title":{"rendered":"Bottom mount seat bracket for Nissan Skyline"},"content":{"rendered":"<p>Seat base for semi bucket for <strong>Nissan Skyline R32 (all models), R33 (all models), R34 (GTR only)<\/strong>.<\/p>\n<p>Bases designed to make the most of the available space to leave the seat as low as possible.<br \/>\nSparco sliding guides are included to regulate the distance from the seat to the steering wheel and pedals.<br \/>\nPainted in black to protect from rust and offer a clean and beautiful finish.<br \/>\nIt has an anchorage for the belt as standard.<\/p>\n<p>The complete kit includes:<\/p>\n<p>\u2013 Specific base for Nissan Skyline R32 (all models), R33 (all models), R34 (GTR only).<br \/>\n\u2013 Sliding guides.<br \/>\n\u2013 Hardware pack (including belt screw as standard).<\/p>\n<p>&nbsp;<\/p>\n<p><strong>Important information<\/strong><\/p>\n<p><em>It is possible that if you want to mount a Recaro seat you will have to make a new hole in the rail because the measurement does not match by a centimeter. (Don&#039;t worry, you can do it, it&#039;s totally safe)<\/em><\/p>\n<p>&nbsp;<\/p>\n<p><strong><span style=\"color: #282828; background-color: #00ffff;\"><a style=\"color: #282828; background-color: #00ffff;\" href=\"https:\/\/nisuba.com\/wp-content\/uploads\/2019\/10\/NISUBA-INSTRUCCIONES-DE-MONTAJE-SEMIBAQUET.pdf\" target=\"_blank\" rel=\"noopener noreferrer\">ASSEMBLY INSTRUCTIONS<\/a><\/span><\/strong><\/p>","protected":false},"excerpt":{"rendered":"<p>Base de asiento para semi baquet para Nissan Skyline R32 (todos los modelos), R33 (todos los modelos), R34 (s\u00f3lo GTR). Bases dise\u00f1adas aprovechando al m\u00e1ximo el espacio disponible para poder dejar el asiento lo m\u00e1s bajo posible. Se incluyen gu\u00edas correderas Sparco para regular la distancia del asiento al volante y los pedales. Pintado en [&hellip;]<\/p>\n","protected":false},"featured_media":35383,"comment_status":"open","ping_status":"closed","template":"","meta":{"_acf_changed":false,"jetpack_post_was_ever_published":false,"_joinchat":[]},"product_brand":[],"product_cat":[212,308,165],"product_tag":[809,810,811,812,814,855,856,768,858,859,817,861,862,843,846,847,270,850,825,828],"class_list":{"0":"post-8342","1":"product","2":"type-product","3":"status-publish","4":"has-post-thumbnail","6":"product_cat-bases-de-asiento","7":"product_cat-nissan","8":"product_cat-todo","9":"product_tag-asiento-en","10":"product_tag-baquet-en","11":"product_tag-bases-en","12":"product_tag-bases-asiento-en","13":"product_tag-competicion-en","14":"product_tag-gtr-nismo-en","15":"product_tag-gtr-r35-en","16":"product_tag-nissan-2","17":"product_tag-nissan-gtr-en","18":"product_tag-nissan-gtr-nismo-en","19":"product_tag-nissan-s-chassis-en","20":"product_tag-nissan-skyline-gtr-en","21":"product_tag-r34-en","22":"product_tag-seat-brackets-en","23":"product_tag-seat-support-en","24":"product_tag-seats-en","25":"product_tag-semi-baquet","26":"product_tag-soporte-en","27":"product_tag-soporte-asiento-en","28":"product_tag-support-en","29":"pa_lado-base-derecha","30":"pa_lado-base-izquierda","32":"first","33":"instock","34":"taxable","35":"shipping-taxable","36":"purchasable","37":"product-type-variable","38":"rtwpvs-product"},"acf":[],"jetpack_sharing_enabled":true,"_links":{"self":[{"href":"https:\/\/nisuba.com\/en\/wp-json\/wp\/v2\/product\/8342","targetHints":{"allow":["GET"]}}],"collection":[{"href":"https:\/\/nisuba.com\/en\/wp-json\/wp\/v2\/product"}],"about":[{"href":"https:\/\/nisuba.com\/en\/wp-json\/wp\/v2\/types\/product"}],"replies":[{"embeddable":true,"href":"https:\/\/nisuba.com\/en\/wp-json\/wp\/v2\/comments?post=8342"}],"wp:featuredmedia":[{"embeddable":true,"href":"https:\/\/nisuba.com\/en\/wp-json\/wp\/v2\/media\/35383"}],"wp:attachment":[{"href":"https:\/\/nisuba.com\/en\/wp-json\/wp\/v2\/media?parent=8342"}],"wp:term":[{"taxonomy":"product_brand","embeddable":true,"href":"https:\/\/nisuba.com\/en\/wp-json\/wp\/v2\/product_brand?post=8342"},{"taxonomy":"product_cat","embeddable":true,"href":"https:\/\/nisuba.com\/en\/wp-json\/wp\/v2\/product_cat?post=8342"},{"taxonomy":"product_tag","embeddable":true,"href":"https:\/\/nisuba.com\/en\/wp-json\/wp\/v2\/product_tag?post=8342"}],"curies":[{"name":"wp","href":"https:\/\/api.w.org\/{rel}","templated":true}]}}