{"id":8354,"date":"2020-08-10T12:57:34","date_gmt":"2020-08-10T11:57:34","guid":{"rendered":"https:\/\/nisuba.com\/?post_type=product&#038;p=8354"},"modified":"2026-03-19T09:33:05","modified_gmt":"2026-03-19T08:33:05","slug":"bases-de-asiento-hyperlow-xl-nissan-skyline","status":"publish","type":"product","link":"https:\/\/nisuba.com\/en\/product\/bases-de-asiento-hyperlow-xl-nissan-skyline\/","title":{"rendered":"Hyperlow XL Nissan Skyline seat bracket"},"content":{"rendered":"<p style=\"text-align: left;\">XL seat base for\u00a0<strong>Nissan Skyline R32 (all models), R33 (all models), R34 (GTR only)<\/strong><\/p>\n<p style=\"text-align: left;\">Seat bracket designed to take your seat as low as possible, practically resting on the ground.<br \/>\nIt has several positions to regulate the height of the seat and the distance from the seat to the steering wheel and pedals.<br \/>\nPainted in black to protect from rust and offer a clean and beautiful finish.<br \/>\nIt has an anchorage for the belt as standard.<\/p>\n<p>The complete kit includes:<\/p>\n<p>\u2013 Specific bases for <strong>Nissan Skyline R32 (all models), R33 (all models), R34 (GTR only)<\/strong>.<br \/>\n\u2013 Baquet supports.<br \/>\n\u2013 Hardware pack with Nisuba washers (including belt screw as standard).<\/p>\n<p>&nbsp;<\/p>\n<p><strong>Important information:<\/strong><\/p>\n<p><em>It must be taken into account that with a 43cm wide bucket it is displaced from the steering wheel by about 5mm, if it is less wide the offset will be less. If you install a seat that is 41cm wide or smaller, take a look at the normal hyperlow seat bracket, these are designed for rackets from 41cm to 43cm.<\/em><\/p>\n<p><em>The recommended mounting position is by matching the 4 holes of the base that we anchor to the floor with the 4 holes of the supports that anchor the bucket. It is advisable to adjust the seat to modify the distance to the steering wheel with the screws that anchor the bucket.<\/em><\/p>\n<p><em>Product designed under FIA specifications according to Annex J.<\/em><\/p>\n<p><em>These bases accept buckets with a width at the base up to <strong>43cm<\/strong>.<\/em><\/p>\n<p>&nbsp;<\/p>\n<p><span style=\"background-color: #00ffff; color: #000000;\"><a style=\"background-color: #00ffff; color: #000000;\" href=\"https:\/\/nisuba.com\/wp-content\/uploads\/2018\/12\/how-to-nissan-schassis-hyperlow-seat-brackets-spain.pdf\">ASSEMBLY INSTRUCTIONS<\/a><\/span><\/p>\n<p>&nbsp;<\/p>\n<p>Check out this video on our YouTube channel where we talk about how to choose a bucket for your Nissan!<\/p>\n<p>&nbsp;<\/p>\n<p><span class=\"embed-youtube\" style=\"text-align:center; display: block;\"><iframe class=\"youtube-player\" width=\"800\" height=\"450\" src=\"https:\/\/www.youtube.com\/embed\/nXqJdETKQ1M?version=3&#038;rel=1&#038;showsearch=0&#038;showinfo=1&#038;iv_load_policy=1&#038;fs=1&#038;hl=en-GB&#038;autohide=2&#038;start=28&#038;wmode=transparent\" allowfullscreen=\"true\" style=\"border:0;\" sandbox=\"allow-scripts allow-same-origin allow-popups allow-presentation allow-popups-to-escape-sandbox\"><\/iframe><\/span><\/p>\n<p>&nbsp;<\/p>","protected":false},"excerpt":{"rendered":"<p>Base de asiento XL para\u00a0Nissan Skyline R32 (todos los modelos), R33 (todos los modelos), R34 (s\u00f3lo GTR) Bases dise\u00f1adas para que puedas llevar tu asiento lo m\u00e1s bajo posible, pr\u00e1cticamente apoyado en el suelo. Dispone de varias posiciones para poder regular tanto la altura del asiento como la distancia del asiento al volante y pedales. [&hellip;]<\/p>\n","protected":false},"featured_media":35375,"comment_status":"open","ping_status":"closed","template":"","meta":{"_acf_changed":false,"jetpack_post_was_ever_published":false,"_joinchat":[]},"product_brand":[],"product_cat":[212,308,165],"product_tag":[809,810,811,812,814,855,856,768,858,859,861,862,843,846,825,828],"class_list":{"0":"post-8354","1":"product","2":"type-product","3":"status-publish","4":"has-post-thumbnail","6":"product_cat-bases-de-asiento","7":"product_cat-nissan","8":"product_cat-todo","9":"product_tag-asiento-en","10":"product_tag-baquet-en","11":"product_tag-bases-en","12":"product_tag-bases-asiento-en","13":"product_tag-competicion-en","14":"product_tag-gtr-nismo-en","15":"product_tag-gtr-r35-en","16":"product_tag-nissan-2","17":"product_tag-nissan-gtr-en","18":"product_tag-nissan-gtr-nismo-en","19":"product_tag-nissan-skyline-gtr-en","20":"product_tag-r34-en","21":"product_tag-seat-brackets-en","22":"product_tag-seat-support-en","23":"product_tag-soporte-asiento-en","24":"product_tag-support-en","25":"pa_lado-base-derecha","26":"pa_lado-base-izquierda","28":"first","29":"instock","30":"taxable","31":"shipping-taxable","32":"purchasable","33":"product-type-variable","34":"rtwpvs-product"},"acf":[],"jetpack_sharing_enabled":true,"_links":{"self":[{"href":"https:\/\/nisuba.com\/en\/wp-json\/wp\/v2\/product\/8354","targetHints":{"allow":["GET"]}}],"collection":[{"href":"https:\/\/nisuba.com\/en\/wp-json\/wp\/v2\/product"}],"about":[{"href":"https:\/\/nisuba.com\/en\/wp-json\/wp\/v2\/types\/product"}],"replies":[{"embeddable":true,"href":"https:\/\/nisuba.com\/en\/wp-json\/wp\/v2\/comments?post=8354"}],"wp:featuredmedia":[{"embeddable":true,"href":"https:\/\/nisuba.com\/en\/wp-json\/wp\/v2\/media\/35375"}],"wp:attachment":[{"href":"https:\/\/nisuba.com\/en\/wp-json\/wp\/v2\/media?parent=8354"}],"wp:term":[{"taxonomy":"product_brand","embeddable":true,"href":"https:\/\/nisuba.com\/en\/wp-json\/wp\/v2\/product_brand?post=8354"},{"taxonomy":"product_cat","embeddable":true,"href":"https:\/\/nisuba.com\/en\/wp-json\/wp\/v2\/product_cat?post=8354"},{"taxonomy":"product_tag","embeddable":true,"href":"https:\/\/nisuba.com\/en\/wp-json\/wp\/v2\/product_tag?post=8354"}],"curies":[{"name":"wp","href":"https:\/\/api.w.org\/{rel}","templated":true}]}}