{"id":8470,"date":"2020-09-12T09:49:27","date_gmt":"2020-09-12T08:49:27","guid":{"rendered":"https:\/\/nisuba.com\/?post_type=product&#038;p=8470"},"modified":"2026-04-14T10:29:01","modified_gmt":"2026-04-14T09:29:01","slug":"bases-de-asiento-hyperlow-nissan-350z","status":"publish","type":"product","link":"https:\/\/nisuba.com\/en\/product\/bases-de-asiento-hyperlow-nissan-350z\/","title":{"rendered":"Nissan 350z hyperlow seat bracket"},"content":{"rendered":"<p>Seat base for Nissan 350z.<\/p>\n<p>Seat bracket designed to take your seat as low as possible, practically resting on the ground.<br \/>\nIt has several positions to regulate the height of the seat and the distance from the seat to the steering wheel and pedals.<br \/>\nPainted in black to protect from rust and offer a clean and beautiful finish.<br \/>\nIt has an anchorage for the belt as standard.<\/p>\n<p>The complete kit includes:<\/p>\n<p>\u2013 Specific bases for Nissan 350z<br \/>\n\u2013 Baquet supports.<br \/>\n\u2013 Hardware pack with Nisuba washers (including belt screw as standard).<\/p>\n<p>&nbsp;<\/p>\n<p><strong>Important information:<\/strong><\/p>\n<p><em>The recommended mounting position is by matching the 8 holes of the base that we anchor to the floor with the 8 holes of the supports that anchor the bucket. It is advisable to adjust the seat to modify the distance to the steering wheel with the screws that anchor the bucket.<\/em><\/p>\n<p><em>Product designed under FIA specifications according to Annex J.<\/em><\/p>\n<p><em>These bases accept baskets with a base width of up to 41cm. Regardless of this measurement, we have been able to verify that thanks to the shape of the seat <strong>RECARO POLE POSITION<\/strong> It is possible to mount it with these seat bases, as you can see in the photos.<\/em><\/p>\n<p>&nbsp;<\/p>\n<p><a href=\"https:\/\/nisuba.com\/wp-content\/uploads\/2020\/09\/350z-hyperlow-ingles.pdf\"><span style=\"background-color: #00ffff;\"><strong>ASSEMBLY INSTRUCTIONS<\/strong><\/span><\/a><\/p>\n<p>&nbsp;<\/p>\n<p>&nbsp;<\/p>\n<p>Check out this video on our YouTube channel where we talk about how to choose a bucket for a Nissan s-chassis! It can help you choose a bucket for your Nissan 350z.<\/p>\n<p>&nbsp;<\/p>\n<p><span class=\"embed-youtube\" style=\"text-align:center; display: block;\"><iframe class=\"youtube-player\" width=\"800\" height=\"450\" src=\"https:\/\/www.youtube.com\/embed\/nXqJdETKQ1M?version=3&#038;rel=1&#038;showsearch=0&#038;showinfo=1&#038;iv_load_policy=1&#038;fs=1&#038;hl=en-GB&#038;autohide=2&#038;start=28&#038;wmode=transparent\" allowfullscreen=\"true\" style=\"border:0;\" sandbox=\"allow-scripts allow-same-origin allow-popups allow-presentation allow-popups-to-escape-sandbox\"><\/iframe><\/span><\/p>\n<p>&nbsp;<\/p>","protected":false},"excerpt":{"rendered":"<p>Base de asiento para Nissan 350z. Bases dise\u00f1adas para que puedas llevar tu asiento lo m\u00e1s bajo posible, pr\u00e1cticamente apoyado en el suelo. Dispone de varias posiciones para poder regular tanto la altura del asiento como la distancia del asiento al volante y pedales. Pintado en color negro para proteger del \u00f3xido y ofrecer un [&hellip;]<\/p>\n","protected":false},"featured_media":35562,"comment_status":"open","ping_status":"closed","template":"","meta":{"_acf_changed":false,"jetpack_post_was_ever_published":false,"_joinchat":[]},"product_brand":[],"product_cat":[212,308,165],"product_tag":[403,402,408,406,407,409,809,810,811,812,814,401,768,634,405,404,344,841,843,348,845,846,825,350,353,351,352,828],"class_list":{"0":"post-8470","1":"product","2":"type-product","3":"status-publish","4":"has-post-thumbnail","6":"product_cat-bases-de-asiento","7":"product_cat-nissan","8":"product_cat-todo","9":"product_tag-350-z","10":"product_tag-350z","11":"product_tag-350z-rails","12":"product_tag-350z-seat-brackets","13":"product_tag-350z-seat-rails","14":"product_tag-350z-seats","15":"product_tag-asiento-en","16":"product_tag-baquet-en","17":"product_tag-bases-en","18":"product_tag-bases-asiento-en","19":"product_tag-competicion-en","20":"product_tag-hyperlow","21":"product_tag-nissan-2","22":"product_tag-nissan-35-0z","23":"product_tag-nissan-350-z","24":"product_tag-nissan-350z","25":"product_tag-nissan-seat-rails","26":"product_tag-rails-en","27":"product_tag-seat-brackets-en","28":"product_tag-seat-rail","29":"product_tag-seat-rails-en","30":"product_tag-seat-support-en","31":"product_tag-soporte-asiento-en","32":"product_tag-super-low","33":"product_tag-super-low-seat","34":"product_tag-superlow","35":"product_tag-superlow-seat","36":"product_tag-support-en","37":"pa_lado-base-derecha","38":"pa_lado-base-izquierda","40":"first","41":"instock","42":"taxable","43":"shipping-taxable","44":"purchasable","45":"product-type-variable","46":"rtwpvs-product"},"acf":[],"jetpack_sharing_enabled":true,"_links":{"self":[{"href":"https:\/\/nisuba.com\/en\/wp-json\/wp\/v2\/product\/8470","targetHints":{"allow":["GET"]}}],"collection":[{"href":"https:\/\/nisuba.com\/en\/wp-json\/wp\/v2\/product"}],"about":[{"href":"https:\/\/nisuba.com\/en\/wp-json\/wp\/v2\/types\/product"}],"replies":[{"embeddable":true,"href":"https:\/\/nisuba.com\/en\/wp-json\/wp\/v2\/comments?post=8470"}],"wp:featuredmedia":[{"embeddable":true,"href":"https:\/\/nisuba.com\/en\/wp-json\/wp\/v2\/media\/35562"}],"wp:attachment":[{"href":"https:\/\/nisuba.com\/en\/wp-json\/wp\/v2\/media?parent=8470"}],"wp:term":[{"taxonomy":"product_brand","embeddable":true,"href":"https:\/\/nisuba.com\/en\/wp-json\/wp\/v2\/product_brand?post=8470"},{"taxonomy":"product_cat","embeddable":true,"href":"https:\/\/nisuba.com\/en\/wp-json\/wp\/v2\/product_cat?post=8470"},{"taxonomy":"product_tag","embeddable":true,"href":"https:\/\/nisuba.com\/en\/wp-json\/wp\/v2\/product_tag?post=8470"}],"curies":[{"name":"wp","href":"https:\/\/api.w.org\/{rel}","templated":true}]}}