{"id":9510,"date":"2021-05-20T22:53:26","date_gmt":"2021-05-20T21:53:26","guid":{"rendered":"https:\/\/nisuba.com\/?post_type=product&#038;p=9510"},"modified":"2026-02-03T12:10:31","modified_gmt":"2026-02-03T11:10:31","slug":"base-de-asiento-toyota-gt86","status":"publish","type":"product","link":"https:\/\/nisuba.com\/en\/product\/base-de-asiento-toyota-gt86\/","title":{"rendered":"Toyota GT86 seat bracket"},"content":{"rendered":"<div>Seat base for Toyota GT86.<\/div>\n<div><\/div>\n<div>High quality painted in satin black with powdercoat to protect from rust and offer a clean and beautiful finish.<\/div>\n<div>It has an anchorage for the belt as standard.<\/div>\n<div><\/div>\n<div>\n<div>The complete kit includes:<\/div>\n<div><\/div>\n<div>\n<p><strong>Option 'side mount':<\/strong><\/p>\n<ul>\n<li>Specific base for Toyota gt86.<\/li>\n<li>Sparco sliding<\/li>\n<li>Side supports<\/li>\n<li>Hardware pack (including support belt screw).<\/li>\n<\/ul>\n<p><strong>Option 'bottom mount':<\/strong><\/p>\n<ul>\n<li>Specific base for Toyota gt86.<\/li>\n<li>Sparco sliding<\/li>\n<li>Hardware pack (including support belt screw).<\/li>\n<\/ul>\n<p><strong>Base only' option:<\/strong><\/p>\n<ul>\n<li>Specific base for Toyota gt86.<\/li>\n<\/ul>\n<p><strong><em>Keep in mind that this seat bracket is designed to be mounted with a slider because it has few adjustment options.<\/em><\/strong><\/p>\n<\/div>\n<\/div>\n<div>Includes hole for anchoring the six-point harness.<\/div>\n<div><\/div>\n<div><\/div>\n<div><strong>Important information:<\/strong><\/div>\n<div><\/div>\n<div><em>The design of these seat brackets is studied to offer the lowest possible seating position with the greatest rigidity and minimum weight.<\/em><\/div>\n<div><\/div>\n<div><\/div>\n<div><a href=\"https:\/\/nisuba.com\/wp-content\/uploads\/2021\/05\/Toyota-gt86-correderas-ingles.pdf\"><span style=\"background-color: #00ffff;\"><strong>ASSEMBLY INSTRUCTIONS<\/strong><\/span><\/a><\/div>\n<p>&nbsp;<\/p>","protected":false},"excerpt":{"rendered":"<p>Base de asiento para Toyota GT86. Pintado de alta calidad en color negro satinado con pintura al polvo y al horno para proteger del \u00f3xido y ofrecer un acabado limpio y bonito. Dispone de anclaje para el cintur\u00f3n de serie. El kit completo de una base incluye: Opci\u00f3n \u2018para baquet fijo\u2019: Base espec\u00edfica para Toyota [&hellip;]<\/p>\n","protected":false},"featured_media":37596,"comment_status":"open","ping_status":"closed","template":"","meta":{"_acf_changed":false,"jetpack_post_was_ever_published":false,"_joinchat":[]},"product_brand":[],"product_cat":[212,165,313],"product_tag":[809,810,811,812,830,831,814,835,836,853,785,837,428,424,432,431,839,821,840,822,842,843,844,845,846,847,848,850,825,851,828,801,423,427,426,430,425,429],"class_list":{"0":"post-9510","1":"product","2":"type-product","3":"status-publish","4":"has-post-thumbnail","6":"product_cat-bases-de-asiento","7":"product_cat-todo","8":"product_cat-toyota","9":"product_tag-asiento-en","10":"product_tag-baquet-en","11":"product_tag-bases-en","12":"product_tag-bases-asiento-en","13":"product_tag-bottom-mount-en","14":"product_tag-cobra-seats-en","15":"product_tag-competicion-en","16":"product_tag-drift-en","17":"product_tag-drifting-en","18":"product_tag-driftshop-2","19":"product_tag-driftworks-en","20":"product_tag-good-quality-en","21":"product_tag-mk3-spyder","22":"product_tag-mr2","23":"product_tag-mr2-mk3","24":"product_tag-mr2-spyder","25":"product_tag-parts-en","26":"product_tag-race-en","27":"product_tag-race-parts-en","28":"product_tag-rally-en","29":"product_tag-recaro-en","30":"product_tag-seat-brackets-en","31":"product_tag-seat-bucket-en","32":"product_tag-seat-rails-en","33":"product_tag-seat-support-en","34":"product_tag-seats-en","35":"product_tag-side-mount-en","36":"product_tag-soporte-en","37":"product_tag-soporte-asiento-en","38":"product_tag-sparco-en","39":"product_tag-support-en","40":"product_tag-toyota-en","41":"product_tag-toyota-mr2","42":"product_tag-toyota-mr2-mk3","43":"product_tag-toyota-mr2-spider","44":"product_tag-toyota-mr2-spyder","45":"product_tag-toyota-spider","46":"product_tag-toyota-spyder","47":"pa_corredera-no","48":"pa_corredera-si","49":"pa_tipo-de-base-base-correderas","50":"pa_tipo-de-base-base-laterales","51":"pa_tipo-de-base-solo-base","53":"first","54":"instock","55":"taxable","56":"shipping-taxable","57":"purchasable","58":"product-type-variable","59":"rtwpvs-product"},"acf":[],"jetpack_sharing_enabled":true,"_links":{"self":[{"href":"https:\/\/nisuba.com\/en\/wp-json\/wp\/v2\/product\/9510","targetHints":{"allow":["GET"]}}],"collection":[{"href":"https:\/\/nisuba.com\/en\/wp-json\/wp\/v2\/product"}],"about":[{"href":"https:\/\/nisuba.com\/en\/wp-json\/wp\/v2\/types\/product"}],"replies":[{"embeddable":true,"href":"https:\/\/nisuba.com\/en\/wp-json\/wp\/v2\/comments?post=9510"}],"wp:featuredmedia":[{"embeddable":true,"href":"https:\/\/nisuba.com\/en\/wp-json\/wp\/v2\/media\/37596"}],"wp:attachment":[{"href":"https:\/\/nisuba.com\/en\/wp-json\/wp\/v2\/media?parent=9510"}],"wp:term":[{"taxonomy":"product_brand","embeddable":true,"href":"https:\/\/nisuba.com\/en\/wp-json\/wp\/v2\/product_brand?post=9510"},{"taxonomy":"product_cat","embeddable":true,"href":"https:\/\/nisuba.com\/en\/wp-json\/wp\/v2\/product_cat?post=9510"},{"taxonomy":"product_tag","embeddable":true,"href":"https:\/\/nisuba.com\/en\/wp-json\/wp\/v2\/product_tag?post=9510"}],"curies":[{"name":"wp","href":"https:\/\/api.w.org\/{rel}","templated":true}]}}